{"id":3457,"date":"2022-07-29T11:08:27","date_gmt":"2022-07-29T15:08:27","guid":{"rendered":"http:\/\/acontrecourant.qc.ca\/?page_id=3457"},"modified":"2026-02-12T14:45:24","modified_gmt":"2026-02-12T19:45:24","slug":"swim-camp-martinique-2023","status":"publish","type":"page","link":"https:\/\/acontrecourant.qc.ca\/en\/events\/swim-camp-martinique-2023\/","title":{"rendered":"IGLA 2027 &#8211; MONTREAL"},"content":{"rendered":"<h3 data-start=\"0\" data-end=\"289\"><strong>Montreal<\/strong> will have the pleasure of hosting <strong>IGLA 2027<\/strong> (International Gay &amp; Lesbian Aquatics Championship), scheduled to take place <strong>from July 30 to August 5, 2027<\/strong>. This major event brings together LGBT+ aquatic athletes in swimming, diving, water polo, and artistic swimming.<\/h3>\n<p data-start=\"291\" data-end=\"312\" data-is-last-node=\"\" data-is-only-node=\"\">\n<p data-start=\"291\" data-end=\"312\" data-is-last-node=\"\" data-is-only-node=\"\"><em>More details to come.<\/em><\/p>\n","protected":false},"excerpt":{"rendered":"<p>Montreal will have the pleasure of hosting IGLA 2027 (International Gay &amp; Lesbian Aquatics Championship), scheduled to take place from July 30 to August 5, 2027. This major event brings together LGBT+ aquatic athletes in swimming, diving, water polo, and artistic swimming. More details to come.<\/p>\n","protected":false},"author":14,"featured_media":0,"parent":191,"menu_order":0,"comment_status":"closed","ping_status":"closed","template":"page-full-width.php","meta":{"_acf_changed":false,"footnotes":""},"class_list":["post-3457","page","type-page","status-publish","hentry"],"acf":[],"yoast_head":"<!-- This site is optimized with the Yoast SEO plugin v26.3 - https:\/\/yoast.com\/wordpress\/plugins\/seo\/ -->\n<title>IGLA 2027 - MONTREAL - \u00c0 Contre Courant<\/title>\n<meta name=\"robots\" content=\"index, follow, max-snippet:-1, max-image-preview:large, max-video-preview:-1\" \/>\n<link rel=\"canonical\" href=\"https:\/\/acontrecourant.qc.ca\/en\/events\/swim-camp-martinique-2023\/\" \/>\n<meta name=\"twitter:label1\" content=\"Est. reading time\" \/>\n\t<meta name=\"twitter:data1\" content=\"1 minute\" \/>\n<script type=\"application\/ld+json\" class=\"yoast-schema-graph\">{\"@context\":\"https:\/\/schema.org\",\"@graph\":[{\"@type\":\"WebPage\",\"@id\":\"https:\/\/acontrecourant.qc.ca\/en\/events\/swim-camp-martinique-2023\/\",\"url\":\"https:\/\/acontrecourant.qc.ca\/en\/events\/swim-camp-martinique-2023\/\",\"name\":\"IGLA 2027 - MONTREAL - \u00c0 Contre Courant\",\"isPartOf\":{\"@id\":\"https:\/\/acontrecourant.qc.ca\/en\/#website\"},\"datePublished\":\"2022-07-29T15:08:27+00:00\",\"dateModified\":\"2026-02-12T19:45:24+00:00\",\"breadcrumb\":{\"@id\":\"https:\/\/acontrecourant.qc.ca\/en\/events\/swim-camp-martinique-2023\/#breadcrumb\"},\"inLanguage\":\"en-CA\",\"potentialAction\":[{\"@type\":\"ReadAction\",\"target\":[\"https:\/\/acontrecourant.qc.ca\/en\/events\/swim-camp-martinique-2023\/\"]}]},{\"@type\":\"BreadcrumbList\",\"@id\":\"https:\/\/acontrecourant.qc.ca\/en\/events\/swim-camp-martinique-2023\/#breadcrumb\",\"itemListElement\":[{\"@type\":\"ListItem\",\"position\":1,\"name\":\"Events\",\"item\":\"https:\/\/acontrecourant.qc.ca\/en\/events\/\"},{\"@type\":\"ListItem\",\"position\":2,\"name\":\"IGLA 2027 &#8211; MONTREAL\"}]},{\"@type\":\"WebSite\",\"@id\":\"https:\/\/acontrecourant.qc.ca\/en\/#website\",\"url\":\"https:\/\/acontrecourant.qc.ca\/en\/\",\"name\":\"\u00c0 Contre Courant\",\"description\":\"Bienvenue \u00e0 Montr\u00e9al\",\"potentialAction\":[{\"@type\":\"SearchAction\",\"target\":{\"@type\":\"EntryPoint\",\"urlTemplate\":\"https:\/\/acontrecourant.qc.ca\/en\/?s={search_term_string}\"},\"query-input\":{\"@type\":\"PropertyValueSpecification\",\"valueRequired\":true,\"valueName\":\"search_term_string\"}}],\"inLanguage\":\"en-CA\"}]}<\/script>\n<!-- \/ Yoast SEO plugin. -->","yoast_head_json":{"title":"IGLA 2027 - MONTREAL - \u00c0 Contre Courant","robots":{"index":"index","follow":"follow","max-snippet":"max-snippet:-1","max-image-preview":"max-image-preview:large","max-video-preview":"max-video-preview:-1"},"canonical":"https:\/\/acontrecourant.qc.ca\/en\/events\/swim-camp-martinique-2023\/","twitter_misc":{"Est. reading time":"1 minute"},"schema":{"@context":"https:\/\/schema.org","@graph":[{"@type":"WebPage","@id":"https:\/\/acontrecourant.qc.ca\/en\/events\/swim-camp-martinique-2023\/","url":"https:\/\/acontrecourant.qc.ca\/en\/events\/swim-camp-martinique-2023\/","name":"IGLA 2027 - MONTREAL - \u00c0 Contre Courant","isPartOf":{"@id":"https:\/\/acontrecourant.qc.ca\/en\/#website"},"datePublished":"2022-07-29T15:08:27+00:00","dateModified":"2026-02-12T19:45:24+00:00","breadcrumb":{"@id":"https:\/\/acontrecourant.qc.ca\/en\/events\/swim-camp-martinique-2023\/#breadcrumb"},"inLanguage":"en-CA","potentialAction":[{"@type":"ReadAction","target":["https:\/\/acontrecourant.qc.ca\/en\/events\/swim-camp-martinique-2023\/"]}]},{"@type":"BreadcrumbList","@id":"https:\/\/acontrecourant.qc.ca\/en\/events\/swim-camp-martinique-2023\/#breadcrumb","itemListElement":[{"@type":"ListItem","position":1,"name":"Events","item":"https:\/\/acontrecourant.qc.ca\/en\/events\/"},{"@type":"ListItem","position":2,"name":"IGLA 2027 &#8211; MONTREAL"}]},{"@type":"WebSite","@id":"https:\/\/acontrecourant.qc.ca\/en\/#website","url":"https:\/\/acontrecourant.qc.ca\/en\/","name":"\u00c0 Contre Courant","description":"Bienvenue \u00e0 Montr\u00e9al","potentialAction":[{"@type":"SearchAction","target":{"@type":"EntryPoint","urlTemplate":"https:\/\/acontrecourant.qc.ca\/en\/?s={search_term_string}"},"query-input":{"@type":"PropertyValueSpecification","valueRequired":true,"valueName":"search_term_string"}}],"inLanguage":"en-CA"}]}},"_links":{"self":[{"href":"https:\/\/acontrecourant.qc.ca\/en\/wp-json\/wp\/v2\/pages\/3457\/"}],"collection":[{"href":"https:\/\/acontrecourant.qc.ca\/en\/wp-json\/wp\/v2\/pages\/"}],"about":[{"href":"https:\/\/acontrecourant.qc.ca\/en\/wp-json\/wp\/v2\/types\/page\/"}],"author":[{"embeddable":true,"href":"https:\/\/acontrecourant.qc.ca\/en\/wp-json\/wp\/v2\/users\/14\/"}],"replies":[{"embeddable":true,"href":"https:\/\/acontrecourant.qc.ca\/en\/wp-json\/wp\/v2\/comments\/?post=3457"}],"version-history":[{"count":22,"href":"https:\/\/acontrecourant.qc.ca\/en\/wp-json\/wp\/v2\/pages\/3457\/revisions\/"}],"predecessor-version":[{"id":4876,"href":"https:\/\/acontrecourant.qc.ca\/en\/wp-json\/wp\/v2\/pages\/3457\/revisions\/4876\/"}],"up":[{"embeddable":true,"href":"https:\/\/acontrecourant.qc.ca\/en\/wp-json\/wp\/v2\/pages\/191\/"}],"wp:attachment":[{"href":"https:\/\/acontrecourant.qc.ca\/en\/wp-json\/wp\/v2\/media\/?parent=3457"}],"curies":[{"name":"wp","href":"https:\/\/api.w.org\/{rel}","templated":true}]}}