{"id":3365,"date":"2021-11-05T17:35:45","date_gmt":"2021-11-05T21:35:45","guid":{"rendered":"http:\/\/acontrecourant.qc.ca\/events\/coupe\/liste-des-equipes\/"},"modified":"2022-11-09T22:42:10","modified_gmt":"2022-11-10T03:42:10","slug":"club-list","status":"publish","type":"page","link":"https:\/\/acontrecourant.qc.ca\/en\/events\/coupe\/2022-28\/club-list\/","title":{"rendered":"Club List"},"content":{"rendered":"<table class=\"coupe-swimmer-table\">\n<thead>\n<tr>\n<th style=\"text-align: left;\">Team<\/th>\n<th style=\"text-align: left;\">Code<\/th>\n<th style=\"text-align: left;\">Country<\/th>\n<th style=\"text-align: left;\">Men<\/th>\n<th style=\"text-align: left;\">Women<\/th>\n<th style=\"text-align: left;\">Total<\/th>\n<\/tr>\n<\/thead>\n<tbody>\n<tr>\n<td>Burlington Masters Swim Club<\/td>\n<td>BURL<\/td>\n<td>CAN<\/td>\n<td>1<\/td>\n<td><\/td>\n<td>1<\/td>\n<\/tr>\n<tr>\n<td>C.N. Dollard-des-Ormeaux<\/td>\n<td>DDO<\/td>\n<td>CAN<\/td>\n<td>18<\/td>\n<td>12<\/td>\n<td>30<\/td>\n<\/tr>\n<tr>\n<td>Carleton University Masters<\/td>\n<td>CARMA<\/td>\n<td>CAN<\/td>\n<td><\/td>\n<td>1<\/td>\n<td>1<\/td>\n<\/tr>\n<tr>\n<td>Cit\u00e9-des-Jeunes<\/td>\n<td>CITA<\/td>\n<td>CAN<\/td>\n<td>1<\/td>\n<td>2<\/td>\n<td>3<\/td>\n<\/tr>\n<tr>\n<td>Club Aquatique Ch\u00e2teauguay Ma\u00ee<\/td>\n<td>CACM<\/td>\n<td>CAN<\/td>\n<td>1<\/td>\n<td>2<\/td>\n<td>3<\/td>\n<\/tr>\n<tr>\n<td>Club Aquatique du Sud-Ouest<\/td>\n<td>CASO<\/td>\n<td>CAN<\/td>\n<td>2<\/td>\n<td>2<\/td>\n<td>4<\/td>\n<\/tr>\n<tr>\n<td>Club Aquatique Les Piranhas Du Nord<\/td>\n<td>CAPN<\/td>\n<td>CAN<\/td>\n<td>6<\/td>\n<td>3<\/td>\n<td>9<\/td>\n<\/tr>\n<tr>\n<td>Club aquatique Montr\u00e9al<\/td>\n<td>CAMO<\/td>\n<td>CAN<\/td>\n<td>21<\/td>\n<td>20<\/td>\n<td>41<\/td>\n<\/tr>\n<tr>\n<td>Club aquatique r\u00e9gional de l&#8217;\u00e9rable<\/td>\n<td>CARE<\/td>\n<td>CAN<\/td>\n<td>1<\/td>\n<td><\/td>\n<td>1<\/td>\n<\/tr>\n<tr>\n<td>Club Aquatique Rosemont Petite-Patrie<\/td>\n<td>R2P<\/td>\n<td>CAN<\/td>\n<td>5<\/td>\n<td>10<\/td>\n<td>15<\/td>\n<\/tr>\n<tr>\n<td>Club Aquatique St-Eustache<\/td>\n<td>CASE<\/td>\n<td>CAN<\/td>\n<td><\/td>\n<td>1<\/td>\n<td>1<\/td>\n<\/tr>\n<tr>\n<td>Club de natation de Montr\u00e9al-Nord<\/td>\n<td>CNMN<\/td>\n<td>CAN<\/td>\n<td>4<\/td>\n<td>9<\/td>\n<td>13<\/td>\n<\/tr>\n<tr>\n<td>Club de Natation des Riverains<\/td>\n<td>RL<\/td>\n<td>CAN<\/td>\n<td>6<\/td>\n<td>10<\/td>\n<td>16<\/td>\n<\/tr>\n<tr>\n<td>Club de natation M\u00e9gophias<\/td>\n<td>MEGO<\/td>\n<td>CAN<\/td>\n<td>3<\/td>\n<td>5<\/td>\n<td>8<\/td>\n<\/tr>\n<tr>\n<td>Club de Natation Mont-Tremblant<\/td>\n<td>CNMT<\/td>\n<td>CAN<\/td>\n<td>3<\/td>\n<td>1<\/td>\n<td>4<\/td>\n<\/tr>\n<tr>\n<td>Club de natation r\u00e9gion de Qu\u00e9bec<\/td>\n<td>CNQ<\/td>\n<td>CAN<\/td>\n<td><\/td>\n<td>2<\/td>\n<td>2<\/td>\n<\/tr>\n<tr>\n<td>Club de Natation Samak<\/td>\n<td>SAMAK<\/td>\n<td>CAN<\/td>\n<td>1<\/td>\n<td>1<\/td>\n<td>2<\/td>\n<\/tr>\n<tr>\n<td>Club de natation St-Hyacinthe<\/td>\n<td>CNSH<\/td>\n<td>CAN<\/td>\n<td><\/td>\n<td>1<\/td>\n<td>1<\/td>\n<\/tr>\n<tr>\n<td>Club des ma\u00eetres-nageurs de Qu\u00e9bec<\/td>\n<td>CMNQ<\/td>\n<td>CAN<\/td>\n<td>1<\/td>\n<td>2<\/td>\n<td>3<\/td>\n<\/tr>\n<tr>\n<td>Club des Ma\u00eetres-Nageurs de St-Laurent<\/td>\n<td>STL<\/td>\n<td>CAN<\/td>\n<td>9<\/td>\n<td>4<\/td>\n<td>13<\/td>\n<\/tr>\n<tr>\n<td>Club Natation Haut-Richelieu<\/td>\n<td>CNHR<\/td>\n<td>CAN<\/td>\n<td>1<\/td>\n<td>7<\/td>\n<td>8<\/td>\n<\/tr>\n<tr>\n<td>Club natation Laval<\/td>\n<td>LAVAL<\/td>\n<td>CAN<\/td>\n<td>1<\/td>\n<td><\/td>\n<td>1<\/td>\n<\/tr>\n<tr>\n<td>Club Natation Mustang Boucherville<\/td>\n<td>MUST<\/td>\n<td>CAN<\/td>\n<td>3<\/td>\n<td>3<\/td>\n<td>6<\/td>\n<\/tr>\n<tr>\n<td>Cote Saint-Luc Aquatics<\/td>\n<td>CSLA<\/td>\n<td>CAN<\/td>\n<td>1<\/td>\n<td>1<\/td>\n<td>2<\/td>\n<\/tr>\n<tr>\n<td>Downtown Swim Club Toronto<\/td>\n<td>DTSC<\/td>\n<td>CAN<\/td>\n<td>19<\/td>\n<td><\/td>\n<td>19<\/td>\n<\/tr>\n<tr>\n<td>Groupe aquatique Milles-\u00celes Nord<\/td>\n<td>GAMIN<\/td>\n<td>CAN<\/td>\n<td>6<\/td>\n<td>1<\/td>\n<td>7<\/td>\n<\/tr>\n<tr>\n<td>Joliette Equipe Triathlon<\/td>\n<td>JET<\/td>\n<td>CAN<\/td>\n<td>1<\/td>\n<td>2<\/td>\n<td>3<\/td>\n<\/tr>\n<tr>\n<td>La vague de Brossard<\/td>\n<td>BRO<\/td>\n<td>CAN<\/td>\n<td>4<\/td>\n<td>3<\/td>\n<td>7<\/td>\n<\/tr>\n<tr>\n<td>Les Dauphins de Rimouski<\/td>\n<td>RIKI<\/td>\n<td>CAN<\/td>\n<td>1<\/td>\n<td>2<\/td>\n<td>3<\/td>\n<\/tr>\n<tr>\n<td>Liquid Assets<\/td>\n<td>LANES<\/td>\n<td>USA<\/td>\n<td>2<\/td>\n<td><\/td>\n<td>2<\/td>\n<\/tr>\n<tr>\n<td>Maitres \u00c0 Contre Courant<\/td>\n<td>MACC<\/td>\n<td>CAN<\/td>\n<td>30<\/td>\n<td>6<\/td>\n<td>36<\/td>\n<\/tr>\n<tr>\n<td>McGill Masters<\/td>\n<td>MUMS<\/td>\n<td>CAN<\/td>\n<td>8<\/td>\n<td>10<\/td>\n<td>18<\/td>\n<\/tr>\n<tr>\n<td>Natation Sainte-Foy Haute Saint-Charles<\/td>\n<td>NSH<\/td>\n<td>CAN<\/td>\n<td>1<\/td>\n<td>1<\/td>\n<td>2<\/td>\n<\/tr>\n<tr>\n<td>OPTI+ de Sainte- Anne- Des- Monts<\/td>\n<td>OP<\/td>\n<td>CAN<\/td>\n<td>1<\/td>\n<td><\/td>\n<td>1<\/td>\n<\/tr>\n<tr>\n<td>Ottawa Rideau Speedeaus<\/td>\n<td>RID<\/td>\n<td>CAN<\/td>\n<td>6<\/td>\n<td><\/td>\n<td>6<\/td>\n<\/tr>\n<tr>\n<td>Pointe-Claire Masters<\/td>\n<td>MPC<\/td>\n<td>CAN<\/td>\n<td>6<\/td>\n<td>9<\/td>\n<td>15<\/td>\n<\/tr>\n<tr>\n<td>Queer Utah Aquatic Club<\/td>\n<td>QUAC<\/td>\n<td>USA<\/td>\n<td><\/td>\n<td>1<\/td>\n<td>1<\/td>\n<\/tr>\n<tr>\n<td>Sorel Tracy Natation<\/td>\n<td>STN<\/td>\n<td>CAN<\/td>\n<td><\/td>\n<td>1<\/td>\n<td>1<\/td>\n<\/tr>\n<tr>\n<td>Unattached Ma\u00eetres-nageurs Qu\u00e9bec<\/td>\n<td>UNMQC<\/td>\n<td>CAN<\/td>\n<td>4<\/td>\n<td>1<\/td>\n<td>5<\/td>\n<\/tr>\n<tr>\n<td>Velox Natation<\/td>\n<td>VELOX<\/td>\n<td>CAN<\/td>\n<td><\/td>\n<td>4<\/td>\n<td>4<\/td>\n<\/tr>\n<tr>\n<td>Westmount YMCA Maitres-Nageurs<\/td>\n<td>WYMN<\/td>\n<td>CAN<\/td>\n<td>4<\/td>\n<td>6<\/td>\n<td>10<\/td>\n<\/tr>\n<tr>\n<td>Total: 41 \u00e9quipes<\/td>\n<td><\/td>\n<td><\/td>\n<td>182<\/td>\n<td>146<\/td>\n<td>328<\/td>\n<\/tr>\n<\/tbody>\n<\/table>\n","protected":false},"excerpt":{"rendered":"<p>Team Code Country Men Women Total Burlington Masters Swim Club BURL CAN 1 1 C.N. Dollard-des-Ormeaux DDO CAN 18 12 30 Carleton University Masters CARMA CAN 1 1 Cit\u00e9-des-Jeunes CITA CAN 1 2 3 Club Aquatique Ch\u00e2teauguay Ma\u00ee CACM CAN 1 2 3 Club Aquatique du Sud-Ouest CASO CAN 2 2 4 Club Aquatique Les [&hellip;]<\/p>\n","protected":false},"author":9,"featured_media":0,"parent":3750,"menu_order":0,"comment_status":"open","ping_status":"closed","template":"","meta":{"_acf_changed":false,"footnotes":""},"class_list":["post-3365","page","type-page","status-publish","hentry"],"acf":[],"yoast_head":"<!-- This site is optimized with the Yoast SEO plugin v26.3 - https:\/\/yoast.com\/wordpress\/plugins\/seo\/ -->\n<title>Club List - \u00c0 Contre Courant<\/title>\n<meta name=\"robots\" content=\"index, follow, max-snippet:-1, max-image-preview:large, max-video-preview:-1\" \/>\n<link rel=\"canonical\" href=\"https:\/\/acontrecourant.qc.ca\/en\/events\/coupe\/2022-28\/club-list\/\" \/>\n<meta name=\"twitter:label1\" content=\"Est. reading time\" \/>\n\t<meta name=\"twitter:data1\" content=\"2 minutes\" \/>\n<script type=\"application\/ld+json\" class=\"yoast-schema-graph\">{\"@context\":\"https:\/\/schema.org\",\"@graph\":[{\"@type\":\"WebPage\",\"@id\":\"https:\/\/acontrecourant.qc.ca\/en\/events\/coupe\/2022-28\/club-list\/\",\"url\":\"https:\/\/acontrecourant.qc.ca\/en\/events\/coupe\/2022-28\/club-list\/\",\"name\":\"Club List - \u00c0 Contre Courant\",\"isPartOf\":{\"@id\":\"https:\/\/acontrecourant.qc.ca\/en\/#website\"},\"datePublished\":\"2021-11-05T21:35:45+00:00\",\"dateModified\":\"2022-11-10T03:42:10+00:00\",\"breadcrumb\":{\"@id\":\"https:\/\/acontrecourant.qc.ca\/en\/events\/coupe\/2022-28\/club-list\/#breadcrumb\"},\"inLanguage\":\"en-CA\",\"potentialAction\":[{\"@type\":\"ReadAction\",\"target\":[\"https:\/\/acontrecourant.qc.ca\/en\/events\/coupe\/2022-28\/club-list\/\"]}]},{\"@type\":\"BreadcrumbList\",\"@id\":\"https:\/\/acontrecourant.qc.ca\/en\/events\/coupe\/2022-28\/club-list\/#breadcrumb\",\"itemListElement\":[{\"@type\":\"ListItem\",\"position\":1,\"name\":\"Events\",\"item\":\"https:\/\/acontrecourant.qc.ca\/en\/events\/\"},{\"@type\":\"ListItem\",\"position\":2,\"name\":\"Coupe de Montr\u00e9al\",\"item\":\"https:\/\/acontrecourant.qc.ca\/en\/events\/coupe\/\"},{\"@type\":\"ListItem\",\"position\":3,\"name\":\"28th edition of Coupe De Montreal\",\"item\":\"https:\/\/acontrecourant.qc.ca\/en\/events\/coupe\/2022-28\/\"},{\"@type\":\"ListItem\",\"position\":4,\"name\":\"Club List\"}]},{\"@type\":\"WebSite\",\"@id\":\"https:\/\/acontrecourant.qc.ca\/en\/#website\",\"url\":\"https:\/\/acontrecourant.qc.ca\/en\/\",\"name\":\"\u00c0 Contre Courant\",\"description\":\"Bienvenue \u00e0 Montr\u00e9al\",\"potentialAction\":[{\"@type\":\"SearchAction\",\"target\":{\"@type\":\"EntryPoint\",\"urlTemplate\":\"https:\/\/acontrecourant.qc.ca\/en\/?s={search_term_string}\"},\"query-input\":{\"@type\":\"PropertyValueSpecification\",\"valueRequired\":true,\"valueName\":\"search_term_string\"}}],\"inLanguage\":\"en-CA\"}]}<\/script>\n<!-- \/ Yoast SEO plugin. -->","yoast_head_json":{"title":"Club List - \u00c0 Contre Courant","robots":{"index":"index","follow":"follow","max-snippet":"max-snippet:-1","max-image-preview":"max-image-preview:large","max-video-preview":"max-video-preview:-1"},"canonical":"https:\/\/acontrecourant.qc.ca\/en\/events\/coupe\/2022-28\/club-list\/","twitter_misc":{"Est. reading time":"2 minutes"},"schema":{"@context":"https:\/\/schema.org","@graph":[{"@type":"WebPage","@id":"https:\/\/acontrecourant.qc.ca\/en\/events\/coupe\/2022-28\/club-list\/","url":"https:\/\/acontrecourant.qc.ca\/en\/events\/coupe\/2022-28\/club-list\/","name":"Club List - \u00c0 Contre Courant","isPartOf":{"@id":"https:\/\/acontrecourant.qc.ca\/en\/#website"},"datePublished":"2021-11-05T21:35:45+00:00","dateModified":"2022-11-10T03:42:10+00:00","breadcrumb":{"@id":"https:\/\/acontrecourant.qc.ca\/en\/events\/coupe\/2022-28\/club-list\/#breadcrumb"},"inLanguage":"en-CA","potentialAction":[{"@type":"ReadAction","target":["https:\/\/acontrecourant.qc.ca\/en\/events\/coupe\/2022-28\/club-list\/"]}]},{"@type":"BreadcrumbList","@id":"https:\/\/acontrecourant.qc.ca\/en\/events\/coupe\/2022-28\/club-list\/#breadcrumb","itemListElement":[{"@type":"ListItem","position":1,"name":"Events","item":"https:\/\/acontrecourant.qc.ca\/en\/events\/"},{"@type":"ListItem","position":2,"name":"Coupe de Montr\u00e9al","item":"https:\/\/acontrecourant.qc.ca\/en\/events\/coupe\/"},{"@type":"ListItem","position":3,"name":"28th edition of Coupe De Montreal","item":"https:\/\/acontrecourant.qc.ca\/en\/events\/coupe\/2022-28\/"},{"@type":"ListItem","position":4,"name":"Club List"}]},{"@type":"WebSite","@id":"https:\/\/acontrecourant.qc.ca\/en\/#website","url":"https:\/\/acontrecourant.qc.ca\/en\/","name":"\u00c0 Contre Courant","description":"Bienvenue \u00e0 Montr\u00e9al","potentialAction":[{"@type":"SearchAction","target":{"@type":"EntryPoint","urlTemplate":"https:\/\/acontrecourant.qc.ca\/en\/?s={search_term_string}"},"query-input":{"@type":"PropertyValueSpecification","valueRequired":true,"valueName":"search_term_string"}}],"inLanguage":"en-CA"}]}},"_links":{"self":[{"href":"https:\/\/acontrecourant.qc.ca\/en\/wp-json\/wp\/v2\/pages\/3365\/"}],"collection":[{"href":"https:\/\/acontrecourant.qc.ca\/en\/wp-json\/wp\/v2\/pages\/"}],"about":[{"href":"https:\/\/acontrecourant.qc.ca\/en\/wp-json\/wp\/v2\/types\/page\/"}],"author":[{"embeddable":true,"href":"https:\/\/acontrecourant.qc.ca\/en\/wp-json\/wp\/v2\/users\/9\/"}],"replies":[{"embeddable":true,"href":"https:\/\/acontrecourant.qc.ca\/en\/wp-json\/wp\/v2\/comments\/?post=3365"}],"version-history":[{"count":10,"href":"https:\/\/acontrecourant.qc.ca\/en\/wp-json\/wp\/v2\/pages\/3365\/revisions\/"}],"predecessor-version":[{"id":3925,"href":"https:\/\/acontrecourant.qc.ca\/en\/wp-json\/wp\/v2\/pages\/3365\/revisions\/3925\/"}],"up":[{"embeddable":true,"href":"https:\/\/acontrecourant.qc.ca\/en\/wp-json\/wp\/v2\/pages\/3750\/"}],"wp:attachment":[{"href":"https:\/\/acontrecourant.qc.ca\/en\/wp-json\/wp\/v2\/media\/?parent=3365"}],"curies":[{"name":"wp","href":"https:\/\/api.w.org\/{rel}","templated":true}]}}