{"id":3215,"date":"2021-11-01T15:57:22","date_gmt":"2021-11-01T19:57:22","guid":{"rendered":"http:\/\/acontrecourant.qc.ca\/?page_id=3215"},"modified":"2021-11-01T16:10:42","modified_gmt":"2021-11-01T20:10:42","slug":"coupe-covid-19-rules","status":"publish","type":"page","link":"https:\/\/acontrecourant.qc.ca\/en\/events\/coupe-covid-19-rules\/","title":{"rendered":"COVID-19 Rules"},"content":{"rendered":"<p>*Any individual on the Meet premises recognizes in full being free of any COVID-19 symptoms (cough, shortness of breath, chest pain, difficult breathing, fever, chills, repeated shaking with chills, abnormal muscle pain, headache, sore throat, painful swallowing, runny nose, new loss of taste or smell, gastrointestinal illness), having not been in contact with or cared for someone with COVID-19, having not returned from a trip outside the country within the last 2 weeks and is not awaiting any COVID-19 test results.<\/p>\n<p>The Risk Management coordinator is empowered to remove anyone from the premises if the sanitary rules are not being followed. In such a case, the F\u00e9d\u00e9ration de Natation du Qu\u00e9bec will be mandatorily notified. If that person happens to be a swimmer, his or her team will have the responsibility to monitor that person outside of the premises of the pool area. If that person happens to be a coach, and that he or she is the only team\u2019s representative, all swimmers of that team will be asked to leave.<\/p>\n<h2>Risk management owners<\/h2>\n<p>\u2022 The director of sports events, Jo\u00eblle Desli\u00e8res, from  Complexe Sportif Claude-Robillard has acknowledged the meet event and the COVID-19 protocol has been discussed in its entirety;<br \/>\n\u2022 The Risk Management coordinator position is being fulfilled by Emmanuel de Chancenotte;<br \/>\n\u2022 The COVID-19 rules and protocol being followed at the meet have been discussed entirely between the parties and have been reviewed to ensure proper alignment when diverging aspects were identified.<\/p>\n<h2>Vaccination Passport<\/h2>\n<p>\u2022 All swimmers 13 years old and more  will be requested to show their vaccination passport as well as a valid ID (a photo ID must be shown for individuals of 16 years old+. Public health cards renewed during the COVID-19 pandemic without a photo are indeed accepted. For individuals of 75 years old+, ID cards without photographs  are accepted).<\/p>\n<h2>Risk acceptance form<\/h2>\n<p>\u2022 All swimmers and coaches have already filled the Risk acceptance form which is filed with Swimming Canada. There is no need for them to complete the questionnaire once again<br \/>\n\u2022 All volunteers and officials will need to fill the Risk acceptance form before the meet takes place. The form is available online.<\/p>\n<h2>Sports Complex &#8211; Maximum Capacity and Zones Delimitations<\/h2>\n<p>A comprehensive plan of the pool area and deck is available at Annex 1 in order to explicitly detail the ways around.<\/p>\n<p>The total overall maximum capacity of the premises (including swimmers, volunteers and officials) must not exceed 150 at all times.<\/p>\n<p>Signs will be present on the premises in order to ease the flow around the pool.<\/p>\n<p>Each team will be assigned its own zone in the stands area and it will stay as is throughout the meet; social distancing (2 m) must be followed at all times in that zone, otherwise wearing the mask will be mandatory.<\/p>\n<p>Plan g\u00e9n\u00e9ral de l\u2019installation sportive: http:\/\/ville.montreal.qc.ca\/pls\/portal\/docs\/page\/arrond_ahc_fr\/media\/documents\/plan_niveaux_cscr.pdf<\/p>\n<h3>Locker Rooms<\/h3>\n<p>The general distancing rules must be applied in the locker room. The men\u2019s room, the women\u2019s room and the family room will remain available in their full capacity, including lockers.<\/p>\n<h3>Pool Deck<\/h3>\n<p>The pool deck has the following maximum capacities:<\/p>\n<p>\u2022 North Pool: meet area with 10 lanes with a maximum of 25 swimmers; at warm up time, the area is subdivided in sections D, E, F, with maximum of 75 swimmers<br \/>\n\u2022 South Pool: warm-up and cool down area subdivided in 3 sections A, B et C with a maximum of 75 swimmers<br \/>\n\u2022 In all the other zones, the sanitary measures must be followed: keep a 2 m distance or wear a mask.<\/p>\n<p>For the warm-up period, each team will have its own section assigned (A, B, C, D, E or F). For cool-down, teams within section D will use section A. Teams within section E will use section B, and so forth.<\/p>\n<h3>Stands<\/h3>\n<p>No audience will be allowed in the stands while the meet runs. Stands will be the designated area for the teams\u2019 zones. Athletes and coaches shall continually be returning to their team zone in order to make sure that maximum capacity of the pool and deck never goes beyond 150 people. <\/p>\n<h3>Meet Organization<\/h3>\n<p>\u2022 After warm-up , swimmers must return to their team zone<br \/>\n\u2022 When awaiting for an event, athletes must be in the activation zone and put their mask and other belonging in their bag<br \/>\n\u2022 After the event, athletes to recover the bag, put on their mask and return to their team zone<br \/>\n\u2022 Coaches must stay with their team; also, a dedicated zone for coaches by the pool will be set up.<\/p>\n<h2>Sanitary Rules<\/h2>\n<p>\u2022 A mask is mandatory for everyone (officials, volunteers, coaches, athletes) when moving around within the premises and when the social distance of 2 m is not possible<br \/>\n\u2022 Athletes may remove their mask before entering the water for warm-up, cool-down or an event<br \/>\n\u2022 Each athlete must have a bag to save their personal belongings (mask, sweater, \u2026) right before an event<br \/>\n\u2022 Athletes may have snacks and lunches only in their own team zone<br \/>\n\u2022 Volunteers and officials will have a lunch box (breakfast and\/or lunch) in a designated area.<\/p>\n<h1>Annex 1<\/h1>\n<p><a href=\"http:\/\/acontrecourant.qc.ca\/wp-content\/uploads\/png\/Annexe1-e1634302112502.png\"><img loading=\"lazy\" decoding=\"async\" src=\"http:\/\/acontrecourant.qc.ca\/wp-content\/uploads\/png\/Annexe1-1024x752.png\" alt=\"\" width=\"700\" height=\"514\" class=\"alignnone size-large wp-image-3085\" \/><\/a><\/p>\n<ul class=\"list-document\" >\n<li>Next Section:<a style=\"text-transform: uppercase;\" href=\"http:\/\/acontrecourant.qc.ca\/en\/events\/coupe\">Home page &#8211; Coupe de Montr\u00e9al<\/a><\/li>\n<li>Previous Section:<a style=\"text-transform: uppercase;\" href=\"http:\/\/acontrecourant.qc.ca\/en\/events\/coupe-regis-officials\/\">Registration &#8211; Officials and volunteers<\/a><\/li>\n<\/ul>\n","protected":false},"excerpt":{"rendered":"<p>*Any individual on the Meet premises recognizes in full being free of any COVID-19 symptoms (cough, shortness of breath, chest pain, difficult breathing, fever, chills, repeated shaking with chills, abnormal muscle pain, headache, sore throat, painful swallowing, runny nose, new loss of taste or smell, gastrointestinal illness), having not been in contact with or cared [&hellip;]<\/p>\n","protected":false},"author":9,"featured_media":0,"parent":191,"menu_order":0,"comment_status":"closed","ping_status":"closed","template":"","meta":{"_acf_changed":false,"footnotes":""},"class_list":["post-3215","page","type-page","status-publish","hentry"],"acf":[],"yoast_head":"<!-- This site is optimized with the Yoast SEO plugin v26.3 - https:\/\/yoast.com\/wordpress\/plugins\/seo\/ -->\n<title>COVID-19 Rules - \u00c0 Contre Courant<\/title>\n<meta name=\"robots\" content=\"index, follow, max-snippet:-1, max-image-preview:large, max-video-preview:-1\" \/>\n<link rel=\"canonical\" href=\"https:\/\/acontrecourant.qc.ca\/en\/events\/coupe-covid-19-rules\/\" \/>\n<meta name=\"twitter:label1\" content=\"Est. reading time\" \/>\n\t<meta name=\"twitter:data1\" content=\"4 minutes\" \/>\n<script type=\"application\/ld+json\" class=\"yoast-schema-graph\">{\"@context\":\"https:\/\/schema.org\",\"@graph\":[{\"@type\":\"WebPage\",\"@id\":\"https:\/\/acontrecourant.qc.ca\/en\/events\/coupe-covid-19-rules\/\",\"url\":\"https:\/\/acontrecourant.qc.ca\/en\/events\/coupe-covid-19-rules\/\",\"name\":\"COVID-19 Rules - \u00c0 Contre Courant\",\"isPartOf\":{\"@id\":\"https:\/\/acontrecourant.qc.ca\/en\/#website\"},\"primaryImageOfPage\":{\"@id\":\"https:\/\/acontrecourant.qc.ca\/en\/events\/coupe-covid-19-rules\/#primaryimage\"},\"image\":{\"@id\":\"https:\/\/acontrecourant.qc.ca\/en\/events\/coupe-covid-19-rules\/#primaryimage\"},\"thumbnailUrl\":\"http:\/\/acontrecourant.qc.ca\/wp-content\/uploads\/png\/Annexe1-1024x752.png\",\"datePublished\":\"2021-11-01T19:57:22+00:00\",\"dateModified\":\"2021-11-01T20:10:42+00:00\",\"breadcrumb\":{\"@id\":\"https:\/\/acontrecourant.qc.ca\/en\/events\/coupe-covid-19-rules\/#breadcrumb\"},\"inLanguage\":\"en-CA\",\"potentialAction\":[{\"@type\":\"ReadAction\",\"target\":[\"https:\/\/acontrecourant.qc.ca\/en\/events\/coupe-covid-19-rules\/\"]}]},{\"@type\":\"ImageObject\",\"inLanguage\":\"en-CA\",\"@id\":\"https:\/\/acontrecourant.qc.ca\/en\/events\/coupe-covid-19-rules\/#primaryimage\",\"url\":\"http:\/\/acontrecourant.qc.ca\/wp-content\/uploads\/png\/Annexe1-1024x752.png\",\"contentUrl\":\"http:\/\/acontrecourant.qc.ca\/wp-content\/uploads\/png\/Annexe1-1024x752.png\"},{\"@type\":\"BreadcrumbList\",\"@id\":\"https:\/\/acontrecourant.qc.ca\/en\/events\/coupe-covid-19-rules\/#breadcrumb\",\"itemListElement\":[{\"@type\":\"ListItem\",\"position\":1,\"name\":\"Events\",\"item\":\"https:\/\/acontrecourant.qc.ca\/en\/events\/\"},{\"@type\":\"ListItem\",\"position\":2,\"name\":\"COVID-19 Rules\"}]},{\"@type\":\"WebSite\",\"@id\":\"https:\/\/acontrecourant.qc.ca\/en\/#website\",\"url\":\"https:\/\/acontrecourant.qc.ca\/en\/\",\"name\":\"\u00c0 Contre Courant\",\"description\":\"Bienvenue \u00e0 Montr\u00e9al\",\"potentialAction\":[{\"@type\":\"SearchAction\",\"target\":{\"@type\":\"EntryPoint\",\"urlTemplate\":\"https:\/\/acontrecourant.qc.ca\/en\/?s={search_term_string}\"},\"query-input\":{\"@type\":\"PropertyValueSpecification\",\"valueRequired\":true,\"valueName\":\"search_term_string\"}}],\"inLanguage\":\"en-CA\"}]}<\/script>\n<!-- \/ Yoast SEO plugin. -->","yoast_head_json":{"title":"COVID-19 Rules - \u00c0 Contre Courant","robots":{"index":"index","follow":"follow","max-snippet":"max-snippet:-1","max-image-preview":"max-image-preview:large","max-video-preview":"max-video-preview:-1"},"canonical":"https:\/\/acontrecourant.qc.ca\/en\/events\/coupe-covid-19-rules\/","twitter_misc":{"Est. reading time":"4 minutes"},"schema":{"@context":"https:\/\/schema.org","@graph":[{"@type":"WebPage","@id":"https:\/\/acontrecourant.qc.ca\/en\/events\/coupe-covid-19-rules\/","url":"https:\/\/acontrecourant.qc.ca\/en\/events\/coupe-covid-19-rules\/","name":"COVID-19 Rules - \u00c0 Contre Courant","isPartOf":{"@id":"https:\/\/acontrecourant.qc.ca\/en\/#website"},"primaryImageOfPage":{"@id":"https:\/\/acontrecourant.qc.ca\/en\/events\/coupe-covid-19-rules\/#primaryimage"},"image":{"@id":"https:\/\/acontrecourant.qc.ca\/en\/events\/coupe-covid-19-rules\/#primaryimage"},"thumbnailUrl":"http:\/\/acontrecourant.qc.ca\/wp-content\/uploads\/png\/Annexe1-1024x752.png","datePublished":"2021-11-01T19:57:22+00:00","dateModified":"2021-11-01T20:10:42+00:00","breadcrumb":{"@id":"https:\/\/acontrecourant.qc.ca\/en\/events\/coupe-covid-19-rules\/#breadcrumb"},"inLanguage":"en-CA","potentialAction":[{"@type":"ReadAction","target":["https:\/\/acontrecourant.qc.ca\/en\/events\/coupe-covid-19-rules\/"]}]},{"@type":"ImageObject","inLanguage":"en-CA","@id":"https:\/\/acontrecourant.qc.ca\/en\/events\/coupe-covid-19-rules\/#primaryimage","url":"http:\/\/acontrecourant.qc.ca\/wp-content\/uploads\/png\/Annexe1-1024x752.png","contentUrl":"http:\/\/acontrecourant.qc.ca\/wp-content\/uploads\/png\/Annexe1-1024x752.png"},{"@type":"BreadcrumbList","@id":"https:\/\/acontrecourant.qc.ca\/en\/events\/coupe-covid-19-rules\/#breadcrumb","itemListElement":[{"@type":"ListItem","position":1,"name":"Events","item":"https:\/\/acontrecourant.qc.ca\/en\/events\/"},{"@type":"ListItem","position":2,"name":"COVID-19 Rules"}]},{"@type":"WebSite","@id":"https:\/\/acontrecourant.qc.ca\/en\/#website","url":"https:\/\/acontrecourant.qc.ca\/en\/","name":"\u00c0 Contre Courant","description":"Bienvenue \u00e0 Montr\u00e9al","potentialAction":[{"@type":"SearchAction","target":{"@type":"EntryPoint","urlTemplate":"https:\/\/acontrecourant.qc.ca\/en\/?s={search_term_string}"},"query-input":{"@type":"PropertyValueSpecification","valueRequired":true,"valueName":"search_term_string"}}],"inLanguage":"en-CA"}]}},"_links":{"self":[{"href":"https:\/\/acontrecourant.qc.ca\/en\/wp-json\/wp\/v2\/pages\/3215\/"}],"collection":[{"href":"https:\/\/acontrecourant.qc.ca\/en\/wp-json\/wp\/v2\/pages\/"}],"about":[{"href":"https:\/\/acontrecourant.qc.ca\/en\/wp-json\/wp\/v2\/types\/page\/"}],"author":[{"embeddable":true,"href":"https:\/\/acontrecourant.qc.ca\/en\/wp-json\/wp\/v2\/users\/9\/"}],"replies":[{"embeddable":true,"href":"https:\/\/acontrecourant.qc.ca\/en\/wp-json\/wp\/v2\/comments\/?post=3215"}],"version-history":[{"count":7,"href":"https:\/\/acontrecourant.qc.ca\/en\/wp-json\/wp\/v2\/pages\/3215\/revisions\/"}],"predecessor-version":[{"id":3222,"href":"https:\/\/acontrecourant.qc.ca\/en\/wp-json\/wp\/v2\/pages\/3215\/revisions\/3222\/"}],"up":[{"embeddable":true,"href":"https:\/\/acontrecourant.qc.ca\/en\/wp-json\/wp\/v2\/pages\/191\/"}],"wp:attachment":[{"href":"https:\/\/acontrecourant.qc.ca\/en\/wp-json\/wp\/v2\/media\/?parent=3215"}],"curies":[{"name":"wp","href":"https:\/\/api.w.org\/{rel}","templated":true}]}}