{"id":3198,"date":"2021-10-22T01:32:15","date_gmt":"2021-10-22T05:32:15","guid":{"rendered":"http:\/\/acontrecourant.qc.ca\/?page_id=3198"},"modified":"2022-11-05T22:39:03","modified_gmt":"2022-11-06T02:39:03","slug":"2022-28-acknowledgements","status":"publish","type":"page","link":"https:\/\/acontrecourant.qc.ca\/en\/events\/coupe\/2022-28-acknowledgements\/","title":{"rendered":"Acknowledgements"},"content":{"rendered":"<h2>Organizing Committee<\/h2>\n<div data-post-id=\"3776\" class=\"insert-page insert-page-3776 \"><h3>Martin Girard, Meet Director<\/h3>\n<p>514 524-8908<br \/>\n<a href=\"mailto:coupe@acontrecourant.qc.ca\">coupe@acontrecourant.qc.ca<\/a><\/p>\n<h3>Carole Thomas, Referee of the meet<\/h3>\n<p><span><\/p>\n<h3>Michel Arnold, Co-Officials Manager<\/h3>\n<h3>Jean-Fran\u00e7ois Gilbert, Co-Officials Manager<\/h3>\n<p><a href=\"mailto:coupe.officiels@acontrecourant.qc.ca\">coupe.officiels@acontrecourant.qc.ca<\/a><br \/>\n<\/span><\/p>\n<h3>Anne Girard, Registrar<\/h3>\n<p><a href=\"mailto:coupe.registraire@acontrecourant.qc.ca\">coupe.registraire@acontrecourant.qc.ca<\/a><\/p>\n<\/div>\n<h3>Ed Huot<\/h3>\n<p>Network Administration &#038; IT<\/p>\n<h3>Chris Gibson, V\u00e9ronique Denis<\/h3>\n<p>Catering<\/p>\n<h3>Equipment and inventory<\/h3>\n<p>Brigitte Bienvenue, Audrey Laisney<\/p>\n<h3>Chronometers<\/h3>\n<p>Michel-Pierre Lachance<\/p>\n<h3>Damien Escargota, V\u00e9ronique Denis<\/h3>\n<p>Saturday night dinner<\/p>\n<h3>Andr\u00e9e Villeneuve<\/h3>\n<p>Copy Editing<\/p>\n<h3>Andr\u00e9 Vaudrin<\/h3>\n<p>Logo Design<\/p>\n<h2>Judges<\/h2>\n<p>Martin Girard, Anne Girard, Michel Arnold, Jean-Fran\u00e7ois Gilbert, Louise Monast, Maurice Harvey, Diane Lefebvre, Andr\u00e9 Montpetit, Martin Demers, Richard Bolduc, Ren\u00e9e Bourgeois, Pierre E. Lachapelle, Michel Lachance, Marilyn Donato, Simon Roughley, Tuan Vu, Olga Kent, Garry Gebhardt, Janet Wyman<\/p>\n<h2>Time Keepers<\/h2>\n<p>Pierre E. Lachapelle, Richard Bolduc, Jean-Claude No\u00ebl, Daniel Bourry, Lyne Girard, Florient Meyer, Anne-Marie Girard, Garry Gebhardt, Marc Rh\u00e9aume, Daniel Gosselin, Andr\u00e9 Emond, Rose Poirier, Mohamed Hussein, Janet Wyman, Luis Alonso, Sylvie Donato, Flavie Donato, Marc-Antoine Ladouceur, Olivier Rey, Marius Gauthier, Claudette Guy, Jean-Marc Bouley, Victor Chisholm, Marc Rh\u00e9aume, Caitlin Berry, Melanie Fabes, Kim Turner, Karl Notargiovani, Audrey Laisney<\/p>\n<h2>Friends of the Coupe<\/h2>\n<h3>La petite boulangerie<\/h3>\n<p>Thanks to La Petite Boulangerie, which offer graciously bread, croissant, scone and other pastries available for the everyone.<\/p>\n<div>\n<a href=\"http:\/\/acontrecourant.qc.ca\/wp-content\/uploads\/png\/pub-petite-boulangerie.png\"><img loading=\"lazy\" decoding=\"async\" src=\"http:\/\/acontrecourant.qc.ca\/wp-content\/uploads\/png\/pub-petite-boulangerie-762x1024.png\" alt=\"\" width=\"700\" height=\"941\" class=\"alignnone size-large wp-image-3329\" srcset=\"https:\/\/acontrecourant.qc.ca\/wp-content\/uploads\/png\/pub-petite-boulangerie-762x1024.png 762w, https:\/\/acontrecourant.qc.ca\/wp-content\/uploads\/png\/pub-petite-boulangerie-223x300.png 223w, https:\/\/acontrecourant.qc.ca\/wp-content\/uploads\/png\/pub-petite-boulangerie-768x1032.png 768w, https:\/\/acontrecourant.qc.ca\/wp-content\/uploads\/png\/pub-petite-boulangerie-112x150.png 112w, https:\/\/acontrecourant.qc.ca\/wp-content\/uploads\/png\/pub-petite-boulangerie-1000x1344.png 1000w, https:\/\/acontrecourant.qc.ca\/wp-content\/uploads\/png\/pub-petite-boulangerie.png 1088w\" sizes=\"auto, (max-width: 700px) 100vw, 700px\" \/><\/a>\n<\/div>\n<ul class=\"list-document\">\n<li>Next section:<a style=\"text-transform: uppercase;\" href=\"http:\/\/acontrecourant.qc.ca\/en\/events\/coupe\/2022-28\/club-list\">Club list<\/a><\/li>\n<li>Previous section:<a style=\"text-transform: uppercase;\" href=\"http:\/\/acontrecourant.qc.ca\/en\/events\/coupe\/2022-28\/technical-bulletin\">Technical Bulletin<\/a><\/li>\n<\/ul>\n","protected":false},"excerpt":{"rendered":"<p>Organizing Committee Ed Huot Network Administration &#038; IT Chris Gibson, V\u00e9ronique Denis Catering Equipment and inventory Brigitte Bienvenue, Audrey Laisney Chronometers Michel-Pierre Lachance Damien Escargota, V\u00e9ronique Denis Saturday night dinner Andr\u00e9e Villeneuve Copy Editing Andr\u00e9 Vaudrin Logo Design Judges Martin Girard, Anne Girard, Michel Arnold, Jean-Fran\u00e7ois Gilbert, Louise Monast, Maurice Harvey, Diane Lefebvre, Andr\u00e9 Montpetit, [&hellip;]<\/p>\n","protected":false},"author":9,"featured_media":0,"parent":2049,"menu_order":0,"comment_status":"closed","ping_status":"closed","template":"page-full-width.php","meta":{"_acf_changed":false,"footnotes":""},"class_list":["post-3198","page","type-page","status-publish","hentry"],"acf":[],"yoast_head":"<!-- This site is optimized with the Yoast SEO plugin v26.3 - https:\/\/yoast.com\/wordpress\/plugins\/seo\/ -->\n<title>Acknowledgements - \u00c0 Contre Courant<\/title>\n<meta name=\"robots\" content=\"index, follow, max-snippet:-1, max-image-preview:large, max-video-preview:-1\" \/>\n<link rel=\"canonical\" href=\"https:\/\/acontrecourant.qc.ca\/en\/events\/coupe\/2022-28-acknowledgements\/\" \/>\n<meta name=\"twitter:label1\" content=\"Est. reading time\" \/>\n\t<meta name=\"twitter:data1\" content=\"1 minute\" \/>\n<script type=\"application\/ld+json\" class=\"yoast-schema-graph\">{\"@context\":\"https:\/\/schema.org\",\"@graph\":[{\"@type\":\"WebPage\",\"@id\":\"https:\/\/acontrecourant.qc.ca\/en\/events\/coupe\/2022-28-acknowledgements\/\",\"url\":\"https:\/\/acontrecourant.qc.ca\/en\/events\/coupe\/2022-28-acknowledgements\/\",\"name\":\"Acknowledgements - \u00c0 Contre Courant\",\"isPartOf\":{\"@id\":\"https:\/\/acontrecourant.qc.ca\/en\/#website\"},\"primaryImageOfPage\":{\"@id\":\"https:\/\/acontrecourant.qc.ca\/en\/events\/coupe\/2022-28-acknowledgements\/#primaryimage\"},\"image\":{\"@id\":\"https:\/\/acontrecourant.qc.ca\/en\/events\/coupe\/2022-28-acknowledgements\/#primaryimage\"},\"thumbnailUrl\":\"http:\/\/acontrecourant.qc.ca\/wp-content\/uploads\/png\/pub-petite-boulangerie-762x1024.png\",\"datePublished\":\"2021-10-22T05:32:15+00:00\",\"dateModified\":\"2022-11-06T02:39:03+00:00\",\"breadcrumb\":{\"@id\":\"https:\/\/acontrecourant.qc.ca\/en\/events\/coupe\/2022-28-acknowledgements\/#breadcrumb\"},\"inLanguage\":\"en-CA\",\"potentialAction\":[{\"@type\":\"ReadAction\",\"target\":[\"https:\/\/acontrecourant.qc.ca\/en\/events\/coupe\/2022-28-acknowledgements\/\"]}]},{\"@type\":\"ImageObject\",\"inLanguage\":\"en-CA\",\"@id\":\"https:\/\/acontrecourant.qc.ca\/en\/events\/coupe\/2022-28-acknowledgements\/#primaryimage\",\"url\":\"http:\/\/acontrecourant.qc.ca\/wp-content\/uploads\/png\/pub-petite-boulangerie-762x1024.png\",\"contentUrl\":\"http:\/\/acontrecourant.qc.ca\/wp-content\/uploads\/png\/pub-petite-boulangerie-762x1024.png\"},{\"@type\":\"BreadcrumbList\",\"@id\":\"https:\/\/acontrecourant.qc.ca\/en\/events\/coupe\/2022-28-acknowledgements\/#breadcrumb\",\"itemListElement\":[{\"@type\":\"ListItem\",\"position\":1,\"name\":\"Events\",\"item\":\"https:\/\/acontrecourant.qc.ca\/en\/events\/\"},{\"@type\":\"ListItem\",\"position\":2,\"name\":\"Coupe de Montr\u00e9al\",\"item\":\"https:\/\/acontrecourant.qc.ca\/en\/events\/coupe\/\"},{\"@type\":\"ListItem\",\"position\":3,\"name\":\"Acknowledgements\"}]},{\"@type\":\"WebSite\",\"@id\":\"https:\/\/acontrecourant.qc.ca\/en\/#website\",\"url\":\"https:\/\/acontrecourant.qc.ca\/en\/\",\"name\":\"\u00c0 Contre Courant\",\"description\":\"Bienvenue \u00e0 Montr\u00e9al\",\"potentialAction\":[{\"@type\":\"SearchAction\",\"target\":{\"@type\":\"EntryPoint\",\"urlTemplate\":\"https:\/\/acontrecourant.qc.ca\/en\/?s={search_term_string}\"},\"query-input\":{\"@type\":\"PropertyValueSpecification\",\"valueRequired\":true,\"valueName\":\"search_term_string\"}}],\"inLanguage\":\"en-CA\"}]}<\/script>\n<!-- \/ Yoast SEO plugin. -->","yoast_head_json":{"title":"Acknowledgements - \u00c0 Contre Courant","robots":{"index":"index","follow":"follow","max-snippet":"max-snippet:-1","max-image-preview":"max-image-preview:large","max-video-preview":"max-video-preview:-1"},"canonical":"https:\/\/acontrecourant.qc.ca\/en\/events\/coupe\/2022-28-acknowledgements\/","twitter_misc":{"Est. reading time":"1 minute"},"schema":{"@context":"https:\/\/schema.org","@graph":[{"@type":"WebPage","@id":"https:\/\/acontrecourant.qc.ca\/en\/events\/coupe\/2022-28-acknowledgements\/","url":"https:\/\/acontrecourant.qc.ca\/en\/events\/coupe\/2022-28-acknowledgements\/","name":"Acknowledgements - \u00c0 Contre Courant","isPartOf":{"@id":"https:\/\/acontrecourant.qc.ca\/en\/#website"},"primaryImageOfPage":{"@id":"https:\/\/acontrecourant.qc.ca\/en\/events\/coupe\/2022-28-acknowledgements\/#primaryimage"},"image":{"@id":"https:\/\/acontrecourant.qc.ca\/en\/events\/coupe\/2022-28-acknowledgements\/#primaryimage"},"thumbnailUrl":"http:\/\/acontrecourant.qc.ca\/wp-content\/uploads\/png\/pub-petite-boulangerie-762x1024.png","datePublished":"2021-10-22T05:32:15+00:00","dateModified":"2022-11-06T02:39:03+00:00","breadcrumb":{"@id":"https:\/\/acontrecourant.qc.ca\/en\/events\/coupe\/2022-28-acknowledgements\/#breadcrumb"},"inLanguage":"en-CA","potentialAction":[{"@type":"ReadAction","target":["https:\/\/acontrecourant.qc.ca\/en\/events\/coupe\/2022-28-acknowledgements\/"]}]},{"@type":"ImageObject","inLanguage":"en-CA","@id":"https:\/\/acontrecourant.qc.ca\/en\/events\/coupe\/2022-28-acknowledgements\/#primaryimage","url":"http:\/\/acontrecourant.qc.ca\/wp-content\/uploads\/png\/pub-petite-boulangerie-762x1024.png","contentUrl":"http:\/\/acontrecourant.qc.ca\/wp-content\/uploads\/png\/pub-petite-boulangerie-762x1024.png"},{"@type":"BreadcrumbList","@id":"https:\/\/acontrecourant.qc.ca\/en\/events\/coupe\/2022-28-acknowledgements\/#breadcrumb","itemListElement":[{"@type":"ListItem","position":1,"name":"Events","item":"https:\/\/acontrecourant.qc.ca\/en\/events\/"},{"@type":"ListItem","position":2,"name":"Coupe de Montr\u00e9al","item":"https:\/\/acontrecourant.qc.ca\/en\/events\/coupe\/"},{"@type":"ListItem","position":3,"name":"Acknowledgements"}]},{"@type":"WebSite","@id":"https:\/\/acontrecourant.qc.ca\/en\/#website","url":"https:\/\/acontrecourant.qc.ca\/en\/","name":"\u00c0 Contre Courant","description":"Bienvenue \u00e0 Montr\u00e9al","potentialAction":[{"@type":"SearchAction","target":{"@type":"EntryPoint","urlTemplate":"https:\/\/acontrecourant.qc.ca\/en\/?s={search_term_string}"},"query-input":{"@type":"PropertyValueSpecification","valueRequired":true,"valueName":"search_term_string"}}],"inLanguage":"en-CA"}]}},"_links":{"self":[{"href":"https:\/\/acontrecourant.qc.ca\/en\/wp-json\/wp\/v2\/pages\/3198\/"}],"collection":[{"href":"https:\/\/acontrecourant.qc.ca\/en\/wp-json\/wp\/v2\/pages\/"}],"about":[{"href":"https:\/\/acontrecourant.qc.ca\/en\/wp-json\/wp\/v2\/types\/page\/"}],"author":[{"embeddable":true,"href":"https:\/\/acontrecourant.qc.ca\/en\/wp-json\/wp\/v2\/users\/9\/"}],"replies":[{"embeddable":true,"href":"https:\/\/acontrecourant.qc.ca\/en\/wp-json\/wp\/v2\/comments\/?post=3198"}],"version-history":[{"count":10,"href":"https:\/\/acontrecourant.qc.ca\/en\/wp-json\/wp\/v2\/pages\/3198\/revisions\/"}],"predecessor-version":[{"id":3814,"href":"https:\/\/acontrecourant.qc.ca\/en\/wp-json\/wp\/v2\/pages\/3198\/revisions\/3814\/"}],"up":[{"embeddable":true,"href":"https:\/\/acontrecourant.qc.ca\/en\/wp-json\/wp\/v2\/pages\/2049\/"}],"wp:attachment":[{"href":"https:\/\/acontrecourant.qc.ca\/en\/wp-json\/wp\/v2\/media\/?parent=3198"}],"curies":[{"name":"wp","href":"https:\/\/api.w.org\/{rel}","templated":true}]}}