{"id":2846,"date":"2021-03-31T11:46:19","date_gmt":"2021-03-31T15:46:19","guid":{"rendered":"http:\/\/acontrecourant.qc.ca\/?page_id=2846"},"modified":"2021-03-31T11:56:07","modified_gmt":"2021-03-31T15:56:07","slug":"reporting-abuse-2","status":"publish","type":"page","link":"https:\/\/acontrecourant.qc.ca\/en\/reporting-abuse-2\/","title":{"rendered":"Reporting Abuse"},"content":{"rendered":"<h2 style=\"color: #0e5ca7; font-weight: bold;\">As a member of ACC, what you experience is important.<\/h2>\n<p>Please note that the following two resources are supporting you if you are the victim of any form of abuse, harassment, violence, or neglect. You will be automatically directed to the appropriate resource(s) for each of the two sports \u2013 swimming and water polo. These resources will help you file a complaint. It is anonymous and available for sensitive situations that involve athletes, coaches, or members of boards of directors.\n<\/p>\n<div class=\"rangee-accueil\">\n<div class=\"block-accueil\"><div class=\"content_block\" id=\"custom_post_widget-2848\"><h2>Resources for Swimmers<\/h2>\n<p>This link will direct you to resources made available by the F\u00e9d\u00e9ration de natation du Qu\u00e9bec. You will find various helpful documents as well as a link to &#8220;Sport&#8217;Aide&#8221; to file a complaint.<\/p>\n<p><a class=\"button1\" href=\"https:\/\/www.fnq.qc.ca\/fonce\/sportsecuritaire\/\"> Finding Help <\/a><\/p>\n<style>\n.button1<br \/>\n{<br \/>\n    font-weight: bold;<br \/>\n    text-transform: uppercase;<br \/>\n    background: #0e5ca7;<br \/>\n    color: white;<br \/>\n    border: 1px solid white;<br \/>\n    display: inline-block;<br \/>\n    margin-top: 20px;<br \/>\n    padding: 18px 50px;<br \/>\n    border-radius: 3px;<br \/>\n    transition: all 0.3s ease-in 0s;<br \/>\n}<br \/>\n.button1:hover<br \/>\n{<br \/>\n    background: #28a745;<br \/>\n    color: white;<br \/>\n    text-decoration: none;<br \/>\n}<br \/>\n<\/style>\n<\/div><\/div>\n<div class=\"block-accueil\"><div class=\"content_block\" id=\"custom_post_widget-2854\"><h2>Resources for Water-poloists<\/h2>\n<p>This link will direct you to resources made available by the f\u00e9d\u00e9ration de water-polo Qu\u00e9bec. You will find various helpful documents as well as a link to &#8220;Sport&#8217;Aide&#8221; to file a complaint.<\/p>\n<p><a class=\"button1\" href=\"https:\/\/wpq.quebec\/federation\/je-porte-plainte\/?fbclid=IwAR0WO4hTvCXEXXEYHd0m5hm9XFIuk3z79QkJuLp4fa2Vy3wwudPZ5POoZzE\"> Finding Help <\/a><\/p>\n<style>\n.button1\n{\n    font-weight: bold;\n    text-transform: uppercase;\n    background: #0e5ca7;\n    color: white;\n    border: 1px solid white;\n    display: inline-block;\n    margin-top: 20px;\n    padding: 18px 50px;\n    border-radius: 3px;\n    transition: all 0.3s ease-in 0s;\n}\n.button1:hover\n{\n    background: #28a745;\n    color: white;\n    text-decoration: none;\n}\n<\/style>\n<\/div><\/div>\n<\/div>\n","protected":false},"excerpt":{"rendered":"<p>As a member of ACC, what you experience is important. Please note that the following two resources are supporting you if you are the victim of any form of abuse, harassment, violence, or neglect. You will be automatically directed to the appropriate resource(s) for each of the two sports \u2013 swimming and water polo. These [&hellip;]<\/p>\n","protected":false},"author":13,"featured_media":0,"parent":0,"menu_order":0,"comment_status":"closed","ping_status":"closed","template":"page-full-width.php","meta":{"_acf_changed":false,"footnotes":""},"class_list":["post-2846","page","type-page","status-publish","hentry"],"acf":[],"yoast_head":"<!-- This site is optimized with the Yoast SEO plugin v26.3 - https:\/\/yoast.com\/wordpress\/plugins\/seo\/ -->\n<title>Reporting Abuse - \u00c0 Contre Courant<\/title>\n<meta name=\"robots\" content=\"index, follow, max-snippet:-1, max-image-preview:large, max-video-preview:-1\" \/>\n<link rel=\"canonical\" href=\"https:\/\/acontrecourant.qc.ca\/en\/reporting-abuse-2\/\" \/>\n<script type=\"application\/ld+json\" class=\"yoast-schema-graph\">{\"@context\":\"https:\/\/schema.org\",\"@graph\":[{\"@type\":\"WebPage\",\"@id\":\"https:\/\/acontrecourant.qc.ca\/en\/reporting-abuse-2\/\",\"url\":\"https:\/\/acontrecourant.qc.ca\/en\/reporting-abuse-2\/\",\"name\":\"Reporting Abuse - \u00c0 Contre Courant\",\"isPartOf\":{\"@id\":\"https:\/\/acontrecourant.qc.ca\/en\/#website\"},\"datePublished\":\"2021-03-31T15:46:19+00:00\",\"dateModified\":\"2021-03-31T15:56:07+00:00\",\"inLanguage\":\"en-CA\",\"potentialAction\":[{\"@type\":\"ReadAction\",\"target\":[\"https:\/\/acontrecourant.qc.ca\/en\/reporting-abuse-2\/\"]}]},{\"@type\":\"WebSite\",\"@id\":\"https:\/\/acontrecourant.qc.ca\/en\/#website\",\"url\":\"https:\/\/acontrecourant.qc.ca\/en\/\",\"name\":\"\u00c0 Contre Courant\",\"description\":\"Bienvenue \u00e0 Montr\u00e9al\",\"potentialAction\":[{\"@type\":\"SearchAction\",\"target\":{\"@type\":\"EntryPoint\",\"urlTemplate\":\"https:\/\/acontrecourant.qc.ca\/en\/?s={search_term_string}\"},\"query-input\":{\"@type\":\"PropertyValueSpecification\",\"valueRequired\":true,\"valueName\":\"search_term_string\"}}],\"inLanguage\":\"en-CA\"}]}<\/script>\n<!-- \/ Yoast SEO plugin. -->","yoast_head_json":{"title":"Reporting Abuse - \u00c0 Contre Courant","robots":{"index":"index","follow":"follow","max-snippet":"max-snippet:-1","max-image-preview":"max-image-preview:large","max-video-preview":"max-video-preview:-1"},"canonical":"https:\/\/acontrecourant.qc.ca\/en\/reporting-abuse-2\/","schema":{"@context":"https:\/\/schema.org","@graph":[{"@type":"WebPage","@id":"https:\/\/acontrecourant.qc.ca\/en\/reporting-abuse-2\/","url":"https:\/\/acontrecourant.qc.ca\/en\/reporting-abuse-2\/","name":"Reporting Abuse - \u00c0 Contre Courant","isPartOf":{"@id":"https:\/\/acontrecourant.qc.ca\/en\/#website"},"datePublished":"2021-03-31T15:46:19+00:00","dateModified":"2021-03-31T15:56:07+00:00","inLanguage":"en-CA","potentialAction":[{"@type":"ReadAction","target":["https:\/\/acontrecourant.qc.ca\/en\/reporting-abuse-2\/"]}]},{"@type":"WebSite","@id":"https:\/\/acontrecourant.qc.ca\/en\/#website","url":"https:\/\/acontrecourant.qc.ca\/en\/","name":"\u00c0 Contre Courant","description":"Bienvenue \u00e0 Montr\u00e9al","potentialAction":[{"@type":"SearchAction","target":{"@type":"EntryPoint","urlTemplate":"https:\/\/acontrecourant.qc.ca\/en\/?s={search_term_string}"},"query-input":{"@type":"PropertyValueSpecification","valueRequired":true,"valueName":"search_term_string"}}],"inLanguage":"en-CA"}]}},"_links":{"self":[{"href":"https:\/\/acontrecourant.qc.ca\/en\/wp-json\/wp\/v2\/pages\/2846\/"}],"collection":[{"href":"https:\/\/acontrecourant.qc.ca\/en\/wp-json\/wp\/v2\/pages\/"}],"about":[{"href":"https:\/\/acontrecourant.qc.ca\/en\/wp-json\/wp\/v2\/types\/page\/"}],"author":[{"embeddable":true,"href":"https:\/\/acontrecourant.qc.ca\/en\/wp-json\/wp\/v2\/users\/13\/"}],"replies":[{"embeddable":true,"href":"https:\/\/acontrecourant.qc.ca\/en\/wp-json\/wp\/v2\/comments\/?post=2846"}],"version-history":[{"count":4,"href":"https:\/\/acontrecourant.qc.ca\/en\/wp-json\/wp\/v2\/pages\/2846\/revisions\/"}],"predecessor-version":[{"id":2857,"href":"https:\/\/acontrecourant.qc.ca\/en\/wp-json\/wp\/v2\/pages\/2846\/revisions\/2857\/"}],"wp:attachment":[{"href":"https:\/\/acontrecourant.qc.ca\/en\/wp-json\/wp\/v2\/media\/?parent=2846"}],"curies":[{"name":"wp","href":"https:\/\/api.w.org\/{rel}","templated":true}]}}