{"id":2694,"date":"2020-02-27T13:36:52","date_gmt":"2020-02-27T18:36:52","guid":{"rendered":"http:\/\/acontrecourant.qc.ca\/?page_id=2694"},"modified":"2020-02-27T13:57:24","modified_gmt":"2020-02-27T18:57:24","slug":"awards","status":"publish","type":"page","link":"https:\/\/acontrecourant.qc.ca\/en\/events\/awards\/","title":{"rendered":"Masters Award Ceremony"},"content":{"rendered":"<div>\n<div style=\"margin-bottom: 15px;\">\nAll swimmers registered for the 2020 Provincial Masters Championships are invited to the Manulife Masters Award Ceremony, which will take place on Saturday, April 25, 30 minutes after the end of the meet. A free snack and refreshments will be provided.<\/div>\n<div style=\"margin-bottom: 15px;\">\nWe will take this opportunity to recognize the excellence and hard work of the master swimming family members who will have been particularly distinguished during the year. There will also be the awards ceremony for the 9th season of the Quebec Cup circuit of master swimming.<\/div>\n<div style=\"margin-bottom: 15px;\">\nThis is an excellent opportunity to fraternize with those who, in all regions of Quebec, share the same passion for swimming.\n<\/div>\n<div style=\"margin-bottom: 15px;\">\nWill you attend the Manulife Awards Ceremony?<br \/>\nIf yes, please complete the following form for April 19th 2020:\n<\/div>\n<ul class=\"list-document\">\n<li><a style=\"text-transform: uppercase;\" href=\"https:\/\/docs.google.com\/forms\/d\/e\/1FAIpQLSe56i1ZsyvrWe6N2Mo0_p231op9PVBS6ddEXLEBQHgBt3pRhw\/viewform?usp=pp_url\">Awards Ceremony Registration &#8211; INDIVIDUAL<\/a><\/li>\n<li><a style=\"text-transform: uppercase;\" href=\"https:\/\/docs.google.com\/forms\/d\/e\/1FAIpQLSfMpnHRGsNmPUnEH6NqVwZzUDn2QKLF7IhZsRa1X3aARNNQiQ\/viewform?usp=pp_url\">Awards Ceremony &#8211; FOR A CLUB<\/a><\/li>\n<\/ul>\n<\/div>\n","protected":false},"excerpt":{"rendered":"<p>All swimmers registered for the 2020 Provincial Masters Championships are invited to the Manulife Masters Award Ceremony, which will take place on Saturday, April 25, 30 minutes after the end of the meet. A free snack and refreshments will be provided. We will take this opportunity to recognize the excellence and hard work of the [&hellip;]<\/p>\n","protected":false},"author":9,"featured_media":0,"parent":191,"menu_order":0,"comment_status":"closed","ping_status":"closed","template":"","meta":{"_acf_changed":false,"footnotes":""},"class_list":["post-2694","page","type-page","status-publish","hentry"],"acf":[],"yoast_head":"<!-- This site is optimized with the Yoast SEO plugin v26.3 - https:\/\/yoast.com\/wordpress\/plugins\/seo\/ -->\n<title>Masters Award Ceremony - \u00c0 Contre Courant<\/title>\n<meta name=\"robots\" content=\"index, follow, max-snippet:-1, max-image-preview:large, max-video-preview:-1\" \/>\n<link rel=\"canonical\" href=\"https:\/\/acontrecourant.qc.ca\/en\/events\/awards\/\" \/>\n<meta name=\"twitter:label1\" content=\"Est. reading time\" \/>\n\t<meta name=\"twitter:data1\" content=\"1 minute\" \/>\n<script type=\"application\/ld+json\" class=\"yoast-schema-graph\">{\"@context\":\"https:\/\/schema.org\",\"@graph\":[{\"@type\":\"WebPage\",\"@id\":\"https:\/\/acontrecourant.qc.ca\/en\/events\/awards\/\",\"url\":\"https:\/\/acontrecourant.qc.ca\/en\/events\/awards\/\",\"name\":\"Masters Award Ceremony - \u00c0 Contre Courant\",\"isPartOf\":{\"@id\":\"https:\/\/acontrecourant.qc.ca\/en\/#website\"},\"datePublished\":\"2020-02-27T18:36:52+00:00\",\"dateModified\":\"2020-02-27T18:57:24+00:00\",\"breadcrumb\":{\"@id\":\"https:\/\/acontrecourant.qc.ca\/en\/events\/awards\/#breadcrumb\"},\"inLanguage\":\"en-CA\",\"potentialAction\":[{\"@type\":\"ReadAction\",\"target\":[\"https:\/\/acontrecourant.qc.ca\/en\/events\/awards\/\"]}]},{\"@type\":\"BreadcrumbList\",\"@id\":\"https:\/\/acontrecourant.qc.ca\/en\/events\/awards\/#breadcrumb\",\"itemListElement\":[{\"@type\":\"ListItem\",\"position\":1,\"name\":\"Events\",\"item\":\"https:\/\/acontrecourant.qc.ca\/en\/events\/\"},{\"@type\":\"ListItem\",\"position\":2,\"name\":\"Masters Award Ceremony\"}]},{\"@type\":\"WebSite\",\"@id\":\"https:\/\/acontrecourant.qc.ca\/en\/#website\",\"url\":\"https:\/\/acontrecourant.qc.ca\/en\/\",\"name\":\"\u00c0 Contre Courant\",\"description\":\"Bienvenue \u00e0 Montr\u00e9al\",\"potentialAction\":[{\"@type\":\"SearchAction\",\"target\":{\"@type\":\"EntryPoint\",\"urlTemplate\":\"https:\/\/acontrecourant.qc.ca\/en\/?s={search_term_string}\"},\"query-input\":{\"@type\":\"PropertyValueSpecification\",\"valueRequired\":true,\"valueName\":\"search_term_string\"}}],\"inLanguage\":\"en-CA\"}]}<\/script>\n<!-- \/ Yoast SEO plugin. -->","yoast_head_json":{"title":"Masters Award Ceremony - \u00c0 Contre Courant","robots":{"index":"index","follow":"follow","max-snippet":"max-snippet:-1","max-image-preview":"max-image-preview:large","max-video-preview":"max-video-preview:-1"},"canonical":"https:\/\/acontrecourant.qc.ca\/en\/events\/awards\/","twitter_misc":{"Est. reading time":"1 minute"},"schema":{"@context":"https:\/\/schema.org","@graph":[{"@type":"WebPage","@id":"https:\/\/acontrecourant.qc.ca\/en\/events\/awards\/","url":"https:\/\/acontrecourant.qc.ca\/en\/events\/awards\/","name":"Masters Award Ceremony - \u00c0 Contre Courant","isPartOf":{"@id":"https:\/\/acontrecourant.qc.ca\/en\/#website"},"datePublished":"2020-02-27T18:36:52+00:00","dateModified":"2020-02-27T18:57:24+00:00","breadcrumb":{"@id":"https:\/\/acontrecourant.qc.ca\/en\/events\/awards\/#breadcrumb"},"inLanguage":"en-CA","potentialAction":[{"@type":"ReadAction","target":["https:\/\/acontrecourant.qc.ca\/en\/events\/awards\/"]}]},{"@type":"BreadcrumbList","@id":"https:\/\/acontrecourant.qc.ca\/en\/events\/awards\/#breadcrumb","itemListElement":[{"@type":"ListItem","position":1,"name":"Events","item":"https:\/\/acontrecourant.qc.ca\/en\/events\/"},{"@type":"ListItem","position":2,"name":"Masters Award Ceremony"}]},{"@type":"WebSite","@id":"https:\/\/acontrecourant.qc.ca\/en\/#website","url":"https:\/\/acontrecourant.qc.ca\/en\/","name":"\u00c0 Contre Courant","description":"Bienvenue \u00e0 Montr\u00e9al","potentialAction":[{"@type":"SearchAction","target":{"@type":"EntryPoint","urlTemplate":"https:\/\/acontrecourant.qc.ca\/en\/?s={search_term_string}"},"query-input":{"@type":"PropertyValueSpecification","valueRequired":true,"valueName":"search_term_string"}}],"inLanguage":"en-CA"}]}},"_links":{"self":[{"href":"https:\/\/acontrecourant.qc.ca\/en\/wp-json\/wp\/v2\/pages\/2694\/"}],"collection":[{"href":"https:\/\/acontrecourant.qc.ca\/en\/wp-json\/wp\/v2\/pages\/"}],"about":[{"href":"https:\/\/acontrecourant.qc.ca\/en\/wp-json\/wp\/v2\/types\/page\/"}],"author":[{"embeddable":true,"href":"https:\/\/acontrecourant.qc.ca\/en\/wp-json\/wp\/v2\/users\/9\/"}],"replies":[{"embeddable":true,"href":"https:\/\/acontrecourant.qc.ca\/en\/wp-json\/wp\/v2\/comments\/?post=2694"}],"version-history":[{"count":6,"href":"https:\/\/acontrecourant.qc.ca\/en\/wp-json\/wp\/v2\/pages\/2694\/revisions\/"}],"predecessor-version":[{"id":2706,"href":"https:\/\/acontrecourant.qc.ca\/en\/wp-json\/wp\/v2\/pages\/2694\/revisions\/2706\/"}],"up":[{"embeddable":true,"href":"https:\/\/acontrecourant.qc.ca\/en\/wp-json\/wp\/v2\/pages\/191\/"}],"wp:attachment":[{"href":"https:\/\/acontrecourant.qc.ca\/en\/wp-json\/wp\/v2\/media\/?parent=2694"}],"curies":[{"name":"wp","href":"https:\/\/api.w.org\/{rel}","templated":true}]}}