{"id":2687,"date":"2020-02-26T08:44:38","date_gmt":"2020-02-26T13:44:38","guid":{"rendered":"http:\/\/acontrecourant.qc.ca\/?page_id=2687"},"modified":"2022-10-13T22:49:48","modified_gmt":"2022-10-14T02:49:48","slug":"prov2020-schedule","status":"publish","type":"page","link":"https:\/\/acontrecourant.qc.ca\/en\/events\/prov2020-schedule\/","title":{"rendered":"Schedule 2020"},"content":{"rendered":"<h2>Friday, November 12, 2021<\/h2>\n<p><span style=\"font-weight: 400;\">7:00 p.m. Officials\u2019 meeting (online)<\/span><\/p>\n<h2>Friday April 24th 2020<\/h2>\n<p><span style=\"font-weight: 400;\">16 h 00 : Welcome and distribution of participants\u2019 kits<\/span><br \/>\n<span style=\"font-weight: 400;\">16 h 45 : Officials\u2019 meeting<\/span><br \/>\n<span style=\"font-weight: 400;\">17 h 00 to 17 h 50 : Warm-up<\/span><br \/>\n<span style=\"font-weight: 400;\">17 h 40 : Technical meeting for coaches or team representatives<\/span><br \/>\n<span style=\"font-weight: 400;\">18 h 00 : Start of events<\/span><\/p>\n<table>\n<tr>\n<th>Women<\/th>\n<th>Event<\/th>\n<th>Men<\/th>\n<\/tr>\n<tr>\n<td>1<\/td>\n<td>200m free<\/td>\n<td>2<\/td>\n<\/tr>\n<tr>\n<td>3<\/td>\n<td>100m breast<\/td>\n<td>4<\/td>\n<\/tr>\n<tr>\n<td><\/td>\n<td>15 minutes Break<\/td>\n<td><\/td>\n<\/tr>\n<tr>\n<td>101<\/td>\n<td>4 x 50m free MIXTED relay<\/td>\n<td><\/td>\n<\/tr>\n<tr>\n<td>5<\/td>\n<td>100m fly<\/td>\n<td>6<\/td>\n<\/tr>\n<tr>\n<td>7<\/td>\n<td>50m back<\/td>\n<td>8<\/td>\n<\/tr>\n<tr>\n<td>9<\/td>\n<td>400m IM<\/td>\n<td>10<\/td>\n<\/tr>\n<\/table>\n<h2>Saturday April 25th 2020<\/h2>\n<p><span style=\"font-weight: 400;\">7 h 15 : Welcome and distribution of participants\u2019 kits<\/span><br \/>\n<span style=\"font-weight: 400;\">7 h 45 : Officials\u2019 meeting<\/span><br \/>\n<span style=\"font-weight: 400;\">8 h 00 to 8 h 50 : Warm-up<\/span><br \/>\n<span style=\"font-weight: 400;\">9 h 00 : Start of events<\/span><\/p>\n<table>\n<tr>\n<th>Women<\/th>\n<th>Event<\/th>\n<th>Men<\/th>\n<\/tr>\n<tr>\n<td>11<\/td>\n<td>100m back<\/td>\n<td>12<\/td>\n<tr>\n<tr>\n<td>13<\/td>\n<td>50m fly<\/td>\n<td>14<\/td>\n<tr>\n<tr>\n<td>15<\/td>\n<td>400m free<\/td>\n<td>16<\/td>\n<tr>\n<tr>\n<td><\/td>\n<td>15 minutes Break<\/td>\n<td><\/td>\n<\/tr>\n<tr>\n<td>102<\/td>\n<td>4 x 50m medley relay<\/td>\n<td>103<\/td>\n<tr>\n<tr>\n<td>17<\/td>\n<td>100m IM<\/td>\n<td>18<\/td>\n<tr>\n<tr>\n<td>19<\/td>\n<td>200m breast<\/td>\n<td>20<\/td>\n<tr>\n<tr>\n<td>21<\/td>\n<td>50m free<\/td>\n<td>22<\/td>\n<tr>\n<tr>\n<td>23<\/td>\n<td>200m fly<\/td>\n<td>24<\/td>\n<tr>\n<tr>\n<td><\/td>\n<td>15 minutes Break<\/td>\n<td><\/td>\n<\/tr>\n<tr>\n<td>104<\/td>\n<td>4 x 50m free<\/td>\n<td>105<\/td>\n<tr>\n<\/table>\n<p><span style=\"font-weight: 400;\">The Award Ceremony will follow about 30 minutes after the last event.<\/span> <\/p>\n<h2>Sunday April 26th 2020<\/h2>\n<p><span style=\"font-weight: 400;\">7 h 30 : Welcome and distribution of participants\u2019 kits<\/span><br \/>\n<span style=\"font-weight: 400;\">7 h 45 : Officials\u2019 meeting<\/span><br \/>\n<span style=\"font-weight: 400;\">8 h 00 to 8 h 50 : Warm-up<\/span><br \/>\n<span style=\"font-weight: 400;\">9 h 00 : Start of events<\/span><\/p>\n<table>\n<tr>\n<th>Women<\/th>\n<th>Event<\/th>\n<th>Men<\/th>\n<\/tr>\n<tr>\n<td>25<\/td>\n<td>100m free<\/td>\n<td>26<\/td>\n<\/tr>\n<tr>\n<td>27<\/td>\n<td>200m back<\/td>\n<td>28<\/td>\n<\/tr>\n<tr>\n<td>29<\/td>\n<td>50m breast<\/td>\n<td>30<\/td>\n<\/tr>\n<tr>\n<td>31<\/td>\n<td>200m IM<\/td>\n<td>32<\/td>\n<\/tr>\n<tr>\n<td><\/td>\n<td>15 minutes Break<\/td>\n<td><\/td>\n<\/tr>\n<tr>\n<td>106<\/td>\n<td>4 x 50m medley MIXTED relay<\/td>\n<td><\/td>\n<\/tr>\n<tr>\n<td>33<\/td>\n<td>800m free *<\/td>\n<td>34<\/td>\n<\/tr>\n<tr>\n<td>35<\/td>\n<td>1500m free *<\/td>\n<td>36<\/td>\n<\/tr>\n<\/table>\n<p><span style=\"font-weight: 400;\"><br \/>\n* The 800m and 1500m freestyle events are limited to 50 swimmers each (all sexes and ages combined). Each event is limited to 50 swimmers per gender (all ages combined).<br \/>\n800 and 1500 freestyle: Swimmers must be registered with a proven time; proof of times will be required when sending your entries. The event can\u2019t be swim for the first time. No N.T. (no time) will be allowed in those two events.<br \/>\nSwimmers registered for the 800m\u20101500m freestyle events must provide a timekeeper for the start assigned to them.<br \/>\nAn event confirmation must be provided for both events at the Clerk of Course no later than the end of event 25\/26.<br \/>\n<\/span><\/p>\n","protected":false},"excerpt":{"rendered":"<p>Friday, November 12, 2021 7:00 p.m. Officials\u2019 meeting (online) Friday April 24th 2020 16 h 00 : Welcome and distribution of participants\u2019 kits 16 h 45 : Officials\u2019 meeting 17 h 00 to 17 h 50 : Warm-up 17 h 40 : Technical meeting for coaches or team representatives 18 h 00 : Start of [&hellip;]<\/p>\n","protected":false},"author":9,"featured_media":0,"parent":191,"menu_order":0,"comment_status":"closed","ping_status":"closed","template":"","meta":{"_acf_changed":false,"footnotes":""},"class_list":["post-2687","page","type-page","status-publish","hentry"],"acf":[],"yoast_head":"<!-- This site is optimized with the Yoast SEO plugin v26.3 - https:\/\/yoast.com\/wordpress\/plugins\/seo\/ -->\n<title>Schedule 2020 - \u00c0 Contre Courant<\/title>\n<meta name=\"robots\" content=\"index, follow, max-snippet:-1, max-image-preview:large, max-video-preview:-1\" \/>\n<link rel=\"canonical\" href=\"https:\/\/acontrecourant.qc.ca\/en\/events\/prov2020-schedule\/\" \/>\n<meta name=\"twitter:label1\" content=\"Est. reading time\" \/>\n\t<meta name=\"twitter:data1\" content=\"1 minute\" \/>\n<script type=\"application\/ld+json\" class=\"yoast-schema-graph\">{\"@context\":\"https:\/\/schema.org\",\"@graph\":[{\"@type\":\"WebPage\",\"@id\":\"https:\/\/acontrecourant.qc.ca\/en\/events\/prov2020-schedule\/\",\"url\":\"https:\/\/acontrecourant.qc.ca\/en\/events\/prov2020-schedule\/\",\"name\":\"Schedule 2020 - \u00c0 Contre Courant\",\"isPartOf\":{\"@id\":\"https:\/\/acontrecourant.qc.ca\/en\/#website\"},\"datePublished\":\"2020-02-26T13:44:38+00:00\",\"dateModified\":\"2022-10-14T02:49:48+00:00\",\"breadcrumb\":{\"@id\":\"https:\/\/acontrecourant.qc.ca\/en\/events\/prov2020-schedule\/#breadcrumb\"},\"inLanguage\":\"en-CA\",\"potentialAction\":[{\"@type\":\"ReadAction\",\"target\":[\"https:\/\/acontrecourant.qc.ca\/en\/events\/prov2020-schedule\/\"]}]},{\"@type\":\"BreadcrumbList\",\"@id\":\"https:\/\/acontrecourant.qc.ca\/en\/events\/prov2020-schedule\/#breadcrumb\",\"itemListElement\":[{\"@type\":\"ListItem\",\"position\":1,\"name\":\"Events\",\"item\":\"https:\/\/acontrecourant.qc.ca\/en\/events\/\"},{\"@type\":\"ListItem\",\"position\":2,\"name\":\"Schedule 2020\"}]},{\"@type\":\"WebSite\",\"@id\":\"https:\/\/acontrecourant.qc.ca\/en\/#website\",\"url\":\"https:\/\/acontrecourant.qc.ca\/en\/\",\"name\":\"\u00c0 Contre Courant\",\"description\":\"Bienvenue \u00e0 Montr\u00e9al\",\"potentialAction\":[{\"@type\":\"SearchAction\",\"target\":{\"@type\":\"EntryPoint\",\"urlTemplate\":\"https:\/\/acontrecourant.qc.ca\/en\/?s={search_term_string}\"},\"query-input\":{\"@type\":\"PropertyValueSpecification\",\"valueRequired\":true,\"valueName\":\"search_term_string\"}}],\"inLanguage\":\"en-CA\"}]}<\/script>\n<!-- \/ Yoast SEO plugin. -->","yoast_head_json":{"title":"Schedule 2020 - \u00c0 Contre Courant","robots":{"index":"index","follow":"follow","max-snippet":"max-snippet:-1","max-image-preview":"max-image-preview:large","max-video-preview":"max-video-preview:-1"},"canonical":"https:\/\/acontrecourant.qc.ca\/en\/events\/prov2020-schedule\/","twitter_misc":{"Est. reading time":"1 minute"},"schema":{"@context":"https:\/\/schema.org","@graph":[{"@type":"WebPage","@id":"https:\/\/acontrecourant.qc.ca\/en\/events\/prov2020-schedule\/","url":"https:\/\/acontrecourant.qc.ca\/en\/events\/prov2020-schedule\/","name":"Schedule 2020 - \u00c0 Contre Courant","isPartOf":{"@id":"https:\/\/acontrecourant.qc.ca\/en\/#website"},"datePublished":"2020-02-26T13:44:38+00:00","dateModified":"2022-10-14T02:49:48+00:00","breadcrumb":{"@id":"https:\/\/acontrecourant.qc.ca\/en\/events\/prov2020-schedule\/#breadcrumb"},"inLanguage":"en-CA","potentialAction":[{"@type":"ReadAction","target":["https:\/\/acontrecourant.qc.ca\/en\/events\/prov2020-schedule\/"]}]},{"@type":"BreadcrumbList","@id":"https:\/\/acontrecourant.qc.ca\/en\/events\/prov2020-schedule\/#breadcrumb","itemListElement":[{"@type":"ListItem","position":1,"name":"Events","item":"https:\/\/acontrecourant.qc.ca\/en\/events\/"},{"@type":"ListItem","position":2,"name":"Schedule 2020"}]},{"@type":"WebSite","@id":"https:\/\/acontrecourant.qc.ca\/en\/#website","url":"https:\/\/acontrecourant.qc.ca\/en\/","name":"\u00c0 Contre Courant","description":"Bienvenue \u00e0 Montr\u00e9al","potentialAction":[{"@type":"SearchAction","target":{"@type":"EntryPoint","urlTemplate":"https:\/\/acontrecourant.qc.ca\/en\/?s={search_term_string}"},"query-input":{"@type":"PropertyValueSpecification","valueRequired":true,"valueName":"search_term_string"}}],"inLanguage":"en-CA"}]}},"_links":{"self":[{"href":"https:\/\/acontrecourant.qc.ca\/en\/wp-json\/wp\/v2\/pages\/2687\/"}],"collection":[{"href":"https:\/\/acontrecourant.qc.ca\/en\/wp-json\/wp\/v2\/pages\/"}],"about":[{"href":"https:\/\/acontrecourant.qc.ca\/en\/wp-json\/wp\/v2\/types\/page\/"}],"author":[{"embeddable":true,"href":"https:\/\/acontrecourant.qc.ca\/en\/wp-json\/wp\/v2\/users\/9\/"}],"replies":[{"embeddable":true,"href":"https:\/\/acontrecourant.qc.ca\/en\/wp-json\/wp\/v2\/comments\/?post=2687"}],"version-history":[{"count":12,"href":"https:\/\/acontrecourant.qc.ca\/en\/wp-json\/wp\/v2\/pages\/2687\/revisions\/"}],"predecessor-version":[{"id":3671,"href":"https:\/\/acontrecourant.qc.ca\/en\/wp-json\/wp\/v2\/pages\/2687\/revisions\/3671\/"}],"up":[{"embeddable":true,"href":"https:\/\/acontrecourant.qc.ca\/en\/wp-json\/wp\/v2\/pages\/191\/"}],"wp:attachment":[{"href":"https:\/\/acontrecourant.qc.ca\/en\/wp-json\/wp\/v2\/media\/?parent=2687"}],"curies":[{"name":"wp","href":"https:\/\/api.w.org\/{rel}","templated":true}]}}