{"id":2679,"date":"2020-02-16T11:59:35","date_gmt":"2020-02-16T16:59:35","guid":{"rendered":"http:\/\/acontrecourant.qc.ca\/events\/championnat-provincial-2020\/"},"modified":"2020-03-10T14:57:59","modified_gmt":"2020-03-10T18:57:59","slug":"provincial-championship-2020","status":"publish","type":"page","link":"https:\/\/acontrecourant.qc.ca\/en\/events\/provincial-championship-2020\/","title":{"rendered":"2020 Provincial Masters Swimming Championship"},"content":{"rendered":"<div style=\"height:1000px; background-image: url('http:\/\/acontrecourant.qc.ca\/wp-content\/uploads\/png\/ChampionnatProvincialBG.png'); background-size: 670px 876px; background-repeat: no-repeat; padding-top: 278px;\">\n<h2>Informations<\/h2>\n<ul class=\"list-document\">\n<li><a style=\"text-transform: uppercase;\" href=\"http:\/\/acontrecourant.qc.ca\/wp-content\/uploads\/pdf\/prov-2020-invitation-officielle-1.pdf\">Official invitation<\/a><\/li>\n<li><a style=\"text-transform: uppercase;\" href=\"http:\/\/acontrecourant.qc.ca\/en\/events\/coupe-gen-info\">General Information<\/a><\/li>\n<li><a style=\"text-transform: uppercase;\" href=\"http:\/\/acontrecourant.qc.ca\/en\/events\/prov2020-schedule\">Schedule<\/a><\/li>\n<li><a style=\"text-transform: uppercase;\" href=\"https:\/\/forms.gle\/ZDbV7ncHyEWKbfr99\">Official and volunteers registration<\/a><\/li>\n<li><a style=\"text-transform: uppercase;\" href=\"http:\/\/acontrecourant.qc.ca\/evenements\/gala\">Recognition Gala Registration<\/a><\/li>\n<\/ul>\n<\/div>\n","protected":false},"excerpt":{"rendered":"<p>Informations Official invitation General Information Schedule Official and volunteers registration Recognition Gala Registration<\/p>\n","protected":false},"author":9,"featured_media":0,"parent":191,"menu_order":0,"comment_status":"closed","ping_status":"closed","template":"","meta":{"_acf_changed":false,"footnotes":""},"class_list":["post-2679","page","type-page","status-publish","hentry"],"acf":[],"yoast_head":"<!-- This site is optimized with the Yoast SEO plugin v26.3 - https:\/\/yoast.com\/wordpress\/plugins\/seo\/ -->\n<title>2020 Provincial Masters Swimming Championship - \u00c0 Contre Courant<\/title>\n<meta name=\"robots\" content=\"index, follow, max-snippet:-1, max-image-preview:large, max-video-preview:-1\" \/>\n<link rel=\"canonical\" href=\"https:\/\/acontrecourant.qc.ca\/en\/events\/provincial-championship-2020\/\" \/>\n<script type=\"application\/ld+json\" class=\"yoast-schema-graph\">{\"@context\":\"https:\/\/schema.org\",\"@graph\":[{\"@type\":\"WebPage\",\"@id\":\"https:\/\/acontrecourant.qc.ca\/en\/events\/provincial-championship-2020\/\",\"url\":\"https:\/\/acontrecourant.qc.ca\/en\/events\/provincial-championship-2020\/\",\"name\":\"2020 Provincial Masters Swimming Championship - \u00c0 Contre Courant\",\"isPartOf\":{\"@id\":\"https:\/\/acontrecourant.qc.ca\/en\/#website\"},\"datePublished\":\"2020-02-16T16:59:35+00:00\",\"dateModified\":\"2020-03-10T18:57:59+00:00\",\"breadcrumb\":{\"@id\":\"https:\/\/acontrecourant.qc.ca\/en\/events\/provincial-championship-2020\/#breadcrumb\"},\"inLanguage\":\"en-CA\",\"potentialAction\":[{\"@type\":\"ReadAction\",\"target\":[\"https:\/\/acontrecourant.qc.ca\/en\/events\/provincial-championship-2020\/\"]}]},{\"@type\":\"BreadcrumbList\",\"@id\":\"https:\/\/acontrecourant.qc.ca\/en\/events\/provincial-championship-2020\/#breadcrumb\",\"itemListElement\":[{\"@type\":\"ListItem\",\"position\":1,\"name\":\"Events\",\"item\":\"https:\/\/acontrecourant.qc.ca\/en\/events\/\"},{\"@type\":\"ListItem\",\"position\":2,\"name\":\"2020 Provincial Masters Swimming Championship\"}]},{\"@type\":\"WebSite\",\"@id\":\"https:\/\/acontrecourant.qc.ca\/en\/#website\",\"url\":\"https:\/\/acontrecourant.qc.ca\/en\/\",\"name\":\"\u00c0 Contre Courant\",\"description\":\"Bienvenue \u00e0 Montr\u00e9al\",\"potentialAction\":[{\"@type\":\"SearchAction\",\"target\":{\"@type\":\"EntryPoint\",\"urlTemplate\":\"https:\/\/acontrecourant.qc.ca\/en\/?s={search_term_string}\"},\"query-input\":{\"@type\":\"PropertyValueSpecification\",\"valueRequired\":true,\"valueName\":\"search_term_string\"}}],\"inLanguage\":\"en-CA\"}]}<\/script>\n<!-- \/ Yoast SEO plugin. -->","yoast_head_json":{"title":"2020 Provincial Masters Swimming Championship - \u00c0 Contre Courant","robots":{"index":"index","follow":"follow","max-snippet":"max-snippet:-1","max-image-preview":"max-image-preview:large","max-video-preview":"max-video-preview:-1"},"canonical":"https:\/\/acontrecourant.qc.ca\/en\/events\/provincial-championship-2020\/","schema":{"@context":"https:\/\/schema.org","@graph":[{"@type":"WebPage","@id":"https:\/\/acontrecourant.qc.ca\/en\/events\/provincial-championship-2020\/","url":"https:\/\/acontrecourant.qc.ca\/en\/events\/provincial-championship-2020\/","name":"2020 Provincial Masters Swimming Championship - \u00c0 Contre Courant","isPartOf":{"@id":"https:\/\/acontrecourant.qc.ca\/en\/#website"},"datePublished":"2020-02-16T16:59:35+00:00","dateModified":"2020-03-10T18:57:59+00:00","breadcrumb":{"@id":"https:\/\/acontrecourant.qc.ca\/en\/events\/provincial-championship-2020\/#breadcrumb"},"inLanguage":"en-CA","potentialAction":[{"@type":"ReadAction","target":["https:\/\/acontrecourant.qc.ca\/en\/events\/provincial-championship-2020\/"]}]},{"@type":"BreadcrumbList","@id":"https:\/\/acontrecourant.qc.ca\/en\/events\/provincial-championship-2020\/#breadcrumb","itemListElement":[{"@type":"ListItem","position":1,"name":"Events","item":"https:\/\/acontrecourant.qc.ca\/en\/events\/"},{"@type":"ListItem","position":2,"name":"2020 Provincial Masters Swimming Championship"}]},{"@type":"WebSite","@id":"https:\/\/acontrecourant.qc.ca\/en\/#website","url":"https:\/\/acontrecourant.qc.ca\/en\/","name":"\u00c0 Contre Courant","description":"Bienvenue \u00e0 Montr\u00e9al","potentialAction":[{"@type":"SearchAction","target":{"@type":"EntryPoint","urlTemplate":"https:\/\/acontrecourant.qc.ca\/en\/?s={search_term_string}"},"query-input":{"@type":"PropertyValueSpecification","valueRequired":true,"valueName":"search_term_string"}}],"inLanguage":"en-CA"}]}},"_links":{"self":[{"href":"https:\/\/acontrecourant.qc.ca\/en\/wp-json\/wp\/v2\/pages\/2679\/"}],"collection":[{"href":"https:\/\/acontrecourant.qc.ca\/en\/wp-json\/wp\/v2\/pages\/"}],"about":[{"href":"https:\/\/acontrecourant.qc.ca\/en\/wp-json\/wp\/v2\/types\/page\/"}],"author":[{"embeddable":true,"href":"https:\/\/acontrecourant.qc.ca\/en\/wp-json\/wp\/v2\/users\/9\/"}],"replies":[{"embeddable":true,"href":"https:\/\/acontrecourant.qc.ca\/en\/wp-json\/wp\/v2\/comments\/?post=2679"}],"version-history":[{"count":9,"href":"https:\/\/acontrecourant.qc.ca\/en\/wp-json\/wp\/v2\/pages\/2679\/revisions\/"}],"predecessor-version":[{"id":2730,"href":"https:\/\/acontrecourant.qc.ca\/en\/wp-json\/wp\/v2\/pages\/2679\/revisions\/2730\/"}],"up":[{"embeddable":true,"href":"https:\/\/acontrecourant.qc.ca\/en\/wp-json\/wp\/v2\/pages\/191\/"}],"wp:attachment":[{"href":"https:\/\/acontrecourant.qc.ca\/en\/wp-json\/wp\/v2\/media\/?parent=2679"}],"curies":[{"name":"wp","href":"https:\/\/api.w.org\/{rel}","templated":true}]}}