{"id":240,"date":"2013-07-25T13:08:11","date_gmt":"2013-07-25T17:08:11","guid":{"rendered":"http:\/\/acontrecourant.qc.ca\/?page_id=240"},"modified":"2015-01-13T14:32:22","modified_gmt":"2015-01-13T19:32:22","slug":"records","status":"publish","type":"page","link":"https:\/\/acontrecourant.qc.ca\/en\/member-zone\/records\/","title":{"rendered":"Club records"},"content":{"rendered":"<p><a href=\"http:\/\/spreadsheets.google.com\/lv?key=0AmUOsIicPwd4dGg2M3VLQl9EMzJEQ0FZX0VkNVRyNEE&amp;type=view&amp;hl=en&amp;rowsperpage=500\" target=\"tableau\">Women<\/a>\u00a0 <a href=\"http:\/\/spreadsheets.google.com\/pub?key=th63uKB_D32DCAY_Ed5Tr4A&amp;output=html\" target=\"_blank\">[Print\u00a0 ]<\/a>\u00a0&#8211; <a href=\"http:\/\/spreadsheets.google.com\/lv?key=0AmUOsIicPwd4dFJiNkFEWm5CYXNXeTVQUl8yNVlFSWc&amp;type=view&amp;hl=en&amp;rowsperpage=500\" target=\"tableau\">Men<\/a>\u00a0 <a href=\"http:\/\/spreadsheets.google.com\/pub?key=tRb6ADZnBasWy5PR_25YEIg&amp;output=html\" target=\"_blank\">[Print ]<\/a>\u00a0&#8211; <a href=\"http:\/\/spreadsheets.google.com\/lv?key=ts5eU_tj9ZAwuO261oY4VpQ&amp;type=view&amp;hl=en&amp;rowsperpage=500\" target=\"tableau\">Relays<\/a>\u00a0 <a href=\"http:\/\/spreadsheets.google.com\/pub?key=ts5eU_tj9ZAwuO261oY4VpQ&amp;output=html\" target=\"_blank\">[Print ]<\/a>\u00a0&#8212; <a href=\"http:\/\/spreadsheets.google.com\/ccc?key=0AmUOsIicPwd4dEZ3bHF4aDBacDBhMzdVRkNOQnJHalE&amp;hl=en\" target=\"_blank\">Show the complete spreadsheet in a new window <\/a><br \/>\n<iframe loading=\"lazy\" name=\"tableau\" src=\"http:\/\/acontrecourant.qc.ca\/wp-content\/uploads\/htm\/instructions-records-en.htm\" height=\"500\" width=\"100%\" frameborder=\"0\"><\/iframe><\/p>\n","protected":false},"excerpt":{"rendered":"<p>Women\u00a0 [Print\u00a0 ]\u00a0&#8211; Men\u00a0 [Print ]\u00a0&#8211; Relays\u00a0 [Print ]\u00a0&#8212; Show the complete spreadsheet in a new window<\/p>\n","protected":false},"author":8,"featured_media":0,"parent":233,"menu_order":0,"comment_status":"closed","ping_status":"closed","template":"page-full-width.php","meta":{"_acf_changed":false,"footnotes":""},"class_list":["post-240","page","type-page","status-publish","hentry"],"acf":[],"yoast_head":"<!-- This site is optimized with the Yoast SEO plugin v26.3 - https:\/\/yoast.com\/wordpress\/plugins\/seo\/ -->\n<title>Club records - \u00c0 Contre Courant<\/title>\n<meta name=\"robots\" content=\"index, follow, max-snippet:-1, max-image-preview:large, max-video-preview:-1\" \/>\n<link rel=\"canonical\" href=\"https:\/\/acontrecourant.qc.ca\/en\/member-zone\/records\/\" \/>\n<script type=\"application\/ld+json\" class=\"yoast-schema-graph\">{\"@context\":\"https:\/\/schema.org\",\"@graph\":[{\"@type\":\"WebPage\",\"@id\":\"https:\/\/acontrecourant.qc.ca\/en\/member-zone\/records\/\",\"url\":\"https:\/\/acontrecourant.qc.ca\/en\/member-zone\/records\/\",\"name\":\"Club records - \u00c0 Contre Courant\",\"isPartOf\":{\"@id\":\"https:\/\/acontrecourant.qc.ca\/en\/#website\"},\"datePublished\":\"2013-07-25T17:08:11+00:00\",\"dateModified\":\"2015-01-13T19:32:22+00:00\",\"breadcrumb\":{\"@id\":\"https:\/\/acontrecourant.qc.ca\/en\/member-zone\/records\/#breadcrumb\"},\"inLanguage\":\"en-CA\",\"potentialAction\":[{\"@type\":\"ReadAction\",\"target\":[\"https:\/\/acontrecourant.qc.ca\/en\/member-zone\/records\/\"]}]},{\"@type\":\"BreadcrumbList\",\"@id\":\"https:\/\/acontrecourant.qc.ca\/en\/member-zone\/records\/#breadcrumb\",\"itemListElement\":[{\"@type\":\"ListItem\",\"position\":1,\"name\":\"For members\",\"item\":\"https:\/\/acontrecourant.qc.ca\/en\/member-zone\/\"},{\"@type\":\"ListItem\",\"position\":2,\"name\":\"Club records\"}]},{\"@type\":\"WebSite\",\"@id\":\"https:\/\/acontrecourant.qc.ca\/en\/#website\",\"url\":\"https:\/\/acontrecourant.qc.ca\/en\/\",\"name\":\"\u00c0 Contre Courant\",\"description\":\"Bienvenue \u00e0 Montr\u00e9al\",\"potentialAction\":[{\"@type\":\"SearchAction\",\"target\":{\"@type\":\"EntryPoint\",\"urlTemplate\":\"https:\/\/acontrecourant.qc.ca\/en\/?s={search_term_string}\"},\"query-input\":{\"@type\":\"PropertyValueSpecification\",\"valueRequired\":true,\"valueName\":\"search_term_string\"}}],\"inLanguage\":\"en-CA\"}]}<\/script>\n<!-- \/ Yoast SEO plugin. -->","yoast_head_json":{"title":"Club records - \u00c0 Contre Courant","robots":{"index":"index","follow":"follow","max-snippet":"max-snippet:-1","max-image-preview":"max-image-preview:large","max-video-preview":"max-video-preview:-1"},"canonical":"https:\/\/acontrecourant.qc.ca\/en\/member-zone\/records\/","schema":{"@context":"https:\/\/schema.org","@graph":[{"@type":"WebPage","@id":"https:\/\/acontrecourant.qc.ca\/en\/member-zone\/records\/","url":"https:\/\/acontrecourant.qc.ca\/en\/member-zone\/records\/","name":"Club records - \u00c0 Contre Courant","isPartOf":{"@id":"https:\/\/acontrecourant.qc.ca\/en\/#website"},"datePublished":"2013-07-25T17:08:11+00:00","dateModified":"2015-01-13T19:32:22+00:00","breadcrumb":{"@id":"https:\/\/acontrecourant.qc.ca\/en\/member-zone\/records\/#breadcrumb"},"inLanguage":"en-CA","potentialAction":[{"@type":"ReadAction","target":["https:\/\/acontrecourant.qc.ca\/en\/member-zone\/records\/"]}]},{"@type":"BreadcrumbList","@id":"https:\/\/acontrecourant.qc.ca\/en\/member-zone\/records\/#breadcrumb","itemListElement":[{"@type":"ListItem","position":1,"name":"For members","item":"https:\/\/acontrecourant.qc.ca\/en\/member-zone\/"},{"@type":"ListItem","position":2,"name":"Club records"}]},{"@type":"WebSite","@id":"https:\/\/acontrecourant.qc.ca\/en\/#website","url":"https:\/\/acontrecourant.qc.ca\/en\/","name":"\u00c0 Contre Courant","description":"Bienvenue \u00e0 Montr\u00e9al","potentialAction":[{"@type":"SearchAction","target":{"@type":"EntryPoint","urlTemplate":"https:\/\/acontrecourant.qc.ca\/en\/?s={search_term_string}"},"query-input":{"@type":"PropertyValueSpecification","valueRequired":true,"valueName":"search_term_string"}}],"inLanguage":"en-CA"}]}},"_links":{"self":[{"href":"https:\/\/acontrecourant.qc.ca\/en\/wp-json\/wp\/v2\/pages\/240\/"}],"collection":[{"href":"https:\/\/acontrecourant.qc.ca\/en\/wp-json\/wp\/v2\/pages\/"}],"about":[{"href":"https:\/\/acontrecourant.qc.ca\/en\/wp-json\/wp\/v2\/types\/page\/"}],"author":[{"embeddable":true,"href":"https:\/\/acontrecourant.qc.ca\/en\/wp-json\/wp\/v2\/users\/8\/"}],"replies":[{"embeddable":true,"href":"https:\/\/acontrecourant.qc.ca\/en\/wp-json\/wp\/v2\/comments\/?post=240"}],"version-history":[{"count":12,"href":"https:\/\/acontrecourant.qc.ca\/en\/wp-json\/wp\/v2\/pages\/240\/revisions\/"}],"predecessor-version":[{"id":983,"href":"https:\/\/acontrecourant.qc.ca\/en\/wp-json\/wp\/v2\/pages\/240\/revisions\/983\/"}],"up":[{"embeddable":true,"href":"https:\/\/acontrecourant.qc.ca\/en\/wp-json\/wp\/v2\/pages\/233\/"}],"wp:attachment":[{"href":"https:\/\/acontrecourant.qc.ca\/en\/wp-json\/wp\/v2\/media\/?parent=240"}],"curies":[{"name":"wp","href":"https:\/\/api.w.org\/{rel}","templated":true}]}}