{"id":237,"date":"2013-07-25T13:05:44","date_gmt":"2013-07-25T17:05:44","guid":{"rendered":"http:\/\/acontrecourant.qc.ca\/?page_id=237"},"modified":"2024-01-04T04:23:14","modified_gmt":"2024-01-04T09:23:14","slug":"competitions","status":"publish","type":"page","link":"https:\/\/acontrecourant.qc.ca\/en\/member-zone\/competitions\/","title":{"rendered":"Registration to swim meets for members"},"content":{"rendered":"<p>If you are a member of ACC and want to register for most swim meets taking place in Quebec, you need to follow the following procedure. This will ensure that all the team&#8217;s entries will be sent together.<\/p>\n<p>These instructions apply only to swimming competitions. For other sports, please consult with their respective coordinators.<\/p>\n<h2><span style=\"font-size: 1.5em;\">Steps to register for a swim meet<\/span><\/h2>\n<ol>\n<li>Swimmers who want to participate in a meet should send their event selection (with entry time) to: <a href=\"mailto:registraire@acontrecourant.qc.ca\">registraire@acontrecourant.qc.ca<\/a><\/li>\n<li>The Registrar will send you a confirmation of your registration.<\/li>\n<li>Event fees are indicated in the swim meet program. Please return your payment to Audrey Laisney, swim club Treasurer by <strong>cheque<\/strong> (please issue it to the order of A Contre Courant or ACC.). If you prefer to pay with <strong>Interac<\/strong>, then send your Interac transfer via email to <a href=\"mailto:tresorerie.natation@acontrecourant.qc.ca\" data-linkindex=\"0\">tresorerie.natation@acontrecourant.qc.ca<\/a>.\n<div dir=\"auto\"><\/div>\n<div dir=\"auto\"><\/div>\n<div dir=\"auto\"><em>It is important to clearly indicate within the Message section of the transfer which competition it is for and the swimmer&#8217;s name.\u00a0<\/em><\/div>\n<div dir=\"auto\"><\/div>\n<p><em><strong>Each swimmer that participates to a swim meet is responsible for verifying the amount owed per the meet&#8217;s Program. No invoice will be sent.\u00a0<\/strong><\/em><\/li>\n<\/ol>\n<p>Remember that you don&#8217;t have to worry about paying for the relays. ACC takes care of paying those registration fees for everyone!<\/p>\n<p>Meet schedule is available on the\u00a0 <a href=\"https:\/\/www.swimming.ca\/en\/events-results\/live-upcoming-meets\/?province=10\">Swimming Canada website<\/a>.<\/p>\n<p style=\"text-align: left;\" align=\"center\"><strong>Thank you and have a great meet!<\/strong><\/p>\n","protected":false},"excerpt":{"rendered":"<p>If you are a member of ACC and want to register for most swim meets taking place in Quebec, you need to follow the following procedure. This will ensure that all the team&#8217;s entries will be sent together. These instructions apply only to swimming competitions. For other sports, please consult with their respective coordinators. Steps [&hellip;]<\/p>\n","protected":false},"author":8,"featured_media":0,"parent":233,"menu_order":0,"comment_status":"closed","ping_status":"closed","template":"page-full-width.php","meta":{"_acf_changed":false,"footnotes":""},"class_list":["post-237","page","type-page","status-publish","hentry"],"acf":[],"yoast_head":"<!-- This site is optimized with the Yoast SEO plugin v26.3 - https:\/\/yoast.com\/wordpress\/plugins\/seo\/ -->\n<title>Registration to swim meets for members - \u00c0 Contre Courant<\/title>\n<meta name=\"robots\" content=\"index, follow, max-snippet:-1, max-image-preview:large, max-video-preview:-1\" \/>\n<link rel=\"canonical\" href=\"https:\/\/acontrecourant.qc.ca\/en\/member-zone\/competitions\/\" \/>\n<meta name=\"twitter:label1\" content=\"Est. reading time\" \/>\n\t<meta name=\"twitter:data1\" content=\"1 minute\" \/>\n<script type=\"application\/ld+json\" class=\"yoast-schema-graph\">{\"@context\":\"https:\/\/schema.org\",\"@graph\":[{\"@type\":\"WebPage\",\"@id\":\"https:\/\/acontrecourant.qc.ca\/en\/member-zone\/competitions\/\",\"url\":\"https:\/\/acontrecourant.qc.ca\/en\/member-zone\/competitions\/\",\"name\":\"Registration to swim meets for members - \u00c0 Contre Courant\",\"isPartOf\":{\"@id\":\"https:\/\/acontrecourant.qc.ca\/en\/#website\"},\"datePublished\":\"2013-07-25T17:05:44+00:00\",\"dateModified\":\"2024-01-04T09:23:14+00:00\",\"breadcrumb\":{\"@id\":\"https:\/\/acontrecourant.qc.ca\/en\/member-zone\/competitions\/#breadcrumb\"},\"inLanguage\":\"en-CA\",\"potentialAction\":[{\"@type\":\"ReadAction\",\"target\":[\"https:\/\/acontrecourant.qc.ca\/en\/member-zone\/competitions\/\"]}]},{\"@type\":\"BreadcrumbList\",\"@id\":\"https:\/\/acontrecourant.qc.ca\/en\/member-zone\/competitions\/#breadcrumb\",\"itemListElement\":[{\"@type\":\"ListItem\",\"position\":1,\"name\":\"For members\",\"item\":\"https:\/\/acontrecourant.qc.ca\/en\/member-zone\/\"},{\"@type\":\"ListItem\",\"position\":2,\"name\":\"Registration to swim meets for members\"}]},{\"@type\":\"WebSite\",\"@id\":\"https:\/\/acontrecourant.qc.ca\/en\/#website\",\"url\":\"https:\/\/acontrecourant.qc.ca\/en\/\",\"name\":\"\u00c0 Contre Courant\",\"description\":\"Bienvenue \u00e0 Montr\u00e9al\",\"potentialAction\":[{\"@type\":\"SearchAction\",\"target\":{\"@type\":\"EntryPoint\",\"urlTemplate\":\"https:\/\/acontrecourant.qc.ca\/en\/?s={search_term_string}\"},\"query-input\":{\"@type\":\"PropertyValueSpecification\",\"valueRequired\":true,\"valueName\":\"search_term_string\"}}],\"inLanguage\":\"en-CA\"}]}<\/script>\n<!-- \/ Yoast SEO plugin. -->","yoast_head_json":{"title":"Registration to swim meets for members - \u00c0 Contre Courant","robots":{"index":"index","follow":"follow","max-snippet":"max-snippet:-1","max-image-preview":"max-image-preview:large","max-video-preview":"max-video-preview:-1"},"canonical":"https:\/\/acontrecourant.qc.ca\/en\/member-zone\/competitions\/","twitter_misc":{"Est. reading time":"1 minute"},"schema":{"@context":"https:\/\/schema.org","@graph":[{"@type":"WebPage","@id":"https:\/\/acontrecourant.qc.ca\/en\/member-zone\/competitions\/","url":"https:\/\/acontrecourant.qc.ca\/en\/member-zone\/competitions\/","name":"Registration to swim meets for members - \u00c0 Contre Courant","isPartOf":{"@id":"https:\/\/acontrecourant.qc.ca\/en\/#website"},"datePublished":"2013-07-25T17:05:44+00:00","dateModified":"2024-01-04T09:23:14+00:00","breadcrumb":{"@id":"https:\/\/acontrecourant.qc.ca\/en\/member-zone\/competitions\/#breadcrumb"},"inLanguage":"en-CA","potentialAction":[{"@type":"ReadAction","target":["https:\/\/acontrecourant.qc.ca\/en\/member-zone\/competitions\/"]}]},{"@type":"BreadcrumbList","@id":"https:\/\/acontrecourant.qc.ca\/en\/member-zone\/competitions\/#breadcrumb","itemListElement":[{"@type":"ListItem","position":1,"name":"For members","item":"https:\/\/acontrecourant.qc.ca\/en\/member-zone\/"},{"@type":"ListItem","position":2,"name":"Registration to swim meets for members"}]},{"@type":"WebSite","@id":"https:\/\/acontrecourant.qc.ca\/en\/#website","url":"https:\/\/acontrecourant.qc.ca\/en\/","name":"\u00c0 Contre Courant","description":"Bienvenue \u00e0 Montr\u00e9al","potentialAction":[{"@type":"SearchAction","target":{"@type":"EntryPoint","urlTemplate":"https:\/\/acontrecourant.qc.ca\/en\/?s={search_term_string}"},"query-input":{"@type":"PropertyValueSpecification","valueRequired":true,"valueName":"search_term_string"}}],"inLanguage":"en-CA"}]}},"_links":{"self":[{"href":"https:\/\/acontrecourant.qc.ca\/en\/wp-json\/wp\/v2\/pages\/237\/"}],"collection":[{"href":"https:\/\/acontrecourant.qc.ca\/en\/wp-json\/wp\/v2\/pages\/"}],"about":[{"href":"https:\/\/acontrecourant.qc.ca\/en\/wp-json\/wp\/v2\/types\/page\/"}],"author":[{"embeddable":true,"href":"https:\/\/acontrecourant.qc.ca\/en\/wp-json\/wp\/v2\/users\/8\/"}],"replies":[{"embeddable":true,"href":"https:\/\/acontrecourant.qc.ca\/en\/wp-json\/wp\/v2\/comments\/?post=237"}],"version-history":[{"count":15,"href":"https:\/\/acontrecourant.qc.ca\/en\/wp-json\/wp\/v2\/pages\/237\/revisions\/"}],"predecessor-version":[{"id":4603,"href":"https:\/\/acontrecourant.qc.ca\/en\/wp-json\/wp\/v2\/pages\/237\/revisions\/4603\/"}],"up":[{"embeddable":true,"href":"https:\/\/acontrecourant.qc.ca\/en\/wp-json\/wp\/v2\/pages\/233\/"}],"wp:attachment":[{"href":"https:\/\/acontrecourant.qc.ca\/en\/wp-json\/wp\/v2\/media\/?parent=237"}],"curies":[{"name":"wp","href":"https:\/\/api.w.org\/{rel}","templated":true}]}}