{"id":227,"date":"2013-07-25T11:30:55","date_gmt":"2013-07-25T15:30:55","guid":{"rendered":"http:\/\/acontrecourant.qc.ca\/?page_id=227"},"modified":"2013-09-15T10:39:37","modified_gmt":"2013-09-15T14:39:37","slug":"swimming","status":"publish","type":"page","link":"https:\/\/acontrecourant.qc.ca\/en\/sports\/swimming\/","title":{"rendered":"Swimming"},"content":{"rendered":"<h2>Competitions<\/h2>\n<p>Not all members of \u00c0 Contre-Courant are fervent competitors. In fact, many of them have no other ambition than to stay in shape by practicing their favourite sport, and that is just fine. Nevertheless, while not mandatory, competitions remain an essential part of the club&#8217;s raison d&#8217;\u00eatre.<\/p>\n<p>As a gay and lesbian team, ACC makes it a priority to send delegations to LGBT competitions all over the world.<\/p>\n<p>In July 2001, 50 Montreal athletes travelled to Toronto for the IGLA championship. \u00c0 Contre-Courant was also represented in November 2002 for Gay Games VI, in Sydney, Australia by about twenty swimmers.<\/p>\n<div id=\"attachment_90\" style=\"width: 310px\" class=\"wp-caption alignright\"><img loading=\"lazy\" decoding=\"async\" aria-describedby=\"caption-attachment-90\" class=\"size-full wp-image-90  \" alt=\"Une des prestations d'\u00c0 Contre-Courant au \u00ab relais Flamant rose \u00bb\" src=\"http:\/\/acontrecourant.qc.ca\/wp-content\/uploads\/pink_flamingo.jpg\" width=\"300\" height=\"188\" \/><p id=\"caption-attachment-90\" class=\"wp-caption-text\">A previous Pink Flamingo delegation from \u00c0 Contre-Courant<\/p><\/div>\n<p>In the gay and lesbian swimming scene, competitions often include a special event called the Pink Flamingo Relay. Before the actual relay, participating teams must present an imaginative piece of choreography. A jury grants points for the artistic quality of the presentation, which carries more weight than the actual relay time when deciding the winners. \u00c0 Contre-Courant has distinguished itself several times in this event. In 1994, at Gay Games IV in New York, the Montreal delegation won first place with a moving number evoking the tragedy of AIDS.<\/p>\n<p>ACC also regularly participates in provincial meets and in the Canadian and world championships, especially when they take place close to home. This was the case in July 1994, when the 5<sup>th<\/sup> International Master Swimmers Championship was held at Montreal&#8217;s Olympic Park. A delegation of 25 athletes defended the club&#8217;s colours. More recently, in May 2011, more than 40 swimmers participated in the Canadian Championships in Montreal and the team finished in second place in overall team scores.<\/p>\n<p>Several members of \u00c0 Contre-Courant place among the top 20 Canadian swimmers in their age groups, and some hold provincial and national records. The club has also performed very well as a group. In 1998, for example, it ranked first in Quebec and throughout Canada for the total number of points accumulated in competitions in men&#8217;s events, and second in Quebec (third in Canada) with respect to overall points (men and women). In 2001, ACC ranked second in Quebec for the total number of points in men&#8217;s events and for overall points.<\/p>\n<p>Over the years, \u00c0 Contre-Courant has gained a solid reputation for its organization of sporting events. It all began in October 1991, with the first Coupe de Montr\u00e9al des ma\u00eetres nageurs gais et lesbiennes. This ACC-organized swim meet went on to become an annual event, with the 20<sup>th<\/sup> edition to be held in November 2013.<\/p>\n<p>In 1995, the Montreal club hosted the seventh IGLA World Championship. This international event brought together almost 700 athletes from eight countries under the theme <em>Eau en couleur<\/em>! The four aquatic disciplines were represented from October 6 to 8 in the pools of the Olympic Park.<\/p>\n<p>Another proud moment occurred during the 17th Manulife Provincial Masters Swimming Championship, organized by ACC at the request of the F\u00e9d\u00e9ration de natation du Qu\u00e9bec. Over 700 athletes representing 46 clubs attended the meet at the Centre Claude-Robillard in Montreal from April 24 to 26, 1998. The event mobilized 70 major officials, 100 level 1 officials and 40-odd volunteers.<\/p>\n<p>In order to organize high-quality sporting events, ACC maintains a reserve of accredited officials, some of whom have obtained the level of stroke or turn judge, chief timer or meet manager. Their experience and competency are assets the club is happy to be able to count on.<\/p>\n","protected":false},"excerpt":{"rendered":"<p>Competitions Not all members of \u00c0 Contre-Courant are fervent competitors. In fact, many of them have no other ambition than to stay in shape by practicing their favourite sport, and that is just fine. Nevertheless, while not mandatory, competitions remain an essential part of the club&#8217;s raison d&#8217;\u00eatre. As a gay and lesbian team, ACC [&hellip;]<\/p>\n","protected":false},"author":8,"featured_media":0,"parent":193,"menu_order":0,"comment_status":"closed","ping_status":"closed","template":"page-full-width.php","meta":{"_acf_changed":false,"footnotes":""},"class_list":["post-227","page","type-page","status-publish","hentry"],"acf":[],"yoast_head":"<!-- This site is optimized with the Yoast SEO plugin v26.3 - https:\/\/yoast.com\/wordpress\/plugins\/seo\/ -->\n<title>Swimming - \u00c0 Contre Courant<\/title>\n<meta name=\"robots\" content=\"index, follow, max-snippet:-1, max-image-preview:large, max-video-preview:-1\" \/>\n<link rel=\"canonical\" href=\"https:\/\/acontrecourant.qc.ca\/en\/sports\/swimming\/\" \/>\n<meta name=\"twitter:label1\" content=\"Est. reading time\" \/>\n\t<meta name=\"twitter:data1\" content=\"3 minutes\" \/>\n<script type=\"application\/ld+json\" class=\"yoast-schema-graph\">{\"@context\":\"https:\/\/schema.org\",\"@graph\":[{\"@type\":\"WebPage\",\"@id\":\"https:\/\/acontrecourant.qc.ca\/en\/sports\/swimming\/\",\"url\":\"https:\/\/acontrecourant.qc.ca\/en\/sports\/swimming\/\",\"name\":\"Swimming - \u00c0 Contre Courant\",\"isPartOf\":{\"@id\":\"https:\/\/acontrecourant.qc.ca\/en\/#website\"},\"primaryImageOfPage\":{\"@id\":\"https:\/\/acontrecourant.qc.ca\/en\/sports\/swimming\/#primaryimage\"},\"image\":{\"@id\":\"https:\/\/acontrecourant.qc.ca\/en\/sports\/swimming\/#primaryimage\"},\"thumbnailUrl\":\"http:\/\/acontrecourant.qc.ca\/wp-content\/uploads\/pink_flamingo.jpg\",\"datePublished\":\"2013-07-25T15:30:55+00:00\",\"dateModified\":\"2013-09-15T14:39:37+00:00\",\"breadcrumb\":{\"@id\":\"https:\/\/acontrecourant.qc.ca\/en\/sports\/swimming\/#breadcrumb\"},\"inLanguage\":\"en-CA\",\"potentialAction\":[{\"@type\":\"ReadAction\",\"target\":[\"https:\/\/acontrecourant.qc.ca\/en\/sports\/swimming\/\"]}]},{\"@type\":\"ImageObject\",\"inLanguage\":\"en-CA\",\"@id\":\"https:\/\/acontrecourant.qc.ca\/en\/sports\/swimming\/#primaryimage\",\"url\":\"http:\/\/acontrecourant.qc.ca\/wp-content\/uploads\/pink_flamingo.jpg\",\"contentUrl\":\"http:\/\/acontrecourant.qc.ca\/wp-content\/uploads\/pink_flamingo.jpg\"},{\"@type\":\"BreadcrumbList\",\"@id\":\"https:\/\/acontrecourant.qc.ca\/en\/sports\/swimming\/#breadcrumb\",\"itemListElement\":[{\"@type\":\"ListItem\",\"position\":1,\"name\":\"Sports\",\"item\":\"https:\/\/acontrecourant.qc.ca\/en\/sports\/\"},{\"@type\":\"ListItem\",\"position\":2,\"name\":\"Swimming\"}]},{\"@type\":\"WebSite\",\"@id\":\"https:\/\/acontrecourant.qc.ca\/en\/#website\",\"url\":\"https:\/\/acontrecourant.qc.ca\/en\/\",\"name\":\"\u00c0 Contre Courant\",\"description\":\"Bienvenue \u00e0 Montr\u00e9al\",\"potentialAction\":[{\"@type\":\"SearchAction\",\"target\":{\"@type\":\"EntryPoint\",\"urlTemplate\":\"https:\/\/acontrecourant.qc.ca\/en\/?s={search_term_string}\"},\"query-input\":{\"@type\":\"PropertyValueSpecification\",\"valueRequired\":true,\"valueName\":\"search_term_string\"}}],\"inLanguage\":\"en-CA\"}]}<\/script>\n<!-- \/ Yoast SEO plugin. -->","yoast_head_json":{"title":"Swimming - \u00c0 Contre Courant","robots":{"index":"index","follow":"follow","max-snippet":"max-snippet:-1","max-image-preview":"max-image-preview:large","max-video-preview":"max-video-preview:-1"},"canonical":"https:\/\/acontrecourant.qc.ca\/en\/sports\/swimming\/","twitter_misc":{"Est. reading time":"3 minutes"},"schema":{"@context":"https:\/\/schema.org","@graph":[{"@type":"WebPage","@id":"https:\/\/acontrecourant.qc.ca\/en\/sports\/swimming\/","url":"https:\/\/acontrecourant.qc.ca\/en\/sports\/swimming\/","name":"Swimming - \u00c0 Contre Courant","isPartOf":{"@id":"https:\/\/acontrecourant.qc.ca\/en\/#website"},"primaryImageOfPage":{"@id":"https:\/\/acontrecourant.qc.ca\/en\/sports\/swimming\/#primaryimage"},"image":{"@id":"https:\/\/acontrecourant.qc.ca\/en\/sports\/swimming\/#primaryimage"},"thumbnailUrl":"http:\/\/acontrecourant.qc.ca\/wp-content\/uploads\/pink_flamingo.jpg","datePublished":"2013-07-25T15:30:55+00:00","dateModified":"2013-09-15T14:39:37+00:00","breadcrumb":{"@id":"https:\/\/acontrecourant.qc.ca\/en\/sports\/swimming\/#breadcrumb"},"inLanguage":"en-CA","potentialAction":[{"@type":"ReadAction","target":["https:\/\/acontrecourant.qc.ca\/en\/sports\/swimming\/"]}]},{"@type":"ImageObject","inLanguage":"en-CA","@id":"https:\/\/acontrecourant.qc.ca\/en\/sports\/swimming\/#primaryimage","url":"http:\/\/acontrecourant.qc.ca\/wp-content\/uploads\/pink_flamingo.jpg","contentUrl":"http:\/\/acontrecourant.qc.ca\/wp-content\/uploads\/pink_flamingo.jpg"},{"@type":"BreadcrumbList","@id":"https:\/\/acontrecourant.qc.ca\/en\/sports\/swimming\/#breadcrumb","itemListElement":[{"@type":"ListItem","position":1,"name":"Sports","item":"https:\/\/acontrecourant.qc.ca\/en\/sports\/"},{"@type":"ListItem","position":2,"name":"Swimming"}]},{"@type":"WebSite","@id":"https:\/\/acontrecourant.qc.ca\/en\/#website","url":"https:\/\/acontrecourant.qc.ca\/en\/","name":"\u00c0 Contre Courant","description":"Bienvenue \u00e0 Montr\u00e9al","potentialAction":[{"@type":"SearchAction","target":{"@type":"EntryPoint","urlTemplate":"https:\/\/acontrecourant.qc.ca\/en\/?s={search_term_string}"},"query-input":{"@type":"PropertyValueSpecification","valueRequired":true,"valueName":"search_term_string"}}],"inLanguage":"en-CA"}]}},"_links":{"self":[{"href":"https:\/\/acontrecourant.qc.ca\/en\/wp-json\/wp\/v2\/pages\/227\/"}],"collection":[{"href":"https:\/\/acontrecourant.qc.ca\/en\/wp-json\/wp\/v2\/pages\/"}],"about":[{"href":"https:\/\/acontrecourant.qc.ca\/en\/wp-json\/wp\/v2\/types\/page\/"}],"author":[{"embeddable":true,"href":"https:\/\/acontrecourant.qc.ca\/en\/wp-json\/wp\/v2\/users\/8\/"}],"replies":[{"embeddable":true,"href":"https:\/\/acontrecourant.qc.ca\/en\/wp-json\/wp\/v2\/comments\/?post=227"}],"version-history":[{"count":4,"href":"https:\/\/acontrecourant.qc.ca\/en\/wp-json\/wp\/v2\/pages\/227\/revisions\/"}],"predecessor-version":[{"id":1058,"href":"https:\/\/acontrecourant.qc.ca\/en\/wp-json\/wp\/v2\/pages\/227\/revisions\/1058\/"}],"up":[{"embeddable":true,"href":"https:\/\/acontrecourant.qc.ca\/en\/wp-json\/wp\/v2\/pages\/193\/"}],"wp:attachment":[{"href":"https:\/\/acontrecourant.qc.ca\/en\/wp-json\/wp\/v2\/media\/?parent=227"}],"curies":[{"name":"wp","href":"https:\/\/api.w.org\/{rel}","templated":true}]}}