{"id":225,"date":"2013-07-25T11:29:12","date_gmt":"2013-07-25T15:29:12","guid":{"rendered":"http:\/\/acontrecourant.qc.ca\/?page_id=225"},"modified":"2013-09-14T21:55:34","modified_gmt":"2013-09-15T01:55:34","slug":"synchro","status":"publish","type":"page","link":"https:\/\/acontrecourant.qc.ca\/en\/sports\/synchro\/","title":{"rendered":"Synchronized swimming"},"content":{"rendered":"<p><img loading=\"lazy\" decoding=\"async\" class=\" wp-image-95 alignright\" alt=\"imagesynchro\" src=\"http:\/\/acontrecourant.qc.ca\/wp-content\/uploads\/imagesynchro.jpg?w=300\" width=\"300\" height=\"199\" \/>Synchronized swimming became a regular activity at \u00c0 Contre-Courant in March 1994. By April 29<sup>th<\/sup> of the following year, the club was sufficiently organized to host the sport&#8217;s Provincial Masters Championships, which attracted some 40 athletes. In October 1995, synchronized swimming was part of the program at IGLA 95, an event organized by ACC. That marked a first in the history of IGLA, and the response was tremendous, thanks in particular to the presence of male competitors\u00a0\u2013 a huge first for many spectators of this sport. Finally, on May 25, 1996, ACC hosted the Provincial Synchronized Swimming Championships at the C\u00e9gep du Vieux Montr\u00e9al.<\/p>\n<p>Currently, ACC&#8217;s synchro program doesn&#8217;t include a competitive component. The activity takes place during the fall and winter sessions and breaks for the summer. Now back again with ACC, coach Melissa Dickner. Her suggested goal: develop an individual program set to music from September to May and perform it during a mini-gala held at the end of the year.<\/p>\n<p>For more information, please contact <a href=\"http:\/\/acontrecourant.qc.ca\/en\/sports\/synchro\/\">info@acontrecourant.qc.ca<\/a>.<\/p>\n","protected":false},"excerpt":{"rendered":"<p>Synchronized swimming became a regular activity at \u00c0 Contre-Courant in March 1994. By April 29th of the following year, the club was sufficiently organized to host the sport&#8217;s Provincial Masters Championships, which attracted some 40 athletes. In October 1995, synchronized swimming was part of the program at IGLA 95, an event organized by ACC. That [&hellip;]<\/p>\n","protected":false},"author":8,"featured_media":0,"parent":193,"menu_order":0,"comment_status":"closed","ping_status":"closed","template":"","meta":{"_acf_changed":false,"footnotes":""},"class_list":["post-225","page","type-page","status-publish","hentry"],"acf":[],"yoast_head":"<!-- This site is optimized with the Yoast SEO plugin v26.3 - https:\/\/yoast.com\/wordpress\/plugins\/seo\/ -->\n<title>Synchronized swimming - \u00c0 Contre Courant<\/title>\n<meta name=\"robots\" content=\"index, follow, max-snippet:-1, max-image-preview:large, max-video-preview:-1\" \/>\n<link rel=\"canonical\" href=\"https:\/\/acontrecourant.qc.ca\/en\/sports\/synchro\/\" \/>\n<meta name=\"twitter:label1\" content=\"Est. reading time\" \/>\n\t<meta name=\"twitter:data1\" content=\"1 minute\" \/>\n<script type=\"application\/ld+json\" class=\"yoast-schema-graph\">{\"@context\":\"https:\/\/schema.org\",\"@graph\":[{\"@type\":\"WebPage\",\"@id\":\"https:\/\/acontrecourant.qc.ca\/en\/sports\/synchro\/\",\"url\":\"https:\/\/acontrecourant.qc.ca\/en\/sports\/synchro\/\",\"name\":\"Synchronized swimming - \u00c0 Contre Courant\",\"isPartOf\":{\"@id\":\"https:\/\/acontrecourant.qc.ca\/en\/#website\"},\"primaryImageOfPage\":{\"@id\":\"https:\/\/acontrecourant.qc.ca\/en\/sports\/synchro\/#primaryimage\"},\"image\":{\"@id\":\"https:\/\/acontrecourant.qc.ca\/en\/sports\/synchro\/#primaryimage\"},\"thumbnailUrl\":\"http:\/\/acontrecourant.qc.ca\/wp-content\/uploads\/imagesynchro.jpg?w=300\",\"datePublished\":\"2013-07-25T15:29:12+00:00\",\"dateModified\":\"2013-09-15T01:55:34+00:00\",\"breadcrumb\":{\"@id\":\"https:\/\/acontrecourant.qc.ca\/en\/sports\/synchro\/#breadcrumb\"},\"inLanguage\":\"en-CA\",\"potentialAction\":[{\"@type\":\"ReadAction\",\"target\":[\"https:\/\/acontrecourant.qc.ca\/en\/sports\/synchro\/\"]}]},{\"@type\":\"ImageObject\",\"inLanguage\":\"en-CA\",\"@id\":\"https:\/\/acontrecourant.qc.ca\/en\/sports\/synchro\/#primaryimage\",\"url\":\"http:\/\/acontrecourant.qc.ca\/wp-content\/uploads\/imagesynchro.jpg?w=300\",\"contentUrl\":\"http:\/\/acontrecourant.qc.ca\/wp-content\/uploads\/imagesynchro.jpg?w=300\"},{\"@type\":\"BreadcrumbList\",\"@id\":\"https:\/\/acontrecourant.qc.ca\/en\/sports\/synchro\/#breadcrumb\",\"itemListElement\":[{\"@type\":\"ListItem\",\"position\":1,\"name\":\"Sports\",\"item\":\"https:\/\/acontrecourant.qc.ca\/en\/sports\/\"},{\"@type\":\"ListItem\",\"position\":2,\"name\":\"Synchronized swimming\"}]},{\"@type\":\"WebSite\",\"@id\":\"https:\/\/acontrecourant.qc.ca\/en\/#website\",\"url\":\"https:\/\/acontrecourant.qc.ca\/en\/\",\"name\":\"\u00c0 Contre Courant\",\"description\":\"Bienvenue \u00e0 Montr\u00e9al\",\"potentialAction\":[{\"@type\":\"SearchAction\",\"target\":{\"@type\":\"EntryPoint\",\"urlTemplate\":\"https:\/\/acontrecourant.qc.ca\/en\/?s={search_term_string}\"},\"query-input\":{\"@type\":\"PropertyValueSpecification\",\"valueRequired\":true,\"valueName\":\"search_term_string\"}}],\"inLanguage\":\"en-CA\"}]}<\/script>\n<!-- \/ Yoast SEO plugin. -->","yoast_head_json":{"title":"Synchronized swimming - \u00c0 Contre Courant","robots":{"index":"index","follow":"follow","max-snippet":"max-snippet:-1","max-image-preview":"max-image-preview:large","max-video-preview":"max-video-preview:-1"},"canonical":"https:\/\/acontrecourant.qc.ca\/en\/sports\/synchro\/","twitter_misc":{"Est. reading time":"1 minute"},"schema":{"@context":"https:\/\/schema.org","@graph":[{"@type":"WebPage","@id":"https:\/\/acontrecourant.qc.ca\/en\/sports\/synchro\/","url":"https:\/\/acontrecourant.qc.ca\/en\/sports\/synchro\/","name":"Synchronized swimming - \u00c0 Contre Courant","isPartOf":{"@id":"https:\/\/acontrecourant.qc.ca\/en\/#website"},"primaryImageOfPage":{"@id":"https:\/\/acontrecourant.qc.ca\/en\/sports\/synchro\/#primaryimage"},"image":{"@id":"https:\/\/acontrecourant.qc.ca\/en\/sports\/synchro\/#primaryimage"},"thumbnailUrl":"http:\/\/acontrecourant.qc.ca\/wp-content\/uploads\/imagesynchro.jpg?w=300","datePublished":"2013-07-25T15:29:12+00:00","dateModified":"2013-09-15T01:55:34+00:00","breadcrumb":{"@id":"https:\/\/acontrecourant.qc.ca\/en\/sports\/synchro\/#breadcrumb"},"inLanguage":"en-CA","potentialAction":[{"@type":"ReadAction","target":["https:\/\/acontrecourant.qc.ca\/en\/sports\/synchro\/"]}]},{"@type":"ImageObject","inLanguage":"en-CA","@id":"https:\/\/acontrecourant.qc.ca\/en\/sports\/synchro\/#primaryimage","url":"http:\/\/acontrecourant.qc.ca\/wp-content\/uploads\/imagesynchro.jpg?w=300","contentUrl":"http:\/\/acontrecourant.qc.ca\/wp-content\/uploads\/imagesynchro.jpg?w=300"},{"@type":"BreadcrumbList","@id":"https:\/\/acontrecourant.qc.ca\/en\/sports\/synchro\/#breadcrumb","itemListElement":[{"@type":"ListItem","position":1,"name":"Sports","item":"https:\/\/acontrecourant.qc.ca\/en\/sports\/"},{"@type":"ListItem","position":2,"name":"Synchronized swimming"}]},{"@type":"WebSite","@id":"https:\/\/acontrecourant.qc.ca\/en\/#website","url":"https:\/\/acontrecourant.qc.ca\/en\/","name":"\u00c0 Contre Courant","description":"Bienvenue \u00e0 Montr\u00e9al","potentialAction":[{"@type":"SearchAction","target":{"@type":"EntryPoint","urlTemplate":"https:\/\/acontrecourant.qc.ca\/en\/?s={search_term_string}"},"query-input":{"@type":"PropertyValueSpecification","valueRequired":true,"valueName":"search_term_string"}}],"inLanguage":"en-CA"}]}},"_links":{"self":[{"href":"https:\/\/acontrecourant.qc.ca\/en\/wp-json\/wp\/v2\/pages\/225\/"}],"collection":[{"href":"https:\/\/acontrecourant.qc.ca\/en\/wp-json\/wp\/v2\/pages\/"}],"about":[{"href":"https:\/\/acontrecourant.qc.ca\/en\/wp-json\/wp\/v2\/types\/page\/"}],"author":[{"embeddable":true,"href":"https:\/\/acontrecourant.qc.ca\/en\/wp-json\/wp\/v2\/users\/8\/"}],"replies":[{"embeddable":true,"href":"https:\/\/acontrecourant.qc.ca\/en\/wp-json\/wp\/v2\/comments\/?post=225"}],"version-history":[{"count":4,"href":"https:\/\/acontrecourant.qc.ca\/en\/wp-json\/wp\/v2\/pages\/225\/revisions\/"}],"predecessor-version":[{"id":568,"href":"https:\/\/acontrecourant.qc.ca\/en\/wp-json\/wp\/v2\/pages\/225\/revisions\/568\/"}],"up":[{"embeddable":true,"href":"https:\/\/acontrecourant.qc.ca\/en\/wp-json\/wp\/v2\/pages\/193\/"}],"wp:attachment":[{"href":"https:\/\/acontrecourant.qc.ca\/en\/wp-json\/wp\/v2\/media\/?parent=225"}],"curies":[{"name":"wp","href":"https:\/\/api.w.org\/{rel}","templated":true}]}}