{"id":218,"date":"2013-07-25T11:25:37","date_gmt":"2013-07-25T15:25:37","guid":{"rendered":"http:\/\/acontrecourant.qc.ca\/?page_id=218"},"modified":"2026-01-09T11:05:42","modified_gmt":"2026-01-09T16:05:42","slug":"schedule","status":"publish","type":"page","link":"https:\/\/acontrecourant.qc.ca\/en\/information\/schedule\/","title":{"rendered":"Schedule and Pools"},"content":{"rendered":"<p>\u00c0 <strong>Contre-Courant<\/strong>&#8216;s workouts usually take place at :<\/p>\n<ul>\n<li>the <a class=\"lien-externe\" title=\"Click to see Google map\" href=\"https:\/\/maps.google.com\/maps?hl=en&amp;q=C%C3%A9gep+du+Vieux-Montr%C3%A9al,+255+Rue+Ontario+Est,+Montreal,+QC,+Canada&amp;ie=UTF8&amp;z=16\">swimming pool\u00a0of the C\u00e9gep du Vieux Montr\u00e9al<\/a> (CVM), located at <strong>255 Ontario St. East<\/strong> (at Sanguinet), in Montreal (Sherbrooke or Berri-UQAM metro stations).<\/li>\n<li><span data-olk-copy-source=\"MessageBody\">the swimming pool of UQAM, located at 1212 rue Sanguinet, \u00e0 Montr\u00e9al (m\u00e9tro Berri-UQAM).<\/span><\/li>\n<\/ul>\n<p>At the CVM, we normally use a 6-lane pool.<\/p>\n<p>During the summer season, we practice in the <a class=\"lien-externe\" title=\"Click to see Google map\" href=\"https:\/\/maps.google.com\/maps?f=q&amp;hl=en&amp;geocode=&amp;q=metro+jean-drapeau,+montreal,+qc&amp;sll=37.0625,-95.677068&amp;sspn=92.461252,104.0625&amp;ie=UTF8&amp;t=h&amp;z=16\">pools at the Complexe aquatique de l\u2019\u00eele Sainte-H\u00e9l\u00e8ne at Parc Jean-Drapeau<\/a> (PJD) (m\u00e9tro Jean-Drapeau).<\/p>\n<p>Click on the desired event in the calender for more details. You can also choose which schedules are shown (by sport) by clicking on the small arrow (triangle) at the upper right of the calendar.<\/p>\n<h2>Winter 2026 Schedule<\/h2>\n<div class=\"hidden-phone visible-desktop\"><iframe loading=\"lazy\" style=\"border-width: 0; width: 100%; height: 600px;\" src=\"https:\/\/www.google.com\/calendar\/embed?showTitle=0&amp;height=650&amp;wkst=1&amp;hl=en&amp;bgcolor=%23FFFFFF&amp;src=4d4q224skpu3ulo2l2bhg69c9o%40group.calendar.google.com&amp;color=%23A32929&amp;src=oloa35p4i8ilbov34tn8ibrog0%40group.calendar.google.com&amp;color=%23AB8B00&amp;src=37qahgfv31rataje186jqrkvmg%40group.calendar.google.com&amp;color=%232952A3&amp;src=7k5tmtl2h6onju3barrmkr7hu0%40group.calendar.google.com&amp;color=%237A367A&amp;src=c_7d6f4d43a0a3ba8b79ea6a05903b234b72c1c26de3d6fe077fedf48cd976ac07%40group.calendar.google.com&amp;color=%230D7813&amp;src=canadian%40holiday.calendar.google.com&amp;color=%238D6F47&amp;ctz=America%2FNew_York\" width=\"100%\" height=\"650\" frameborder=\"0\" scrolling=\"no\"><\/iframe><\/div>\n<div class=\"hidden-desktop visible-phone responsive-iframe-container\"><iframe loading=\"lazy\" style=\"border-width: 0;\" src=\"https:\/\/www.google.com\/calendar\/embed?mode=AGENDA&amp;height=600&amp;wkst=1&amp;bgcolor=%23FFFFFF&amp;src=4d4q224skpu3ulo2l2bhg69c9o%40group.calendar.google.com&amp;color=%237A367A&amp;src=oloa35p4i8ilbov34tn8ibrog0%40group.calendar.google.com&amp;color=%2329527A&amp;src=37qahgfv31rataje186jqrkvmg%40group.calendar.google.com&amp;color=%2388880E&amp;src=7k5tmtl2h6onju3barrmkr7hu0%40group.calendar.google.com&amp;color=%235229A3&amp;src=miepda0utcjulrb7adf0i9cqo0%40group.calendar.google.com&amp;color=%23A32929&amp;src=c_7d6f4d43a0a3ba8b79ea6a05903b234b72c1c26de3d6fe077fedf48cd976ac07%40group.calendar.google.com&amp;color=%231B887A&amp;ctz=America%2FMontreal\" width=\"320\" height=\"240\"><\/iframe><\/div>\n","protected":false},"excerpt":{"rendered":"<p>\u00c0 Contre-Courant&#8216;s workouts usually take place at : the swimming pool\u00a0of the C\u00e9gep du Vieux Montr\u00e9al (CVM), located at 255 Ontario St. East (at Sanguinet), in Montreal (Sherbrooke or Berri-UQAM metro stations). the swimming pool of UQAM, located at 1212 rue Sanguinet, \u00e0 Montr\u00e9al (m\u00e9tro Berri-UQAM). At the CVM, we normally use a 6-lane pool. [&hellip;]<\/p>\n","protected":false},"author":8,"featured_media":0,"parent":205,"menu_order":0,"comment_status":"closed","ping_status":"closed","template":"page-full-width.php","meta":{"_acf_changed":false,"footnotes":""},"class_list":["post-218","page","type-page","status-publish","hentry"],"acf":[],"yoast_head":"<!-- This site is optimized with the Yoast SEO plugin v26.3 - https:\/\/yoast.com\/wordpress\/plugins\/seo\/ -->\n<title>Schedule and Pools - \u00c0 Contre Courant<\/title>\n<meta name=\"robots\" content=\"index, follow, max-snippet:-1, max-image-preview:large, max-video-preview:-1\" \/>\n<link rel=\"canonical\" href=\"https:\/\/acontrecourant.qc.ca\/en\/information\/schedule\/\" \/>\n<meta name=\"twitter:label1\" content=\"Est. reading time\" \/>\n\t<meta name=\"twitter:data1\" content=\"1 minute\" \/>\n<script type=\"application\/ld+json\" class=\"yoast-schema-graph\">{\"@context\":\"https:\/\/schema.org\",\"@graph\":[{\"@type\":\"WebPage\",\"@id\":\"https:\/\/acontrecourant.qc.ca\/en\/information\/schedule\/\",\"url\":\"https:\/\/acontrecourant.qc.ca\/en\/information\/schedule\/\",\"name\":\"Schedule and Pools - \u00c0 Contre Courant\",\"isPartOf\":{\"@id\":\"https:\/\/acontrecourant.qc.ca\/en\/#website\"},\"datePublished\":\"2013-07-25T15:25:37+00:00\",\"dateModified\":\"2026-01-09T16:05:42+00:00\",\"breadcrumb\":{\"@id\":\"https:\/\/acontrecourant.qc.ca\/en\/information\/schedule\/#breadcrumb\"},\"inLanguage\":\"en-CA\",\"potentialAction\":[{\"@type\":\"ReadAction\",\"target\":[\"https:\/\/acontrecourant.qc.ca\/en\/information\/schedule\/\"]}]},{\"@type\":\"BreadcrumbList\",\"@id\":\"https:\/\/acontrecourant.qc.ca\/en\/information\/schedule\/#breadcrumb\",\"itemListElement\":[{\"@type\":\"ListItem\",\"position\":1,\"name\":\"Information\",\"item\":\"https:\/\/acontrecourant.qc.ca\/en\/information\/\"},{\"@type\":\"ListItem\",\"position\":2,\"name\":\"Schedule and Pools\"}]},{\"@type\":\"WebSite\",\"@id\":\"https:\/\/acontrecourant.qc.ca\/en\/#website\",\"url\":\"https:\/\/acontrecourant.qc.ca\/en\/\",\"name\":\"\u00c0 Contre Courant\",\"description\":\"Bienvenue \u00e0 Montr\u00e9al\",\"potentialAction\":[{\"@type\":\"SearchAction\",\"target\":{\"@type\":\"EntryPoint\",\"urlTemplate\":\"https:\/\/acontrecourant.qc.ca\/en\/?s={search_term_string}\"},\"query-input\":{\"@type\":\"PropertyValueSpecification\",\"valueRequired\":true,\"valueName\":\"search_term_string\"}}],\"inLanguage\":\"en-CA\"}]}<\/script>\n<!-- \/ Yoast SEO plugin. -->","yoast_head_json":{"title":"Schedule and Pools - \u00c0 Contre Courant","robots":{"index":"index","follow":"follow","max-snippet":"max-snippet:-1","max-image-preview":"max-image-preview:large","max-video-preview":"max-video-preview:-1"},"canonical":"https:\/\/acontrecourant.qc.ca\/en\/information\/schedule\/","twitter_misc":{"Est. reading time":"1 minute"},"schema":{"@context":"https:\/\/schema.org","@graph":[{"@type":"WebPage","@id":"https:\/\/acontrecourant.qc.ca\/en\/information\/schedule\/","url":"https:\/\/acontrecourant.qc.ca\/en\/information\/schedule\/","name":"Schedule and Pools - \u00c0 Contre Courant","isPartOf":{"@id":"https:\/\/acontrecourant.qc.ca\/en\/#website"},"datePublished":"2013-07-25T15:25:37+00:00","dateModified":"2026-01-09T16:05:42+00:00","breadcrumb":{"@id":"https:\/\/acontrecourant.qc.ca\/en\/information\/schedule\/#breadcrumb"},"inLanguage":"en-CA","potentialAction":[{"@type":"ReadAction","target":["https:\/\/acontrecourant.qc.ca\/en\/information\/schedule\/"]}]},{"@type":"BreadcrumbList","@id":"https:\/\/acontrecourant.qc.ca\/en\/information\/schedule\/#breadcrumb","itemListElement":[{"@type":"ListItem","position":1,"name":"Information","item":"https:\/\/acontrecourant.qc.ca\/en\/information\/"},{"@type":"ListItem","position":2,"name":"Schedule and Pools"}]},{"@type":"WebSite","@id":"https:\/\/acontrecourant.qc.ca\/en\/#website","url":"https:\/\/acontrecourant.qc.ca\/en\/","name":"\u00c0 Contre Courant","description":"Bienvenue \u00e0 Montr\u00e9al","potentialAction":[{"@type":"SearchAction","target":{"@type":"EntryPoint","urlTemplate":"https:\/\/acontrecourant.qc.ca\/en\/?s={search_term_string}"},"query-input":{"@type":"PropertyValueSpecification","valueRequired":true,"valueName":"search_term_string"}}],"inLanguage":"en-CA"}]}},"_links":{"self":[{"href":"https:\/\/acontrecourant.qc.ca\/en\/wp-json\/wp\/v2\/pages\/218\/"}],"collection":[{"href":"https:\/\/acontrecourant.qc.ca\/en\/wp-json\/wp\/v2\/pages\/"}],"about":[{"href":"https:\/\/acontrecourant.qc.ca\/en\/wp-json\/wp\/v2\/types\/page\/"}],"author":[{"embeddable":true,"href":"https:\/\/acontrecourant.qc.ca\/en\/wp-json\/wp\/v2\/users\/8\/"}],"replies":[{"embeddable":true,"href":"https:\/\/acontrecourant.qc.ca\/en\/wp-json\/wp\/v2\/comments\/?post=218"}],"version-history":[{"count":64,"href":"https:\/\/acontrecourant.qc.ca\/en\/wp-json\/wp\/v2\/pages\/218\/revisions\/"}],"predecessor-version":[{"id":4802,"href":"https:\/\/acontrecourant.qc.ca\/en\/wp-json\/wp\/v2\/pages\/218\/revisions\/4802\/"}],"up":[{"embeddable":true,"href":"https:\/\/acontrecourant.qc.ca\/en\/wp-json\/wp\/v2\/pages\/205\/"}],"wp:attachment":[{"href":"https:\/\/acontrecourant.qc.ca\/en\/wp-json\/wp\/v2\/media\/?parent=218"}],"curies":[{"name":"wp","href":"https:\/\/api.w.org\/{rel}","templated":true}]}}