{"id":216,"date":"2013-07-25T11:22:15","date_gmt":"2013-07-25T15:22:15","guid":{"rendered":"http:\/\/acontrecourant.qc.ca\/?page_id=216"},"modified":"2026-02-12T15:07:45","modified_gmt":"2026-02-12T20:07:45","slug":"coaches","status":"publish","type":"page","link":"https:\/\/acontrecourant.qc.ca\/en\/information\/coaches\/","title":{"rendered":"Coaches"},"content":{"rendered":"<h2>Swimming<\/h2>\n<p><strong>Level 3<\/strong><\/p>\n<ul>\n<li>Benoit Grenier (Head coach)<\/li>\n<\/ul>\n<p><strong>Level 2<\/strong><\/p>\n<ul>\n<li>Brent Darrach (Assistant Head-coach)<\/li>\n<\/ul>\n<p><strong>Level 1<\/strong><\/p>\n<ul>\n<li>Guy Allard<\/li>\n<li>Emmanuel De Chancenotte<\/li>\n<li>Anne Girard<\/li>\n<li>John Micks<\/li>\n<\/ul>\n<h2>Water-polo<\/h2>\n<ul>\n<li>Sonia Rachid (Head coach)<\/li>\n<li>Sarah Feng<\/li>\n<li>Jalen Ramsaran<\/li>\n<li>Bryndan Eigl<\/li>\n<li>Fanny Boutrouille<\/li>\n<\/ul>\n<p><em>We have substitute coaches available when needed who are club athletes, and we thank them for their contribution!<\/em><\/p>\n<dl>\n<dd><\/dd>\n<\/dl>\n","protected":false},"excerpt":{"rendered":"<p>Swimming Level 3 Benoit Grenier (Head coach) Level 2 Brent Darrach (Assistant Head-coach) Level 1 Guy Allard Emmanuel De Chancenotte Anne Girard John Micks Water-polo Sonia Rachid (Head coach) Sarah Feng Jalen Ramsaran Bryndan Eigl Fanny Boutrouille We have substitute coaches available when needed who are club athletes, and we thank them for their contribution!<\/p>\n","protected":false},"author":8,"featured_media":0,"parent":205,"menu_order":0,"comment_status":"closed","ping_status":"closed","template":"page-full-width.php","meta":{"_acf_changed":false,"footnotes":""},"class_list":["post-216","page","type-page","status-publish","hentry"],"acf":[],"yoast_head":"<!-- This site is optimized with the Yoast SEO plugin v26.3 - https:\/\/yoast.com\/wordpress\/plugins\/seo\/ -->\n<title>Coaches - \u00c0 Contre Courant<\/title>\n<meta name=\"robots\" content=\"index, follow, max-snippet:-1, max-image-preview:large, max-video-preview:-1\" \/>\n<link rel=\"canonical\" href=\"https:\/\/acontrecourant.qc.ca\/en\/information\/coaches\/\" \/>\n<meta name=\"twitter:label1\" content=\"Est. reading time\" \/>\n\t<meta name=\"twitter:data1\" content=\"1 minute\" \/>\n<script type=\"application\/ld+json\" class=\"yoast-schema-graph\">{\"@context\":\"https:\/\/schema.org\",\"@graph\":[{\"@type\":\"WebPage\",\"@id\":\"https:\/\/acontrecourant.qc.ca\/en\/information\/coaches\/\",\"url\":\"https:\/\/acontrecourant.qc.ca\/en\/information\/coaches\/\",\"name\":\"Coaches - \u00c0 Contre Courant\",\"isPartOf\":{\"@id\":\"https:\/\/acontrecourant.qc.ca\/en\/#website\"},\"datePublished\":\"2013-07-25T15:22:15+00:00\",\"dateModified\":\"2026-02-12T20:07:45+00:00\",\"breadcrumb\":{\"@id\":\"https:\/\/acontrecourant.qc.ca\/en\/information\/coaches\/#breadcrumb\"},\"inLanguage\":\"en-CA\",\"potentialAction\":[{\"@type\":\"ReadAction\",\"target\":[\"https:\/\/acontrecourant.qc.ca\/en\/information\/coaches\/\"]}]},{\"@type\":\"BreadcrumbList\",\"@id\":\"https:\/\/acontrecourant.qc.ca\/en\/information\/coaches\/#breadcrumb\",\"itemListElement\":[{\"@type\":\"ListItem\",\"position\":1,\"name\":\"Information\",\"item\":\"https:\/\/acontrecourant.qc.ca\/en\/information\/\"},{\"@type\":\"ListItem\",\"position\":2,\"name\":\"Coaches\"}]},{\"@type\":\"WebSite\",\"@id\":\"https:\/\/acontrecourant.qc.ca\/en\/#website\",\"url\":\"https:\/\/acontrecourant.qc.ca\/en\/\",\"name\":\"\u00c0 Contre Courant\",\"description\":\"Bienvenue \u00e0 Montr\u00e9al\",\"potentialAction\":[{\"@type\":\"SearchAction\",\"target\":{\"@type\":\"EntryPoint\",\"urlTemplate\":\"https:\/\/acontrecourant.qc.ca\/en\/?s={search_term_string}\"},\"query-input\":{\"@type\":\"PropertyValueSpecification\",\"valueRequired\":true,\"valueName\":\"search_term_string\"}}],\"inLanguage\":\"en-CA\"}]}<\/script>\n<!-- \/ Yoast SEO plugin. -->","yoast_head_json":{"title":"Coaches - \u00c0 Contre Courant","robots":{"index":"index","follow":"follow","max-snippet":"max-snippet:-1","max-image-preview":"max-image-preview:large","max-video-preview":"max-video-preview:-1"},"canonical":"https:\/\/acontrecourant.qc.ca\/en\/information\/coaches\/","twitter_misc":{"Est. reading time":"1 minute"},"schema":{"@context":"https:\/\/schema.org","@graph":[{"@type":"WebPage","@id":"https:\/\/acontrecourant.qc.ca\/en\/information\/coaches\/","url":"https:\/\/acontrecourant.qc.ca\/en\/information\/coaches\/","name":"Coaches - \u00c0 Contre Courant","isPartOf":{"@id":"https:\/\/acontrecourant.qc.ca\/en\/#website"},"datePublished":"2013-07-25T15:22:15+00:00","dateModified":"2026-02-12T20:07:45+00:00","breadcrumb":{"@id":"https:\/\/acontrecourant.qc.ca\/en\/information\/coaches\/#breadcrumb"},"inLanguage":"en-CA","potentialAction":[{"@type":"ReadAction","target":["https:\/\/acontrecourant.qc.ca\/en\/information\/coaches\/"]}]},{"@type":"BreadcrumbList","@id":"https:\/\/acontrecourant.qc.ca\/en\/information\/coaches\/#breadcrumb","itemListElement":[{"@type":"ListItem","position":1,"name":"Information","item":"https:\/\/acontrecourant.qc.ca\/en\/information\/"},{"@type":"ListItem","position":2,"name":"Coaches"}]},{"@type":"WebSite","@id":"https:\/\/acontrecourant.qc.ca\/en\/#website","url":"https:\/\/acontrecourant.qc.ca\/en\/","name":"\u00c0 Contre Courant","description":"Bienvenue \u00e0 Montr\u00e9al","potentialAction":[{"@type":"SearchAction","target":{"@type":"EntryPoint","urlTemplate":"https:\/\/acontrecourant.qc.ca\/en\/?s={search_term_string}"},"query-input":{"@type":"PropertyValueSpecification","valueRequired":true,"valueName":"search_term_string"}}],"inLanguage":"en-CA"}]}},"_links":{"self":[{"href":"https:\/\/acontrecourant.qc.ca\/en\/wp-json\/wp\/v2\/pages\/216\/"}],"collection":[{"href":"https:\/\/acontrecourant.qc.ca\/en\/wp-json\/wp\/v2\/pages\/"}],"about":[{"href":"https:\/\/acontrecourant.qc.ca\/en\/wp-json\/wp\/v2\/types\/page\/"}],"author":[{"embeddable":true,"href":"https:\/\/acontrecourant.qc.ca\/en\/wp-json\/wp\/v2\/users\/8\/"}],"replies":[{"embeddable":true,"href":"https:\/\/acontrecourant.qc.ca\/en\/wp-json\/wp\/v2\/comments\/?post=216"}],"version-history":[{"count":22,"href":"https:\/\/acontrecourant.qc.ca\/en\/wp-json\/wp\/v2\/pages\/216\/revisions\/"}],"predecessor-version":[{"id":4890,"href":"https:\/\/acontrecourant.qc.ca\/en\/wp-json\/wp\/v2\/pages\/216\/revisions\/4890\/"}],"up":[{"embeddable":true,"href":"https:\/\/acontrecourant.qc.ca\/en\/wp-json\/wp\/v2\/pages\/205\/"}],"wp:attachment":[{"href":"https:\/\/acontrecourant.qc.ca\/en\/wp-json\/wp\/v2\/media\/?parent=216"}],"curies":[{"name":"wp","href":"https:\/\/api.w.org\/{rel}","templated":true}]}}