{"id":2100,"date":"2018-09-18T10:46:47","date_gmt":"2018-09-18T14:46:47","guid":{"rendered":"http:\/\/acontrecourant.qc.ca\/en\/?page_id=2100"},"modified":"2022-10-13T22:49:33","modified_gmt":"2022-10-14T02:49:33","slug":"coupe-2018-schedule","status":"publish","type":"page","link":"https:\/\/acontrecourant.qc.ca\/en\/events\/coupe-2018-schedule\/","title":{"rendered":"Schedule 2018"},"content":{"rendered":"<h2>Saturday, November 10, 2018<\/h2>\n<h3>Morning<\/h3>\n<p><span style=\"font-weight: 400;\">7:15 a.m. Welcome and distribution of participants\u2019 kits<\/span><br \/>\n<span style=\"font-weight: 400;\">8:00 to 8:50 a.m. Warm-up<\/span><br \/>\n<span style=\"font-weight: 400;\">7:45 a.m. Officials\u2019 meeting<\/span><br \/>\n<span style=\"font-weight: 400;\">8:40 a.m. Technical meeting for coaches or team representatives<\/span><br \/>\n<span style=\"font-weight: 400;\">9:00 a.m. Start of events<\/span><\/p>\n<ol>\n<li style=\"font-weight: 400;\"><span style=\"font-weight: 400;\">200 m freestyle<\/span><\/li>\n<li style=\"font-weight: 400;\"><span style=\"font-weight: 400;\">50 m breaststroke<\/span><\/li>\n<li style=\"font-weight: 400;\"><span style=\"font-weight: 400;\">100 m IM<\/span><\/li>\n<li style=\"font-weight: 400;\"><span style=\"font-weight: 400;\">50 m backstroke<\/span><\/li>\n<li style=\"font-weight: 400;\"><span style=\"font-weight: 400;\">100 m freestyle<\/span><\/li>\n<li style=\"font-weight: 400;\"><span style=\"font-weight: 400;\">100 m butterfly<\/span><\/li>\n<li style=\"font-weight: 400;\"><span style=\"font-weight: 400;\">4 X 50 m freestyle relay<\/span><\/li>\n<li style=\"font-weight: 400;\"><span style=\"font-weight: 400;\">4 X 25 m freestyle 25<\/span><span style=\"font-weight: 400;\">th<\/span><span style=\"font-weight: 400;\"> ann. relay*<\/span><\/li>\n<\/ol>\n<p><span style=\"font-weight: 400;\">Break and warm-up (45 minutes)<\/span><\/p>\n<h3>Afternoon<\/h3>\n<ol start=\"9\" >\n<li style=\"font-weight: 400;\"><span style=\"font-weight: 400;\">4 x 50 m medley relay<\/span><\/li>\n<li style=\"font-weight: 400;\"><span style=\"font-weight: 400;\">200 m backstroke<\/span><\/li>\n<li style=\"font-weight: 400;\"><span style=\"font-weight: 400;\">50 m butterfly<\/span><\/li>\n<li style=\"font-weight: 400;\"><span style=\"font-weight: 400;\">100 m breaststroke<\/span><\/li>\n<li style=\"font-weight: 400;\"><span style=\"font-weight: 400;\">200 m IM<\/span><\/li>\n<li style=\"font-weight: 400;\"><span style=\"font-weight: 400;\">50 m freestyle<\/span><\/li>\n<li style=\"font-weight: 400;\"><span style=\"font-weight: 400;\">800 m freestyle**<\/span><\/li>\n<\/ol>\n<p><span style=\"font-weight: 400;\">* exhibition. Extra points for La Coupe de Montr\u00e9al for each relay team that breaks the individual\u2019s World Record for 100 m freestyle.<\/span><br \/>\n<span style=\"font-weight: 400;\">** 800 m free entries are limited to 50. First come, first serve. Swimmers must also check-in with the Clerk of Course before the end of event 9, 4 x 50 m medley relay. A waiting list will be setup if entries go beyond 50. Heatlists will be confirmed by the end of event 12, at the discretion of the Meet Manager.<\/span><\/p>\n<h3>Evening<\/h3>\n<p><span style=\"font-weight: 400;\">7:00 p.m. : <a href=\"http:\/\/acontrecourant.qc.ca\/en\/coupe-de-montreal-souper-et-soiree\/\" rel=\"noopener\" target=\"_blank\">Dinner<\/a><\/span><br \/>\n<span style=\"font-weight: 400;\">All details about the evening are now available <a href=\"http:\/\/acontrecourant.qc.ca\/en\/coupe-de-montreal-souper-et-soiree\/\" rel=\"noopener\" target=\"_blank\">here. Reserve soon!<\/a><\/span><\/p>\n<ul class=\"list-document\" >\n<li>Next:<a style=\"text-transform: uppercase;\" href=\"http:\/\/acontrecourant.qc.ca\/en\/events\/coupe-2018-tech-infos\">Technical Information<\/a><\/li>\n<\/ul>\n","protected":false},"excerpt":{"rendered":"<p>Saturday, November 10, 2018 Morning 7:15 a.m. Welcome and distribution of participants\u2019 kits 8:00 to 8:50 a.m. Warm-up 7:45 a.m. Officials\u2019 meeting 8:40 a.m. Technical meeting for coaches or team representatives 9:00 a.m. Start of events 200 m freestyle 50 m breaststroke 100 m IM 50 m backstroke 100 m freestyle 100 m butterfly 4 [&hellip;]<\/p>\n","protected":false},"author":9,"featured_media":0,"parent":191,"menu_order":0,"comment_status":"closed","ping_status":"closed","template":"","meta":{"_acf_changed":false,"footnotes":""},"class_list":["post-2100","page","type-page","status-publish","hentry"],"acf":[],"yoast_head":"<!-- This site is optimized with the Yoast SEO plugin v26.3 - https:\/\/yoast.com\/wordpress\/plugins\/seo\/ -->\n<title>Schedule 2018 - \u00c0 Contre Courant<\/title>\n<meta name=\"robots\" content=\"index, follow, max-snippet:-1, max-image-preview:large, max-video-preview:-1\" \/>\n<link rel=\"canonical\" href=\"https:\/\/acontrecourant.qc.ca\/en\/events\/coupe-2018-schedule\/\" \/>\n<meta name=\"twitter:label1\" content=\"Est. reading time\" \/>\n\t<meta name=\"twitter:data1\" content=\"1 minute\" \/>\n<script type=\"application\/ld+json\" class=\"yoast-schema-graph\">{\"@context\":\"https:\/\/schema.org\",\"@graph\":[{\"@type\":\"WebPage\",\"@id\":\"https:\/\/acontrecourant.qc.ca\/en\/events\/coupe-2018-schedule\/\",\"url\":\"https:\/\/acontrecourant.qc.ca\/en\/events\/coupe-2018-schedule\/\",\"name\":\"Schedule 2018 - \u00c0 Contre Courant\",\"isPartOf\":{\"@id\":\"https:\/\/acontrecourant.qc.ca\/en\/#website\"},\"datePublished\":\"2018-09-18T14:46:47+00:00\",\"dateModified\":\"2022-10-14T02:49:33+00:00\",\"breadcrumb\":{\"@id\":\"https:\/\/acontrecourant.qc.ca\/en\/events\/coupe-2018-schedule\/#breadcrumb\"},\"inLanguage\":\"en-CA\",\"potentialAction\":[{\"@type\":\"ReadAction\",\"target\":[\"https:\/\/acontrecourant.qc.ca\/en\/events\/coupe-2018-schedule\/\"]}]},{\"@type\":\"BreadcrumbList\",\"@id\":\"https:\/\/acontrecourant.qc.ca\/en\/events\/coupe-2018-schedule\/#breadcrumb\",\"itemListElement\":[{\"@type\":\"ListItem\",\"position\":1,\"name\":\"Events\",\"item\":\"https:\/\/acontrecourant.qc.ca\/en\/events\/\"},{\"@type\":\"ListItem\",\"position\":2,\"name\":\"Schedule 2018\"}]},{\"@type\":\"WebSite\",\"@id\":\"https:\/\/acontrecourant.qc.ca\/en\/#website\",\"url\":\"https:\/\/acontrecourant.qc.ca\/en\/\",\"name\":\"\u00c0 Contre Courant\",\"description\":\"Bienvenue \u00e0 Montr\u00e9al\",\"potentialAction\":[{\"@type\":\"SearchAction\",\"target\":{\"@type\":\"EntryPoint\",\"urlTemplate\":\"https:\/\/acontrecourant.qc.ca\/en\/?s={search_term_string}\"},\"query-input\":{\"@type\":\"PropertyValueSpecification\",\"valueRequired\":true,\"valueName\":\"search_term_string\"}}],\"inLanguage\":\"en-CA\"}]}<\/script>\n<!-- \/ Yoast SEO plugin. -->","yoast_head_json":{"title":"Schedule 2018 - \u00c0 Contre Courant","robots":{"index":"index","follow":"follow","max-snippet":"max-snippet:-1","max-image-preview":"max-image-preview:large","max-video-preview":"max-video-preview:-1"},"canonical":"https:\/\/acontrecourant.qc.ca\/en\/events\/coupe-2018-schedule\/","twitter_misc":{"Est. reading time":"1 minute"},"schema":{"@context":"https:\/\/schema.org","@graph":[{"@type":"WebPage","@id":"https:\/\/acontrecourant.qc.ca\/en\/events\/coupe-2018-schedule\/","url":"https:\/\/acontrecourant.qc.ca\/en\/events\/coupe-2018-schedule\/","name":"Schedule 2018 - \u00c0 Contre Courant","isPartOf":{"@id":"https:\/\/acontrecourant.qc.ca\/en\/#website"},"datePublished":"2018-09-18T14:46:47+00:00","dateModified":"2022-10-14T02:49:33+00:00","breadcrumb":{"@id":"https:\/\/acontrecourant.qc.ca\/en\/events\/coupe-2018-schedule\/#breadcrumb"},"inLanguage":"en-CA","potentialAction":[{"@type":"ReadAction","target":["https:\/\/acontrecourant.qc.ca\/en\/events\/coupe-2018-schedule\/"]}]},{"@type":"BreadcrumbList","@id":"https:\/\/acontrecourant.qc.ca\/en\/events\/coupe-2018-schedule\/#breadcrumb","itemListElement":[{"@type":"ListItem","position":1,"name":"Events","item":"https:\/\/acontrecourant.qc.ca\/en\/events\/"},{"@type":"ListItem","position":2,"name":"Schedule 2018"}]},{"@type":"WebSite","@id":"https:\/\/acontrecourant.qc.ca\/en\/#website","url":"https:\/\/acontrecourant.qc.ca\/en\/","name":"\u00c0 Contre Courant","description":"Bienvenue \u00e0 Montr\u00e9al","potentialAction":[{"@type":"SearchAction","target":{"@type":"EntryPoint","urlTemplate":"https:\/\/acontrecourant.qc.ca\/en\/?s={search_term_string}"},"query-input":{"@type":"PropertyValueSpecification","valueRequired":true,"valueName":"search_term_string"}}],"inLanguage":"en-CA"}]}},"_links":{"self":[{"href":"https:\/\/acontrecourant.qc.ca\/en\/wp-json\/wp\/v2\/pages\/2100\/"}],"collection":[{"href":"https:\/\/acontrecourant.qc.ca\/en\/wp-json\/wp\/v2\/pages\/"}],"about":[{"href":"https:\/\/acontrecourant.qc.ca\/en\/wp-json\/wp\/v2\/types\/page\/"}],"author":[{"embeddable":true,"href":"https:\/\/acontrecourant.qc.ca\/en\/wp-json\/wp\/v2\/users\/9\/"}],"replies":[{"embeddable":true,"href":"https:\/\/acontrecourant.qc.ca\/en\/wp-json\/wp\/v2\/comments\/?post=2100"}],"version-history":[{"count":11,"href":"https:\/\/acontrecourant.qc.ca\/en\/wp-json\/wp\/v2\/pages\/2100\/revisions\/"}],"predecessor-version":[{"id":3669,"href":"https:\/\/acontrecourant.qc.ca\/en\/wp-json\/wp\/v2\/pages\/2100\/revisions\/3669\/"}],"up":[{"embeddable":true,"href":"https:\/\/acontrecourant.qc.ca\/en\/wp-json\/wp\/v2\/pages\/191\/"}],"wp:attachment":[{"href":"https:\/\/acontrecourant.qc.ca\/en\/wp-json\/wp\/v2\/media\/?parent=2100"}],"curies":[{"name":"wp","href":"https:\/\/api.w.org\/{rel}","templated":true}]}}