{"id":2085,"date":"2018-09-18T10:04:11","date_gmt":"2018-09-18T14:04:11","guid":{"rendered":"http:\/\/acontrecourant.qc.ca\/en\/?page_id=2085"},"modified":"2018-10-20T15:18:11","modified_gmt":"2018-10-20T19:18:11","slug":"coupe-2018-tech-infos","status":"publish","type":"page","link":"https:\/\/acontrecourant.qc.ca\/en\/events\/coupe-2018-tech-infos\/","title":{"rendered":"Technical Informations"},"content":{"rendered":"<h2>Facilities<\/h2>\n<p>The competition will take place in one 25m, 10-lane pool with an electronic timing system, complete with touch pads and alphanumerical scoreboards. Splash Meet Manager software will be used to manage the meet. The secondary pool will serve as a warm-up and warm-down pool during the whole duration of the meet.<\/p>\n<h2>Sanction and Regulations<\/h2>\n<p>The competition is sanctioned by the F\u00e9d\u00e9ration de natation du Qu\u00e9bec (32096). <a href=\"https:\/\/www.mastersswimmingcanada.ca\/WP\/fr\/competitions\/reglements\/\" target=\"_blank\" rel=\"noopener\">Master Swimming Canada (MSC) regulations, and the MSC warm-up rules<\/a>, will be in effect during the competition as well as the <a href=\"http:\/\/www.fnq.qc.ca\/doc\/doc\/00000516_securite.pdf\" target=\"_blank\" rel=\"noopener\">FNQ regulation on pool security<\/a> &#8211; available in French only, our apologies. Bathing caps are recommended. Individual races and relays will be swum as timed finals, from slowest to fastest, regardless of age or sex.<\/p>\n<h2>Eligibility<\/h2>\n<p>All swimmers must be affiliated with the FNQ or with a swimming federation recognized by FINA and be at least 18 years of age by November 10, 2018. Swimmers who are not affiliated with the FNQ (i.e., swimmers from outside the province of Quebec) must be covered by their federation\u2019s accident insurance or a private insurance policy. In the latter case, they will have to show a certificate of proof at registration.<\/p>\n<h2>Relays<\/h2>\n<p>Relay team members must belong to the same club and be duly registered in the competition. Relay teams with athletes from different clubs are not allowed to compete unless they get special approval from the meet manager. In that case, they will compete in the \u2018exhibition\u2019 category and times from swimmers will not be recognized. Relay teams can be male, female, or mixed. Mixed relay teams are made up of two women and two men who may swim in any order. Relay cards must be submitted to the clerk of course <b>by the end of event 3 (100 m IM relay) <\/b>for <b>event 7 (4 X 50 freestyle relay) and event 8 (4 X 25 m freestyle 25<\/b><b>th<\/b><b> anniversary relay); by the end of event 6 (100 m butterfly) <\/b>for <b>event 9 (4 x 50 m medley relay).<\/b> No swimmer may be a member of more than one team per relay event.<\/p>\n<h2>Age Groups<\/h2>\n<p>Age categories will be determined by the age swimmers will be on December 31, 2018. Age groups for individual events will cover 5-year periods with the exception of the youngest group, which ranges from 18 to 24.<\/p>\n<p>The age group for a relay team is determined by totaling the ages in whole years of all 4 team members as of December 31, 2017. Age groups for relays will cover periods of 40 years with the exception of the first two groups, which range from 72 to 99 years, and from 100 to 119 years, respectively.<\/p>\n<h3>Individual events:<\/h3>\n<p><span style=\"font-weight: 400;\">18-24, 25-29, 30-34, 35-39, 40-44, 45-49, 50-54, 55-59, 60-64, 65-69, etc.<\/span><\/p>\n<h3>Relay events (total age of four members):<\/h3>\n<p><span style=\"font-weight: 400;\">72-99, 100-119, 120-159, 160-199, 200-239, 240-279, etc.<\/span><\/p>\n<h2>Warm-up<\/h2>\n<p>Two warm-up periods have been planned on the day of the meet. If necessary, a schedule for the official warm-up periods will be established for participating teams. <a href=\"https:\/\/www.mastersswimmingcanada.ca\/WP\/fr\/competitions\/reglements\/\" target=\"_blank\" rel=\"noopener\">FNQ regulations and SNC masters warm-up procedures<\/a> will be in effect during the competition. <b>No jumping or diving will be allowed during the warm-up, except in designated lanes. Swimmers must enter the pool gently with one hand on the pool edge or bulkhead at all times.<\/b><\/p>\n<h2>Awards<\/h2>\n<p>Awards for <i>La Coupe de Montr\u00e9al<\/i> will be given out on Saturday evening or sent by mail. The team with the most points will win the Coupe de Montr\u00e9al des ma\u00eetres nageurs (certificate in lieu of trophy). In addition, awards of distinction will be given in the following categories: team of six or more that has accumulated the greatest number of points per swimmer; male swimmer with the most points; female swimmer with the most points.<\/p>\n<ul class=\"list-document\" >\n<li>Next:<a style=\"text-transform: uppercase;\" href=\"http:\/\/acontrecourant.qc.ca\/en\/events\/coupe-2018-regis-athletes\">Registration &#8211; Athletes<\/a><\/li>\n<\/ul>\n","protected":false},"excerpt":{"rendered":"<p>Facilities The competition will take place in one 25m, 10-lane pool with an electronic timing system, complete with touch pads and alphanumerical scoreboards. Splash Meet Manager software will be used to manage the meet. The secondary pool will serve as a warm-up and warm-down pool during the whole duration of the meet. Sanction and Regulations [&hellip;]<\/p>\n","protected":false},"author":9,"featured_media":0,"parent":191,"menu_order":0,"comment_status":"closed","ping_status":"closed","template":"","meta":{"_acf_changed":false,"footnotes":""},"class_list":["post-2085","page","type-page","status-publish","hentry"],"acf":[],"yoast_head":"<!-- This site is optimized with the Yoast SEO plugin v26.3 - https:\/\/yoast.com\/wordpress\/plugins\/seo\/ -->\n<title>Technical Informations - \u00c0 Contre Courant<\/title>\n<meta name=\"robots\" content=\"index, follow, max-snippet:-1, max-image-preview:large, max-video-preview:-1\" \/>\n<link rel=\"canonical\" href=\"https:\/\/acontrecourant.qc.ca\/en\/events\/coupe-2018-tech-infos\/\" \/>\n<meta name=\"twitter:label1\" content=\"Est. reading time\" \/>\n\t<meta name=\"twitter:data1\" content=\"3 minutes\" \/>\n<script type=\"application\/ld+json\" class=\"yoast-schema-graph\">{\"@context\":\"https:\/\/schema.org\",\"@graph\":[{\"@type\":\"WebPage\",\"@id\":\"https:\/\/acontrecourant.qc.ca\/en\/events\/coupe-2018-tech-infos\/\",\"url\":\"https:\/\/acontrecourant.qc.ca\/en\/events\/coupe-2018-tech-infos\/\",\"name\":\"Technical Informations - \u00c0 Contre Courant\",\"isPartOf\":{\"@id\":\"https:\/\/acontrecourant.qc.ca\/en\/#website\"},\"datePublished\":\"2018-09-18T14:04:11+00:00\",\"dateModified\":\"2018-10-20T19:18:11+00:00\",\"breadcrumb\":{\"@id\":\"https:\/\/acontrecourant.qc.ca\/en\/events\/coupe-2018-tech-infos\/#breadcrumb\"},\"inLanguage\":\"en-CA\",\"potentialAction\":[{\"@type\":\"ReadAction\",\"target\":[\"https:\/\/acontrecourant.qc.ca\/en\/events\/coupe-2018-tech-infos\/\"]}]},{\"@type\":\"BreadcrumbList\",\"@id\":\"https:\/\/acontrecourant.qc.ca\/en\/events\/coupe-2018-tech-infos\/#breadcrumb\",\"itemListElement\":[{\"@type\":\"ListItem\",\"position\":1,\"name\":\"Events\",\"item\":\"https:\/\/acontrecourant.qc.ca\/en\/events\/\"},{\"@type\":\"ListItem\",\"position\":2,\"name\":\"Technical Informations\"}]},{\"@type\":\"WebSite\",\"@id\":\"https:\/\/acontrecourant.qc.ca\/en\/#website\",\"url\":\"https:\/\/acontrecourant.qc.ca\/en\/\",\"name\":\"\u00c0 Contre Courant\",\"description\":\"Bienvenue \u00e0 Montr\u00e9al\",\"potentialAction\":[{\"@type\":\"SearchAction\",\"target\":{\"@type\":\"EntryPoint\",\"urlTemplate\":\"https:\/\/acontrecourant.qc.ca\/en\/?s={search_term_string}\"},\"query-input\":{\"@type\":\"PropertyValueSpecification\",\"valueRequired\":true,\"valueName\":\"search_term_string\"}}],\"inLanguage\":\"en-CA\"}]}<\/script>\n<!-- \/ Yoast SEO plugin. -->","yoast_head_json":{"title":"Technical Informations - \u00c0 Contre Courant","robots":{"index":"index","follow":"follow","max-snippet":"max-snippet:-1","max-image-preview":"max-image-preview:large","max-video-preview":"max-video-preview:-1"},"canonical":"https:\/\/acontrecourant.qc.ca\/en\/events\/coupe-2018-tech-infos\/","twitter_misc":{"Est. reading time":"3 minutes"},"schema":{"@context":"https:\/\/schema.org","@graph":[{"@type":"WebPage","@id":"https:\/\/acontrecourant.qc.ca\/en\/events\/coupe-2018-tech-infos\/","url":"https:\/\/acontrecourant.qc.ca\/en\/events\/coupe-2018-tech-infos\/","name":"Technical Informations - \u00c0 Contre Courant","isPartOf":{"@id":"https:\/\/acontrecourant.qc.ca\/en\/#website"},"datePublished":"2018-09-18T14:04:11+00:00","dateModified":"2018-10-20T19:18:11+00:00","breadcrumb":{"@id":"https:\/\/acontrecourant.qc.ca\/en\/events\/coupe-2018-tech-infos\/#breadcrumb"},"inLanguage":"en-CA","potentialAction":[{"@type":"ReadAction","target":["https:\/\/acontrecourant.qc.ca\/en\/events\/coupe-2018-tech-infos\/"]}]},{"@type":"BreadcrumbList","@id":"https:\/\/acontrecourant.qc.ca\/en\/events\/coupe-2018-tech-infos\/#breadcrumb","itemListElement":[{"@type":"ListItem","position":1,"name":"Events","item":"https:\/\/acontrecourant.qc.ca\/en\/events\/"},{"@type":"ListItem","position":2,"name":"Technical Informations"}]},{"@type":"WebSite","@id":"https:\/\/acontrecourant.qc.ca\/en\/#website","url":"https:\/\/acontrecourant.qc.ca\/en\/","name":"\u00c0 Contre Courant","description":"Bienvenue \u00e0 Montr\u00e9al","potentialAction":[{"@type":"SearchAction","target":{"@type":"EntryPoint","urlTemplate":"https:\/\/acontrecourant.qc.ca\/en\/?s={search_term_string}"},"query-input":{"@type":"PropertyValueSpecification","valueRequired":true,"valueName":"search_term_string"}}],"inLanguage":"en-CA"}]}},"_links":{"self":[{"href":"https:\/\/acontrecourant.qc.ca\/en\/wp-json\/wp\/v2\/pages\/2085\/"}],"collection":[{"href":"https:\/\/acontrecourant.qc.ca\/en\/wp-json\/wp\/v2\/pages\/"}],"about":[{"href":"https:\/\/acontrecourant.qc.ca\/en\/wp-json\/wp\/v2\/types\/page\/"}],"author":[{"embeddable":true,"href":"https:\/\/acontrecourant.qc.ca\/en\/wp-json\/wp\/v2\/users\/9\/"}],"replies":[{"embeddable":true,"href":"https:\/\/acontrecourant.qc.ca\/en\/wp-json\/wp\/v2\/comments\/?post=2085"}],"version-history":[{"count":9,"href":"https:\/\/acontrecourant.qc.ca\/en\/wp-json\/wp\/v2\/pages\/2085\/revisions\/"}],"predecessor-version":[{"id":2245,"href":"https:\/\/acontrecourant.qc.ca\/en\/wp-json\/wp\/v2\/pages\/2085\/revisions\/2245\/"}],"up":[{"embeddable":true,"href":"https:\/\/acontrecourant.qc.ca\/en\/wp-json\/wp\/v2\/pages\/191\/"}],"wp:attachment":[{"href":"https:\/\/acontrecourant.qc.ca\/en\/wp-json\/wp\/v2\/media\/?parent=2085"}],"curies":[{"name":"wp","href":"https:\/\/api.w.org\/{rel}","templated":true}]}}