{"id":208,"date":"2013-07-25T11:09:03","date_gmt":"2013-07-25T15:09:03","guid":{"rendered":"http:\/\/acontrecourant.qc.ca\/?page_id=208"},"modified":"2026-02-12T16:25:38","modified_gmt":"2026-02-12T21:25:38","slug":"bod","status":"publish","type":"page","link":"https:\/\/acontrecourant.qc.ca\/en\/information\/bod\/","title":{"rendered":"Board of Directors"},"content":{"rendered":"<h3 data-start=\"0\" data-end=\"110\"><\/h3>\n<h3 data-start=\"0\" data-end=\"110\">The <strong data-start=\"4\" data-end=\"66\">Board of Directors of \u00c0 Contre-Courant (ACC) for 2025\u20132026<\/strong> is composed of the following <strong data-start=\"96\" data-end=\"109\">9 members<\/strong>:<\/h3>\n<p>&nbsp;<\/p>\n<ul data-start=\"112\" data-end=\"627\">\n<li data-start=\"112\" data-end=\"202\">\n<p data-start=\"114\" data-end=\"202\"><strong data-start=\"114\" data-end=\"132\">Benoit Grenier<\/strong>, President, liaison with \u00c9quipe Montr\u00e9al and the Swimming Committee<\/p>\n<\/li>\n<li data-start=\"203\" data-end=\"239\">\n<p data-start=\"205\" data-end=\"239\"><strong data-start=\"205\" data-end=\"221\">Sonia Rachid<\/strong>, Vice-President<\/p>\n<\/li>\n<li data-start=\"240\" data-end=\"272\">\n<p data-start=\"242\" data-end=\"272\"><strong data-start=\"242\" data-end=\"259\">Martin Girard<\/strong>, Treasurer<\/p>\n<\/li>\n<li data-start=\"273\" data-end=\"325\">\n<p data-start=\"275\" data-end=\"325\"><strong data-start=\"275\" data-end=\"297\">Pierre-Luc Turgeon<\/strong>, IGLA 2027 Representative<\/p>\n<\/li>\n<li data-start=\"326\" data-end=\"374\">\n<p data-start=\"328\" data-end=\"374\"><strong data-start=\"328\" data-end=\"346\">Annalise Hilts<\/strong>, Social Committee and FTN<\/p>\n<\/li>\n<li data-start=\"375\" data-end=\"434\">\n<p data-start=\"377\" data-end=\"434\"><strong data-start=\"377\" data-end=\"394\">Dany S. Sibai<\/strong>, Communications and Website Committee<\/p>\n<\/li>\n<li data-start=\"435\" data-end=\"503\">\n<p data-start=\"437\" data-end=\"503\"><strong data-start=\"437\" data-end=\"463\">Genevi\u00e8ve Sainte-Marie<\/strong>, Board Member and IGLA 2027 Committee<\/p>\n<\/li>\n<li data-start=\"504\" data-end=\"592\">\n<p data-start=\"506\" data-end=\"592\"><strong data-start=\"506\" data-end=\"530\">Simon Pierre Gigu\u00e8re<\/strong>, Social Committee and liaison with the Water Polo Committee<\/p>\n<\/li>\n<li data-start=\"593\" data-end=\"627\">\n<p data-start=\"595\" data-end=\"627\"><strong data-start=\"595\" data-end=\"611\">Tudor Gafiuc<\/strong>, Board Member<\/p>\n<\/li>\n<\/ul>\n<p><!-- gallery link=\"file\" ids=\"1420,1339,1423,1418,1425,1424,1427,1613,1611\" --><\/p>\n<h2 data-start=\"634\" data-end=\"690\"><\/h2>\n<h2 data-start=\"634\" data-end=\"690\">Task Allocation for 2025\u20132026: <strong data-start=\"668\" data-end=\"690\">SWIMMING COMMITTEE<\/strong><\/h2>\n<h3 data-start=\"692\" data-end=\"715\"><strong>Activity Management<\/strong><\/h3>\n<ul data-start=\"716\" data-end=\"1106\">\n<li data-start=\"716\" data-end=\"751\">\n<p data-start=\"718\" data-end=\"751\">Coordinator: <strong>Benoit Grenier<\/strong><\/p>\n<\/li>\n<li data-start=\"752\" data-end=\"787\">\n<p data-start=\"754\" data-end=\"787\">Club Registrar: <strong>Pablo Conde<\/strong><\/p>\n<\/li>\n<li data-start=\"788\" data-end=\"837\">\n<p data-start=\"790\" data-end=\"837\">Financial Management: <strong>Guillaume Jeanmonod<\/strong><\/p>\n<\/li>\n<li data-start=\"838\" data-end=\"878\">\n<p data-start=\"840\" data-end=\"878\">Coach Management: <strong>Benoit Grenier<\/strong><\/p>\n<\/li>\n<li data-start=\"879\" data-end=\"924\">\n<p data-start=\"881\" data-end=\"924\">Equipment Management: <strong>Karine Yankioua<\/strong><\/p>\n<\/li>\n<li data-start=\"925\" data-end=\"967\">\n<p data-start=\"927\" data-end=\"967\">Officials Coordinator: <strong>Janet Wyman<\/strong><\/p>\n<\/li>\n<li data-start=\"968\" data-end=\"1014\">\n<p data-start=\"970\" data-end=\"1014\">Competition Registrations: <strong>Pablo Conde<\/strong><\/p>\n<\/li>\n<li data-start=\"1015\" data-end=\"1063\">\n<p data-start=\"1017\" data-end=\"1063\">Montreal Cup Coordination: <strong>Martin Girard<\/strong><\/p>\n<\/li>\n<li data-start=\"1064\" data-end=\"1106\">\n<p data-start=\"1066\" data-end=\"1106\">Social Activities: <strong>Thomas Lapointe<\/strong><\/p>\n<\/li>\n<\/ul>\n<h3 data-start=\"1108\" data-end=\"1126\"><strong>Communications<\/strong><\/h3>\n<ul data-start=\"1127\" data-end=\"1271\">\n<li data-start=\"1127\" data-end=\"1191\">\n<p data-start=\"1129\" data-end=\"1191\">Email Inbox (<a class=\"decorated-link cursor-pointer\" rel=\"noopener\" data-start=\"1144\" data-end=\"1169\">info@acontrecourant.qc.ca<\/a>): <strong>Fran\u00e7ois Gauvin<\/strong><\/p>\n<\/li>\n<li data-start=\"1192\" data-end=\"1240\">\n<p data-start=\"1194\" data-end=\"1240\">eAU COURANTe Newsletter: <strong>Fran\u00e7ois Gauvin<\/strong><\/p>\n<\/li>\n<li data-start=\"1241\" data-end=\"1271\">\n<p data-start=\"1243\" data-end=\"1271\">Website: <strong>Dany S. Sibai<\/strong><\/p>\n<\/li>\n<\/ul>\n<h2 data-start=\"1278\" data-end=\"1336\"><\/h2>\n<h2 data-start=\"1278\" data-end=\"1336\">Task Allocation for 2025\u20132026: <strong data-start=\"1312\" data-end=\"1336\">WATER POLO COMMITTEE<\/strong><\/h2>\n<h3 data-start=\"1338\" data-end=\"1361\"><strong>Activity Management<\/strong><\/h3>\n<ul data-start=\"1362\" data-end=\"1730\">\n<li data-start=\"1362\" data-end=\"1403\">\n<p data-start=\"1364\" data-end=\"1403\">Coordinator: <strong>Simon-Pierre Gigu\u00e8re<\/strong><\/p>\n<\/li>\n<li data-start=\"1404\" data-end=\"1444\">\n<p data-start=\"1406\" data-end=\"1444\">Registrar: <strong>Jean-Philippe Darveau<\/strong><\/p>\n<\/li>\n<li data-start=\"1445\" data-end=\"1495\">\n<p data-start=\"1447\" data-end=\"1495\">Financial Management: <strong>Mika Desblancs-Patel<\/strong><\/p>\n<\/li>\n<li data-start=\"1496\" data-end=\"1537\">\n<p data-start=\"1498\" data-end=\"1537\">Coach Management: <strong>Cal Koger-Pease<\/strong><\/p>\n<\/li>\n<li data-start=\"1538\" data-end=\"1584\">\n<p data-start=\"1540\" data-end=\"1584\">External Tournaments: <strong>Finnley McKillop<\/strong><\/p>\n<\/li>\n<li data-start=\"1585\" data-end=\"1626\">\n<p data-start=\"1587\" data-end=\"1626\">Annual Tournament: <strong>Eric Haineault<\/strong><\/p>\n<\/li>\n<li data-start=\"1627\" data-end=\"1664\">\n<p data-start=\"1629\" data-end=\"1664\">Communications: <strong>Dany S. Sibai<\/strong><\/p>\n<\/li>\n<li data-start=\"1665\" data-end=\"1730\">\n<p data-start=\"1667\" data-end=\"1730\">Social Activities: <strong>Mika Desblancs-Patel and Dany S. Sibai<\/strong><\/p>\n<\/li>\n<\/ul>\n<h3 data-start=\"1732\" data-end=\"1750\"><strong>Communications<\/strong><\/h3>\n<ul data-start=\"1751\" data-end=\"1901\" data-is-last-node=\"\" data-is-only-node=\"\">\n<li data-start=\"1751\" data-end=\"1818\">\n<p data-start=\"1753\" data-end=\"1818\">Email Inbox (<a class=\"decorated-link cursor-pointer\" rel=\"noopener\" data-start=\"1768\" data-end=\"1798\">waterpolo@acontrecourant.qc.ca<\/a>): <strong>Dany S. Sibai<\/strong><\/p>\n<\/li>\n<li data-start=\"1819\" data-end=\"1872\">\n<p data-start=\"1821\" data-end=\"1872\">eAU COURANTe Newsletter: <strong>Simon-Pierre Gigu\u00e8re<\/strong><\/p>\n<\/li>\n<li data-start=\"1873\" data-end=\"1901\" data-is-last-node=\"\">\n<p data-start=\"1875\" data-end=\"1901\" data-is-last-node=\"\">Website: <strong>Dany S. Sibai<\/strong><\/p>\n<\/li>\n<\/ul>\n","protected":false},"excerpt":{"rendered":"<p>The Board of Directors of \u00c0 Contre-Courant (ACC) for 2025\u20132026 is composed of the following 9 members: &nbsp; Benoit Grenier, President, liaison with \u00c9quipe Montr\u00e9al and the Swimming Committee Sonia Rachid, Vice-President Martin Girard, Treasurer Pierre-Luc Turgeon, IGLA 2027 Representative Annalise Hilts, Social Committee and FTN Dany S. Sibai, Communications and Website Committee Genevi\u00e8ve Sainte-Marie, [&hellip;]<\/p>\n","protected":false},"author":8,"featured_media":0,"parent":205,"menu_order":0,"comment_status":"closed","ping_status":"closed","template":"page-full-width.php","meta":{"_acf_changed":false,"footnotes":""},"class_list":["post-208","page","type-page","status-publish","hentry"],"acf":[],"yoast_head":"<!-- This site is optimized with the Yoast SEO plugin v26.3 - https:\/\/yoast.com\/wordpress\/plugins\/seo\/ -->\n<title>Board of Directors - \u00c0 Contre Courant<\/title>\n<meta name=\"robots\" content=\"index, follow, max-snippet:-1, max-image-preview:large, max-video-preview:-1\" \/>\n<link rel=\"canonical\" href=\"https:\/\/acontrecourant.qc.ca\/en\/information\/bod\/\" \/>\n<meta name=\"twitter:label1\" content=\"Est. reading time\" \/>\n\t<meta name=\"twitter:data1\" content=\"1 minute\" \/>\n<script type=\"application\/ld+json\" class=\"yoast-schema-graph\">{\"@context\":\"https:\/\/schema.org\",\"@graph\":[{\"@type\":\"WebPage\",\"@id\":\"https:\/\/acontrecourant.qc.ca\/en\/information\/bod\/\",\"url\":\"https:\/\/acontrecourant.qc.ca\/en\/information\/bod\/\",\"name\":\"Board of Directors - \u00c0 Contre Courant\",\"isPartOf\":{\"@id\":\"https:\/\/acontrecourant.qc.ca\/en\/#website\"},\"datePublished\":\"2013-07-25T15:09:03+00:00\",\"dateModified\":\"2026-02-12T21:25:38+00:00\",\"breadcrumb\":{\"@id\":\"https:\/\/acontrecourant.qc.ca\/en\/information\/bod\/#breadcrumb\"},\"inLanguage\":\"en-CA\",\"potentialAction\":[{\"@type\":\"ReadAction\",\"target\":[\"https:\/\/acontrecourant.qc.ca\/en\/information\/bod\/\"]}]},{\"@type\":\"BreadcrumbList\",\"@id\":\"https:\/\/acontrecourant.qc.ca\/en\/information\/bod\/#breadcrumb\",\"itemListElement\":[{\"@type\":\"ListItem\",\"position\":1,\"name\":\"Information\",\"item\":\"https:\/\/acontrecourant.qc.ca\/en\/information\/\"},{\"@type\":\"ListItem\",\"position\":2,\"name\":\"Board of Directors\"}]},{\"@type\":\"WebSite\",\"@id\":\"https:\/\/acontrecourant.qc.ca\/en\/#website\",\"url\":\"https:\/\/acontrecourant.qc.ca\/en\/\",\"name\":\"\u00c0 Contre Courant\",\"description\":\"Bienvenue \u00e0 Montr\u00e9al\",\"potentialAction\":[{\"@type\":\"SearchAction\",\"target\":{\"@type\":\"EntryPoint\",\"urlTemplate\":\"https:\/\/acontrecourant.qc.ca\/en\/?s={search_term_string}\"},\"query-input\":{\"@type\":\"PropertyValueSpecification\",\"valueRequired\":true,\"valueName\":\"search_term_string\"}}],\"inLanguage\":\"en-CA\"}]}<\/script>\n<!-- \/ Yoast SEO plugin. -->","yoast_head_json":{"title":"Board of Directors - \u00c0 Contre Courant","robots":{"index":"index","follow":"follow","max-snippet":"max-snippet:-1","max-image-preview":"max-image-preview:large","max-video-preview":"max-video-preview:-1"},"canonical":"https:\/\/acontrecourant.qc.ca\/en\/information\/bod\/","twitter_misc":{"Est. reading time":"1 minute"},"schema":{"@context":"https:\/\/schema.org","@graph":[{"@type":"WebPage","@id":"https:\/\/acontrecourant.qc.ca\/en\/information\/bod\/","url":"https:\/\/acontrecourant.qc.ca\/en\/information\/bod\/","name":"Board of Directors - \u00c0 Contre Courant","isPartOf":{"@id":"https:\/\/acontrecourant.qc.ca\/en\/#website"},"datePublished":"2013-07-25T15:09:03+00:00","dateModified":"2026-02-12T21:25:38+00:00","breadcrumb":{"@id":"https:\/\/acontrecourant.qc.ca\/en\/information\/bod\/#breadcrumb"},"inLanguage":"en-CA","potentialAction":[{"@type":"ReadAction","target":["https:\/\/acontrecourant.qc.ca\/en\/information\/bod\/"]}]},{"@type":"BreadcrumbList","@id":"https:\/\/acontrecourant.qc.ca\/en\/information\/bod\/#breadcrumb","itemListElement":[{"@type":"ListItem","position":1,"name":"Information","item":"https:\/\/acontrecourant.qc.ca\/en\/information\/"},{"@type":"ListItem","position":2,"name":"Board of Directors"}]},{"@type":"WebSite","@id":"https:\/\/acontrecourant.qc.ca\/en\/#website","url":"https:\/\/acontrecourant.qc.ca\/en\/","name":"\u00c0 Contre Courant","description":"Bienvenue \u00e0 Montr\u00e9al","potentialAction":[{"@type":"SearchAction","target":{"@type":"EntryPoint","urlTemplate":"https:\/\/acontrecourant.qc.ca\/en\/?s={search_term_string}"},"query-input":{"@type":"PropertyValueSpecification","valueRequired":true,"valueName":"search_term_string"}}],"inLanguage":"en-CA"}]}},"_links":{"self":[{"href":"https:\/\/acontrecourant.qc.ca\/en\/wp-json\/wp\/v2\/pages\/208\/"}],"collection":[{"href":"https:\/\/acontrecourant.qc.ca\/en\/wp-json\/wp\/v2\/pages\/"}],"about":[{"href":"https:\/\/acontrecourant.qc.ca\/en\/wp-json\/wp\/v2\/types\/page\/"}],"author":[{"embeddable":true,"href":"https:\/\/acontrecourant.qc.ca\/en\/wp-json\/wp\/v2\/users\/8\/"}],"replies":[{"embeddable":true,"href":"https:\/\/acontrecourant.qc.ca\/en\/wp-json\/wp\/v2\/comments\/?post=208"}],"version-history":[{"count":52,"href":"https:\/\/acontrecourant.qc.ca\/en\/wp-json\/wp\/v2\/pages\/208\/revisions\/"}],"predecessor-version":[{"id":4893,"href":"https:\/\/acontrecourant.qc.ca\/en\/wp-json\/wp\/v2\/pages\/208\/revisions\/4893\/"}],"up":[{"embeddable":true,"href":"https:\/\/acontrecourant.qc.ca\/en\/wp-json\/wp\/v2\/pages\/205\/"}],"wp:attachment":[{"href":"https:\/\/acontrecourant.qc.ca\/en\/wp-json\/wp\/v2\/media\/?parent=208"}],"curies":[{"name":"wp","href":"https:\/\/api.w.org\/{rel}","templated":true}]}}