{"id":2069,"date":"2018-09-18T08:52:07","date_gmt":"2018-09-18T12:52:07","guid":{"rendered":"http:\/\/acontrecourant.qc.ca\/en\/?page_id=2069"},"modified":"2020-03-09T10:28:21","modified_gmt":"2020-03-09T14:28:21","slug":"coupe-gen-info","status":"publish","type":"page","link":"https:\/\/acontrecourant.qc.ca\/en\/events\/coupe-gen-info\/","title":{"rendered":"General Information"},"content":{"rendered":"<h2>Swimming pool<\/h2>\n<p><a href=\"http:\/\/www.sportsmontreal.com\/fr\/complexe-sportif-claude-robillard.aspx\"><span style=\"font-weight: 400;\">Complexe sportif Claude-Robillard<\/span><\/a><br \/>\n<span style=\"font-weight: 400;\">1000 \u00c9mile-Journault Avenue, Montreal<\/span><br \/>\n<span style=\"font-weight: 400;\">Tel.: 514 872-6911<\/span><\/p>\n<h3>Public Transit:<\/h3>\n<p>A ten-minute walk from the Cr\u00e9mazie metro station (orange line), or take the 146 bus eastbound. (<a href=\"http:\/\/www.stm.info\">www.stm.info<\/a>).<\/p>\n<h3>By car:<\/h3>\n<p>Boulevard M\u00e9tropolitain (Highway 40), exit Saint-Hubert\/Christophe-Colomb; take Christophe-Colomb North and follow the signage.<\/p>\n<h3>Parking:<\/h3>\n<p>Free on-site parking behind the sports centre.<\/p>\n<h3>Food:<\/h3>\n<p>Vending machines are located on the same level as the bleachers. A number of restaurants are also located nearby on Fleury Street, north of the sports center.<\/p>\n<h2>Steering Committee<\/h2>\n<p><a href=\"http:\/\/acontrecourant.qc.ca\/en\/events\/coupe-steering-com\/\">Steering Committee<\/a><\/p>\n<h2>Housing<\/h2>\n<p>The organizing committee will provide housing with local athletes or volunteers for those athletes who request it. Those interested in this service are asked to fill out the appropriate section of the registration form and to send it as soon as possible. Generally, hosts agree to provide housing from Friday until Sunday.<\/p>\n<p>We invite you to support the <a href=\"http:\/\/www.fnq.qc.ca\/liens-utiles\/\" rel=\"noopener noreferrer\" target=\"_blank\">F\u00e9d\u00e9ration de natation du Qu\u00e9bec\u2019s sponsor hotels<\/a>, or <a href=\"https:\/\/www.swimming.ca\/en\/resources\/miscellaneous\/travel-tools\/\" rel=\"noopener noreferrer\" target=\"_blank\">the ones<\/a> from Swimming Canada. You can also visit the website of Tourisme Montr\u00e9al for <a href=\"https:\/\/www.mtl.org\/en\" rel=\"noopener noreferrer\" target=\"_blank\">information on local travel<\/a>. You can search by type of accommodation, area and classification.<\/p>\n<h3 style=\"text-align:center;\"><span>Enjoy the Choice program,<\/span><br \/>\n<span>to book and save money!<\/span><br \/>\n<span>(Customer ID # 00622380)<\/span><\/h3>\n<p><img decoding=\"async\" src=\"http:\/\/acontrecourant.qc.ca\/wp-content\/uploads\/jpg\/coupe-program-choice-logos.jpg\" alt=\"Choice Program\"\/> <\/p>\n","protected":false},"excerpt":{"rendered":"<p>Swimming pool Complexe sportif Claude-Robillard 1000 \u00c9mile-Journault Avenue, Montreal Tel.: 514 872-6911 Public Transit: A ten-minute walk from the Cr\u00e9mazie metro station (orange line), or take the 146 bus eastbound. (www.stm.info). By car: Boulevard M\u00e9tropolitain (Highway 40), exit Saint-Hubert\/Christophe-Colomb; take Christophe-Colomb North and follow the signage. Parking: Free on-site parking behind the sports centre. Food: [&hellip;]<\/p>\n","protected":false},"author":9,"featured_media":0,"parent":191,"menu_order":0,"comment_status":"closed","ping_status":"closed","template":"","meta":{"_acf_changed":false,"footnotes":""},"class_list":["post-2069","page","type-page","status-publish","hentry"],"acf":[],"yoast_head":"<!-- This site is optimized with the Yoast SEO plugin v26.3 - https:\/\/yoast.com\/wordpress\/plugins\/seo\/ -->\n<title>General Information - \u00c0 Contre Courant<\/title>\n<meta name=\"robots\" content=\"index, follow, max-snippet:-1, max-image-preview:large, max-video-preview:-1\" \/>\n<link rel=\"canonical\" href=\"https:\/\/acontrecourant.qc.ca\/en\/events\/coupe-gen-info\/\" \/>\n<meta name=\"twitter:label1\" content=\"Est. reading time\" \/>\n\t<meta name=\"twitter:data1\" content=\"1 minute\" \/>\n<script type=\"application\/ld+json\" class=\"yoast-schema-graph\">{\"@context\":\"https:\/\/schema.org\",\"@graph\":[{\"@type\":\"WebPage\",\"@id\":\"https:\/\/acontrecourant.qc.ca\/en\/events\/coupe-gen-info\/\",\"url\":\"https:\/\/acontrecourant.qc.ca\/en\/events\/coupe-gen-info\/\",\"name\":\"General Information - \u00c0 Contre Courant\",\"isPartOf\":{\"@id\":\"https:\/\/acontrecourant.qc.ca\/en\/#website\"},\"primaryImageOfPage\":{\"@id\":\"https:\/\/acontrecourant.qc.ca\/en\/events\/coupe-gen-info\/#primaryimage\"},\"image\":{\"@id\":\"https:\/\/acontrecourant.qc.ca\/en\/events\/coupe-gen-info\/#primaryimage\"},\"thumbnailUrl\":\"http:\/\/acontrecourant.qc.ca\/wp-content\/uploads\/jpg\/coupe-program-choice-logos.jpg\",\"datePublished\":\"2018-09-18T12:52:07+00:00\",\"dateModified\":\"2020-03-09T14:28:21+00:00\",\"breadcrumb\":{\"@id\":\"https:\/\/acontrecourant.qc.ca\/en\/events\/coupe-gen-info\/#breadcrumb\"},\"inLanguage\":\"en-CA\",\"potentialAction\":[{\"@type\":\"ReadAction\",\"target\":[\"https:\/\/acontrecourant.qc.ca\/en\/events\/coupe-gen-info\/\"]}]},{\"@type\":\"ImageObject\",\"inLanguage\":\"en-CA\",\"@id\":\"https:\/\/acontrecourant.qc.ca\/en\/events\/coupe-gen-info\/#primaryimage\",\"url\":\"http:\/\/acontrecourant.qc.ca\/wp-content\/uploads\/jpg\/coupe-program-choice-logos.jpg\",\"contentUrl\":\"http:\/\/acontrecourant.qc.ca\/wp-content\/uploads\/jpg\/coupe-program-choice-logos.jpg\"},{\"@type\":\"BreadcrumbList\",\"@id\":\"https:\/\/acontrecourant.qc.ca\/en\/events\/coupe-gen-info\/#breadcrumb\",\"itemListElement\":[{\"@type\":\"ListItem\",\"position\":1,\"name\":\"Events\",\"item\":\"https:\/\/acontrecourant.qc.ca\/en\/events\/\"},{\"@type\":\"ListItem\",\"position\":2,\"name\":\"General Information\"}]},{\"@type\":\"WebSite\",\"@id\":\"https:\/\/acontrecourant.qc.ca\/en\/#website\",\"url\":\"https:\/\/acontrecourant.qc.ca\/en\/\",\"name\":\"\u00c0 Contre Courant\",\"description\":\"Bienvenue \u00e0 Montr\u00e9al\",\"potentialAction\":[{\"@type\":\"SearchAction\",\"target\":{\"@type\":\"EntryPoint\",\"urlTemplate\":\"https:\/\/acontrecourant.qc.ca\/en\/?s={search_term_string}\"},\"query-input\":{\"@type\":\"PropertyValueSpecification\",\"valueRequired\":true,\"valueName\":\"search_term_string\"}}],\"inLanguage\":\"en-CA\"}]}<\/script>\n<!-- \/ Yoast SEO plugin. -->","yoast_head_json":{"title":"General Information - \u00c0 Contre Courant","robots":{"index":"index","follow":"follow","max-snippet":"max-snippet:-1","max-image-preview":"max-image-preview:large","max-video-preview":"max-video-preview:-1"},"canonical":"https:\/\/acontrecourant.qc.ca\/en\/events\/coupe-gen-info\/","twitter_misc":{"Est. reading time":"1 minute"},"schema":{"@context":"https:\/\/schema.org","@graph":[{"@type":"WebPage","@id":"https:\/\/acontrecourant.qc.ca\/en\/events\/coupe-gen-info\/","url":"https:\/\/acontrecourant.qc.ca\/en\/events\/coupe-gen-info\/","name":"General Information - \u00c0 Contre Courant","isPartOf":{"@id":"https:\/\/acontrecourant.qc.ca\/en\/#website"},"primaryImageOfPage":{"@id":"https:\/\/acontrecourant.qc.ca\/en\/events\/coupe-gen-info\/#primaryimage"},"image":{"@id":"https:\/\/acontrecourant.qc.ca\/en\/events\/coupe-gen-info\/#primaryimage"},"thumbnailUrl":"http:\/\/acontrecourant.qc.ca\/wp-content\/uploads\/jpg\/coupe-program-choice-logos.jpg","datePublished":"2018-09-18T12:52:07+00:00","dateModified":"2020-03-09T14:28:21+00:00","breadcrumb":{"@id":"https:\/\/acontrecourant.qc.ca\/en\/events\/coupe-gen-info\/#breadcrumb"},"inLanguage":"en-CA","potentialAction":[{"@type":"ReadAction","target":["https:\/\/acontrecourant.qc.ca\/en\/events\/coupe-gen-info\/"]}]},{"@type":"ImageObject","inLanguage":"en-CA","@id":"https:\/\/acontrecourant.qc.ca\/en\/events\/coupe-gen-info\/#primaryimage","url":"http:\/\/acontrecourant.qc.ca\/wp-content\/uploads\/jpg\/coupe-program-choice-logos.jpg","contentUrl":"http:\/\/acontrecourant.qc.ca\/wp-content\/uploads\/jpg\/coupe-program-choice-logos.jpg"},{"@type":"BreadcrumbList","@id":"https:\/\/acontrecourant.qc.ca\/en\/events\/coupe-gen-info\/#breadcrumb","itemListElement":[{"@type":"ListItem","position":1,"name":"Events","item":"https:\/\/acontrecourant.qc.ca\/en\/events\/"},{"@type":"ListItem","position":2,"name":"General Information"}]},{"@type":"WebSite","@id":"https:\/\/acontrecourant.qc.ca\/en\/#website","url":"https:\/\/acontrecourant.qc.ca\/en\/","name":"\u00c0 Contre Courant","description":"Bienvenue \u00e0 Montr\u00e9al","potentialAction":[{"@type":"SearchAction","target":{"@type":"EntryPoint","urlTemplate":"https:\/\/acontrecourant.qc.ca\/en\/?s={search_term_string}"},"query-input":{"@type":"PropertyValueSpecification","valueRequired":true,"valueName":"search_term_string"}}],"inLanguage":"en-CA"}]}},"_links":{"self":[{"href":"https:\/\/acontrecourant.qc.ca\/en\/wp-json\/wp\/v2\/pages\/2069\/"}],"collection":[{"href":"https:\/\/acontrecourant.qc.ca\/en\/wp-json\/wp\/v2\/pages\/"}],"about":[{"href":"https:\/\/acontrecourant.qc.ca\/en\/wp-json\/wp\/v2\/types\/page\/"}],"author":[{"embeddable":true,"href":"https:\/\/acontrecourant.qc.ca\/en\/wp-json\/wp\/v2\/users\/9\/"}],"replies":[{"embeddable":true,"href":"https:\/\/acontrecourant.qc.ca\/en\/wp-json\/wp\/v2\/comments\/?post=2069"}],"version-history":[{"count":15,"href":"https:\/\/acontrecourant.qc.ca\/en\/wp-json\/wp\/v2\/pages\/2069\/revisions\/"}],"predecessor-version":[{"id":2721,"href":"https:\/\/acontrecourant.qc.ca\/en\/wp-json\/wp\/v2\/pages\/2069\/revisions\/2721\/"}],"up":[{"embeddable":true,"href":"https:\/\/acontrecourant.qc.ca\/en\/wp-json\/wp\/v2\/pages\/191\/"}],"wp:attachment":[{"href":"https:\/\/acontrecourant.qc.ca\/en\/wp-json\/wp\/v2\/media\/?parent=2069"}],"curies":[{"name":"wp","href":"https:\/\/api.w.org\/{rel}","templated":true}]}}