{"id":2049,"date":"2018-09-17T22:50:01","date_gmt":"2018-09-18T02:50:01","guid":{"rendered":"http:\/\/acontrecourant.qc.ca\/en\/?page_id=2049"},"modified":"2026-02-04T18:23:26","modified_gmt":"2026-02-04T23:23:26","slug":"coupe","status":"publish","type":"page","link":"https:\/\/acontrecourant.qc.ca\/en\/events\/coupe\/","title":{"rendered":"Coupe de Montr\u00e9al"},"content":{"rendered":"<div data-post-id=\"4546\" class=\"insert-page insert-page-4546 \"><h1>30th Edition &#8211; Year 2026<\/h1>\n<div style=\"background-image: url('http:\/\/acontrecourant.qc.ca\/wp-content\/uploads\/jpg\/coupe-mtl-logo.jpg'); background-size: 100% 100%; background-repeat: no-repeat; padding-top: 400px;\"><\/div>\n<div>\n<h1 style=\"text-align: center;\">Round 5 &#8211; Coupe des ma\u00eetres<\/h1>\n<h2>Official Site for Coupe de Montreal &#8211; February 21, 2026<\/h2>\n<p><a href=\"http:\/\/coupe.acontrecourant.qc.ca\/\">Official Invitation<\/a><br \/>\n<a href=\"http:\/\/coupe.acontrecourant.qc.ca\/program\">Official Program<\/a><br \/>\n<a href=\"https:\/\/coupe.acontrecourant.qc.ca\/results\">Official Results<\/a>\n<\/div>\n<\/div>\n<p><a href=\"https:\/\/www.eventbrite.ca\/e\/gala-de-la-30e-coupe-de-montreal-de-natation-tickets-1982036452384?aff=oddtdtcreator\">30th Montreal Cup Gala<\/a><\/p>\n<h3 style=\"text-align: center;\"><\/h3>\n<p><!--\n\n\n<p style=\"text-align: center;\">\u00a0Welcome cocktail, three course meal, Drag Show<\/p>\n\n\n\n\n<p style=\"text-align: center;\">To note: <em>Additional wine\/beer\/alcohol can be purchased throughout the course of the evening from your server.<\/em><\/p>\n\n\n\n\n\n<h3 style=\"text-align: center;\"><strong>DRAG SHOW\u00a0: LISA SANTANA<\/strong><\/h3>\n\n\n\n\n<p style=\"text-align: center;\"><strong>\u00a0<\/strong>Lisa Santana was created in 2019 following the Miss Purple contest at the now defunct bar, Le Purple, whereby she won first place.<\/p>\n\n\n\n\n\n<h3 style=\"text-align: center;\"><strong>HOW TO REGISTER?<\/strong><\/h3>\n\n\n\n\n<p style=\"text-align: center;\">Spaces are limited<\/p>\n\n\n\n\n<p style=\"text-align: center;\">Please <strong><a href=\"https:\/\/urldefense.com\/v3\/__https:\/docs.google.com\/forms\/d\/1qEr3W2yf7y_jRuFkkQBFjhVQJlljuvfSlp3cAuIXbcQ\/edit__;!!O9lNpA!nkGO6L3iIh51Wp6Kl94Ojt4t7OhHEvK5PwQcm3T8ShKUZFCX7EfT8ABVH5J0aSJLN7nxiHWqiBk-1bnI$\">register<\/a>\u00a0<\/strong>to select your dinner choice and to buy your ticket:<\/p>\n\n\n\n\n<p style=\"text-align: center;\"><em>(<strong>Registration will start on October 18 and will close on October 29 at midnight<\/strong>)<\/em><\/p>\n\n\n\n\n\n<h3 style=\"text-align: center;\"><strong>PAYMENT INFORMATION<\/strong><\/h3>\n\n\n\n\n<p style=\"text-align: center;\">Payment must be received via e-transfer or cheque no later than October 29 at midnight. \u00a0 Please\u00a0e-transfer $61\/person to <a href=\"mailto:tr\u00e9sorerie.natation@acontrecourant.qc.ca\">tr\u00e9sorerie.natation@acontrecourant.qc.ca<\/a> indicating the first and last name of the person(s) you are paying for. The response for payment is <strong>Souper2023<\/strong>.<\/p>\n\n\n\n\n<p style=\"text-align: center;\">Should you wish to pay by cheque, please give the cheque to Victor or Melanie with a note indicating the first and last name of the person(s) you are paying for.<\/p>\n\n\n\n\n<p style=\"text-align: center;\"><em>*Your ticket is non-refundable after November 1, 2023.<\/em><\/p>\n\n\n[pdf-embedder url=\"http:\/\/acontrecourant.qc.ca\/wp-content\/uploads\/pdf\/menu_3services_clubnage_en.pdf\"]\n\n--><\/p>\n","protected":false},"excerpt":{"rendered":"<p>30th Montreal Cup Gala<\/p>\n","protected":false},"author":9,"featured_media":0,"parent":191,"menu_order":0,"comment_status":"closed","ping_status":"closed","template":"","meta":{"_acf_changed":false,"footnotes":""},"class_list":["post-2049","page","type-page","status-publish","hentry"],"acf":[],"yoast_head":"<!-- This site is optimized with the Yoast SEO plugin v26.3 - https:\/\/yoast.com\/wordpress\/plugins\/seo\/ -->\n<title>Coupe de Montr\u00e9al - \u00c0 Contre Courant<\/title>\n<meta name=\"robots\" content=\"index, follow, max-snippet:-1, max-image-preview:large, max-video-preview:-1\" \/>\n<link rel=\"canonical\" href=\"https:\/\/acontrecourant.qc.ca\/en\/events\/coupe\/\" \/>\n<meta name=\"twitter:label1\" content=\"Est. reading time\" \/>\n\t<meta name=\"twitter:data1\" content=\"1 minute\" \/>\n<script type=\"application\/ld+json\" class=\"yoast-schema-graph\">{\"@context\":\"https:\/\/schema.org\",\"@graph\":[{\"@type\":\"WebPage\",\"@id\":\"https:\/\/acontrecourant.qc.ca\/en\/events\/coupe\/\",\"url\":\"https:\/\/acontrecourant.qc.ca\/en\/events\/coupe\/\",\"name\":\"Coupe de Montr\u00e9al - \u00c0 Contre Courant\",\"isPartOf\":{\"@id\":\"https:\/\/acontrecourant.qc.ca\/en\/#website\"},\"datePublished\":\"2018-09-18T02:50:01+00:00\",\"dateModified\":\"2026-02-04T23:23:26+00:00\",\"breadcrumb\":{\"@id\":\"https:\/\/acontrecourant.qc.ca\/en\/events\/coupe\/#breadcrumb\"},\"inLanguage\":\"en-CA\",\"potentialAction\":[{\"@type\":\"ReadAction\",\"target\":[\"https:\/\/acontrecourant.qc.ca\/en\/events\/coupe\/\"]}]},{\"@type\":\"BreadcrumbList\",\"@id\":\"https:\/\/acontrecourant.qc.ca\/en\/events\/coupe\/#breadcrumb\",\"itemListElement\":[{\"@type\":\"ListItem\",\"position\":1,\"name\":\"Events\",\"item\":\"https:\/\/acontrecourant.qc.ca\/en\/events\/\"},{\"@type\":\"ListItem\",\"position\":2,\"name\":\"Coupe de Montr\u00e9al\"}]},{\"@type\":\"WebSite\",\"@id\":\"https:\/\/acontrecourant.qc.ca\/en\/#website\",\"url\":\"https:\/\/acontrecourant.qc.ca\/en\/\",\"name\":\"\u00c0 Contre Courant\",\"description\":\"Bienvenue \u00e0 Montr\u00e9al\",\"potentialAction\":[{\"@type\":\"SearchAction\",\"target\":{\"@type\":\"EntryPoint\",\"urlTemplate\":\"https:\/\/acontrecourant.qc.ca\/en\/?s={search_term_string}\"},\"query-input\":{\"@type\":\"PropertyValueSpecification\",\"valueRequired\":true,\"valueName\":\"search_term_string\"}}],\"inLanguage\":\"en-CA\"}]}<\/script>\n<!-- \/ Yoast SEO plugin. -->","yoast_head_json":{"title":"Coupe de Montr\u00e9al - \u00c0 Contre Courant","robots":{"index":"index","follow":"follow","max-snippet":"max-snippet:-1","max-image-preview":"max-image-preview:large","max-video-preview":"max-video-preview:-1"},"canonical":"https:\/\/acontrecourant.qc.ca\/en\/events\/coupe\/","twitter_misc":{"Est. reading time":"1 minute"},"schema":{"@context":"https:\/\/schema.org","@graph":[{"@type":"WebPage","@id":"https:\/\/acontrecourant.qc.ca\/en\/events\/coupe\/","url":"https:\/\/acontrecourant.qc.ca\/en\/events\/coupe\/","name":"Coupe de Montr\u00e9al - \u00c0 Contre Courant","isPartOf":{"@id":"https:\/\/acontrecourant.qc.ca\/en\/#website"},"datePublished":"2018-09-18T02:50:01+00:00","dateModified":"2026-02-04T23:23:26+00:00","breadcrumb":{"@id":"https:\/\/acontrecourant.qc.ca\/en\/events\/coupe\/#breadcrumb"},"inLanguage":"en-CA","potentialAction":[{"@type":"ReadAction","target":["https:\/\/acontrecourant.qc.ca\/en\/events\/coupe\/"]}]},{"@type":"BreadcrumbList","@id":"https:\/\/acontrecourant.qc.ca\/en\/events\/coupe\/#breadcrumb","itemListElement":[{"@type":"ListItem","position":1,"name":"Events","item":"https:\/\/acontrecourant.qc.ca\/en\/events\/"},{"@type":"ListItem","position":2,"name":"Coupe de Montr\u00e9al"}]},{"@type":"WebSite","@id":"https:\/\/acontrecourant.qc.ca\/en\/#website","url":"https:\/\/acontrecourant.qc.ca\/en\/","name":"\u00c0 Contre Courant","description":"Bienvenue \u00e0 Montr\u00e9al","potentialAction":[{"@type":"SearchAction","target":{"@type":"EntryPoint","urlTemplate":"https:\/\/acontrecourant.qc.ca\/en\/?s={search_term_string}"},"query-input":{"@type":"PropertyValueSpecification","valueRequired":true,"valueName":"search_term_string"}}],"inLanguage":"en-CA"}]}},"_links":{"self":[{"href":"https:\/\/acontrecourant.qc.ca\/en\/wp-json\/wp\/v2\/pages\/2049\/"}],"collection":[{"href":"https:\/\/acontrecourant.qc.ca\/en\/wp-json\/wp\/v2\/pages\/"}],"about":[{"href":"https:\/\/acontrecourant.qc.ca\/en\/wp-json\/wp\/v2\/types\/page\/"}],"author":[{"embeddable":true,"href":"https:\/\/acontrecourant.qc.ca\/en\/wp-json\/wp\/v2\/users\/9\/"}],"replies":[{"embeddable":true,"href":"https:\/\/acontrecourant.qc.ca\/en\/wp-json\/wp\/v2\/comments\/?post=2049"}],"version-history":[{"count":45,"href":"https:\/\/acontrecourant.qc.ca\/en\/wp-json\/wp\/v2\/pages\/2049\/revisions\/"}],"predecessor-version":[{"id":4843,"href":"https:\/\/acontrecourant.qc.ca\/en\/wp-json\/wp\/v2\/pages\/2049\/revisions\/4843\/"}],"up":[{"embeddable":true,"href":"https:\/\/acontrecourant.qc.ca\/en\/wp-json\/wp\/v2\/pages\/191\/"}],"wp:attachment":[{"href":"https:\/\/acontrecourant.qc.ca\/en\/wp-json\/wp\/v2\/media\/?parent=2049"}],"curies":[{"name":"wp","href":"https:\/\/api.w.org\/{rel}","templated":true}]}}