{"id":203,"date":"2013-07-25T10:57:58","date_gmt":"2013-07-25T14:57:58","guid":{"rendered":"http:\/\/acontrecourant.qc.ca\/?page_id=203"},"modified":"2026-02-12T14:55:27","modified_gmt":"2026-02-12T19:55:27","slug":"swim-a-thon","status":"publish","type":"page","link":"https:\/\/acontrecourant.qc.ca\/en\/events\/swim-a-thon\/","title":{"rendered":"Gaywatched \u2013 ACC Water Polo Annual Tournament 2026"},"content":{"rendered":"<header class=\"entry-header\">\n<h3 data-start=\"56\" data-end=\"187\">The <strong>ACC Water Polo annual tournament<\/strong> will take place on <strong>June 6 and 7, 2026<\/strong>,<br data-start=\"135\" data-end=\"138\" \/>at <strong>Parc Jean-Drapeau<\/strong> in Montreal, Canada.<\/h3>\n<p>&nbsp;<\/p>\n<p data-start=\"189\" data-end=\"234\" data-is-last-node=\"\" data-is-only-node=\"\"><em>More details will follow in the coming weeks.<\/em><\/p>\n<h2 style=\"text-align: center;\"><img loading=\"lazy\" decoding=\"async\" class=\"alignnone  wp-image-4862\" src=\"http:\/\/acontrecourant.qc.ca\/wp-content\/uploads\/png\/Image1-298x300.png\" alt=\"\" width=\"622\" height=\"626\" srcset=\"https:\/\/acontrecourant.qc.ca\/wp-content\/uploads\/png\/Image1-298x300.png 298w, https:\/\/acontrecourant.qc.ca\/wp-content\/uploads\/png\/Image1-150x150.png 150w, https:\/\/acontrecourant.qc.ca\/wp-content\/uploads\/png\/Image1-62x62.png 62w, https:\/\/acontrecourant.qc.ca\/wp-content\/uploads\/png\/Image1.png 623w\" sizes=\"auto, (max-width: 622px) 100vw, 622px\" \/><b><i><\/i><\/b><\/h2>\n<\/header>\n","protected":false},"excerpt":{"rendered":"<p>The ACC Water Polo annual tournament will take place on June 6 and 7, 2026,at Parc Jean-Drapeau in Montreal, Canada. &nbsp; More details will follow in the coming weeks.<\/p>\n","protected":false},"author":8,"featured_media":0,"parent":191,"menu_order":0,"comment_status":"closed","ping_status":"closed","template":"page-full-width.php","meta":{"_acf_changed":false,"footnotes":""},"class_list":["post-203","page","type-page","status-publish","hentry"],"acf":[],"yoast_head":"<!-- This site is optimized with the Yoast SEO plugin v26.3 - https:\/\/yoast.com\/wordpress\/plugins\/seo\/ -->\n<title>Gaywatched \u2013 ACC Water Polo Annual Tournament 2026 - \u00c0 Contre Courant<\/title>\n<meta name=\"robots\" content=\"index, follow, max-snippet:-1, max-image-preview:large, max-video-preview:-1\" \/>\n<link rel=\"canonical\" href=\"https:\/\/acontrecourant.qc.ca\/en\/events\/swim-a-thon\/\" \/>\n<meta name=\"twitter:label1\" content=\"Est. reading time\" \/>\n\t<meta name=\"twitter:data1\" content=\"1 minute\" \/>\n<script type=\"application\/ld+json\" class=\"yoast-schema-graph\">{\"@context\":\"https:\/\/schema.org\",\"@graph\":[{\"@type\":\"WebPage\",\"@id\":\"https:\/\/acontrecourant.qc.ca\/en\/events\/swim-a-thon\/\",\"url\":\"https:\/\/acontrecourant.qc.ca\/en\/events\/swim-a-thon\/\",\"name\":\"Gaywatched \u2013 ACC Water Polo Annual Tournament 2026 - \u00c0 Contre Courant\",\"isPartOf\":{\"@id\":\"https:\/\/acontrecourant.qc.ca\/en\/#website\"},\"primaryImageOfPage\":{\"@id\":\"https:\/\/acontrecourant.qc.ca\/en\/events\/swim-a-thon\/#primaryimage\"},\"image\":{\"@id\":\"https:\/\/acontrecourant.qc.ca\/en\/events\/swim-a-thon\/#primaryimage\"},\"thumbnailUrl\":\"http:\/\/acontrecourant.qc.ca\/wp-content\/uploads\/png\/Image1-298x300.png\",\"datePublished\":\"2013-07-25T14:57:58+00:00\",\"dateModified\":\"2026-02-12T19:55:27+00:00\",\"breadcrumb\":{\"@id\":\"https:\/\/acontrecourant.qc.ca\/en\/events\/swim-a-thon\/#breadcrumb\"},\"inLanguage\":\"en-CA\",\"potentialAction\":[{\"@type\":\"ReadAction\",\"target\":[\"https:\/\/acontrecourant.qc.ca\/en\/events\/swim-a-thon\/\"]}]},{\"@type\":\"ImageObject\",\"inLanguage\":\"en-CA\",\"@id\":\"https:\/\/acontrecourant.qc.ca\/en\/events\/swim-a-thon\/#primaryimage\",\"url\":\"http:\/\/acontrecourant.qc.ca\/wp-content\/uploads\/png\/Image1-298x300.png\",\"contentUrl\":\"http:\/\/acontrecourant.qc.ca\/wp-content\/uploads\/png\/Image1-298x300.png\"},{\"@type\":\"BreadcrumbList\",\"@id\":\"https:\/\/acontrecourant.qc.ca\/en\/events\/swim-a-thon\/#breadcrumb\",\"itemListElement\":[{\"@type\":\"ListItem\",\"position\":1,\"name\":\"Events\",\"item\":\"https:\/\/acontrecourant.qc.ca\/en\/events\/\"},{\"@type\":\"ListItem\",\"position\":2,\"name\":\"Gaywatched \u2013 ACC Water Polo Annual Tournament 2026\"}]},{\"@type\":\"WebSite\",\"@id\":\"https:\/\/acontrecourant.qc.ca\/en\/#website\",\"url\":\"https:\/\/acontrecourant.qc.ca\/en\/\",\"name\":\"\u00c0 Contre Courant\",\"description\":\"Bienvenue \u00e0 Montr\u00e9al\",\"potentialAction\":[{\"@type\":\"SearchAction\",\"target\":{\"@type\":\"EntryPoint\",\"urlTemplate\":\"https:\/\/acontrecourant.qc.ca\/en\/?s={search_term_string}\"},\"query-input\":{\"@type\":\"PropertyValueSpecification\",\"valueRequired\":true,\"valueName\":\"search_term_string\"}}],\"inLanguage\":\"en-CA\"}]}<\/script>\n<!-- \/ Yoast SEO plugin. -->","yoast_head_json":{"title":"Gaywatched \u2013 ACC Water Polo Annual Tournament 2026 - \u00c0 Contre Courant","robots":{"index":"index","follow":"follow","max-snippet":"max-snippet:-1","max-image-preview":"max-image-preview:large","max-video-preview":"max-video-preview:-1"},"canonical":"https:\/\/acontrecourant.qc.ca\/en\/events\/swim-a-thon\/","twitter_misc":{"Est. reading time":"1 minute"},"schema":{"@context":"https:\/\/schema.org","@graph":[{"@type":"WebPage","@id":"https:\/\/acontrecourant.qc.ca\/en\/events\/swim-a-thon\/","url":"https:\/\/acontrecourant.qc.ca\/en\/events\/swim-a-thon\/","name":"Gaywatched \u2013 ACC Water Polo Annual Tournament 2026 - \u00c0 Contre Courant","isPartOf":{"@id":"https:\/\/acontrecourant.qc.ca\/en\/#website"},"primaryImageOfPage":{"@id":"https:\/\/acontrecourant.qc.ca\/en\/events\/swim-a-thon\/#primaryimage"},"image":{"@id":"https:\/\/acontrecourant.qc.ca\/en\/events\/swim-a-thon\/#primaryimage"},"thumbnailUrl":"http:\/\/acontrecourant.qc.ca\/wp-content\/uploads\/png\/Image1-298x300.png","datePublished":"2013-07-25T14:57:58+00:00","dateModified":"2026-02-12T19:55:27+00:00","breadcrumb":{"@id":"https:\/\/acontrecourant.qc.ca\/en\/events\/swim-a-thon\/#breadcrumb"},"inLanguage":"en-CA","potentialAction":[{"@type":"ReadAction","target":["https:\/\/acontrecourant.qc.ca\/en\/events\/swim-a-thon\/"]}]},{"@type":"ImageObject","inLanguage":"en-CA","@id":"https:\/\/acontrecourant.qc.ca\/en\/events\/swim-a-thon\/#primaryimage","url":"http:\/\/acontrecourant.qc.ca\/wp-content\/uploads\/png\/Image1-298x300.png","contentUrl":"http:\/\/acontrecourant.qc.ca\/wp-content\/uploads\/png\/Image1-298x300.png"},{"@type":"BreadcrumbList","@id":"https:\/\/acontrecourant.qc.ca\/en\/events\/swim-a-thon\/#breadcrumb","itemListElement":[{"@type":"ListItem","position":1,"name":"Events","item":"https:\/\/acontrecourant.qc.ca\/en\/events\/"},{"@type":"ListItem","position":2,"name":"Gaywatched \u2013 ACC Water Polo Annual Tournament 2026"}]},{"@type":"WebSite","@id":"https:\/\/acontrecourant.qc.ca\/en\/#website","url":"https:\/\/acontrecourant.qc.ca\/en\/","name":"\u00c0 Contre Courant","description":"Bienvenue \u00e0 Montr\u00e9al","potentialAction":[{"@type":"SearchAction","target":{"@type":"EntryPoint","urlTemplate":"https:\/\/acontrecourant.qc.ca\/en\/?s={search_term_string}"},"query-input":{"@type":"PropertyValueSpecification","valueRequired":true,"valueName":"search_term_string"}}],"inLanguage":"en-CA"}]}},"_links":{"self":[{"href":"https:\/\/acontrecourant.qc.ca\/en\/wp-json\/wp\/v2\/pages\/203\/"}],"collection":[{"href":"https:\/\/acontrecourant.qc.ca\/en\/wp-json\/wp\/v2\/pages\/"}],"about":[{"href":"https:\/\/acontrecourant.qc.ca\/en\/wp-json\/wp\/v2\/types\/page\/"}],"author":[{"embeddable":true,"href":"https:\/\/acontrecourant.qc.ca\/en\/wp-json\/wp\/v2\/users\/8\/"}],"replies":[{"embeddable":true,"href":"https:\/\/acontrecourant.qc.ca\/en\/wp-json\/wp\/v2\/comments\/?post=203"}],"version-history":[{"count":59,"href":"https:\/\/acontrecourant.qc.ca\/en\/wp-json\/wp\/v2\/pages\/203\/revisions\/"}],"predecessor-version":[{"id":4878,"href":"https:\/\/acontrecourant.qc.ca\/en\/wp-json\/wp\/v2\/pages\/203\/revisions\/4878\/"}],"up":[{"embeddable":true,"href":"https:\/\/acontrecourant.qc.ca\/en\/wp-json\/wp\/v2\/pages\/191\/"}],"wp:attachment":[{"href":"https:\/\/acontrecourant.qc.ca\/en\/wp-json\/wp\/v2\/media\/?parent=203"}],"curies":[{"name":"wp","href":"https:\/\/api.w.org\/{rel}","templated":true}]}}