{"id":200,"date":"2013-07-25T10:51:48","date_gmt":"2013-07-25T14:51:48","guid":{"rendered":"http:\/\/acontrecourant.qc.ca\/?page_id=200"},"modified":"2022-07-31T17:27:41","modified_gmt":"2022-07-31T21:27:41","slug":"history","status":"publish","type":"page","link":"https:\/\/acontrecourant.qc.ca\/en\/events\/coupe\/history\/","title":{"rendered":"History"},"content":{"rendered":"<h2>Competitions organized by \u00c0 Contre-Courant<\/h2>\n<p>Every year since 1991, \u00c0 Contre-Courant has hosted the Coupe de Montr\u00e9al des ma\u00eetres nageurs. Since 1997, this event, which attracts up to 300 participants from fifteen-odd cities across Canada, the United States and even Europe, is held in November.<\/p>\n<table class=\"historique\" border=\"0\" cellspacing=\"0\" cellpadding=\"0\">\n<tbody>\n<tr>\n<td align=\"left\" valign=\"top\"><strong>2016<\/strong><\/td>\n<td><strong>23<sup>rd<\/sup> Coupe<\/strong> November 19 2016, at the Complexe sportif Claude-Robillard pool, in Montr\u00e9al (261 athletes).<\/td>\n<\/tr>\n<tr>\n<td align=\"left\" valign=\"top\"><strong>2016<\/strong><\/td>\n<td><strong>22<sup>nd<\/sup> Coupe<\/strong> June 18 2016, at the Complexe sportif Claude-Robillard pool, in Montr\u00e9al (85 athletes).<\/td>\n<\/tr>\n<tr>\n<td align=\"left\" valign=\"top\"><strong><strong>2014<\/strong><\/strong><\/td>\n<td><strong><strong><strong><strong>21<sup>th<\/sup> Coupe <\/strong><\/strong><\/strong><\/strong>November 22 2014, at the Complexe sportif Claude-Robillard pool, in Montr\u00e9al (281 athletes).<\/td>\n<\/tr>\n<tr>\n<td align=\"left\" valign=\"top\"><strong>2013<\/strong><\/td>\n<td><strong><strong>20<sup>th<\/sup> Coupe <\/strong><\/strong>November 23,24 2013, at the Complexe sportif Claude-Robillard pool, in Montr\u00e9al (389 athletes).<\/td>\n<\/tr>\n<tr>\n<td align=\"left\" valign=\"top\"><strong>2012\u00a0<\/strong><\/td>\n<td><strong>19<sup>th<\/sup> Coupe <\/strong>November 10 2012, at the Complexe sportif Claude-Robillard pool, in Montr\u00e9al (299 athletes).<\/td>\n<\/tr>\n<tr>\n<td align=\"left\" valign=\"top\"><strong>2011\u00a0<\/strong><\/td>\n<td><strong>18<sup>th<\/sup> Coupe <\/strong>November 26 2011, at the Complexe sportif Claude-Robillard pool, in Montr\u00e9al (304 athletes).<\/td>\n<\/tr>\n<tr>\n<td align=\"left\" valign=\"top\"><strong>2010\u00a0<\/strong><\/td>\n<td><strong>17<sup>th<\/sup> Coupe <\/strong>November 20 2010, at the Complexe sportif Claude-Robillard pool, in Montr\u00e9al (308 athletes).<\/td>\n<\/tr>\n<tr>\n<td align=\"left\" valign=\"top\"><strong>2009\u00a0<\/strong><\/td>\n<td><strong>16<sup>th<\/sup> Coupe <\/strong>November 14 2009, at the Complexe sportif Claude-Robillard pool, in Montr\u00e9al (233 athletes).<\/td>\n<\/tr>\n<tr>\n<td align=\"left\" valign=\"top\"><strong>2008\u00a0<\/strong><\/td>\n<td><strong>15<sup>th<\/sup> Coupe <\/strong>November 22 2008, at the C\u00e9gep du Vieux Montr\u00e9al swimming pool, in Montr\u00e9al (196 athletes).<\/td>\n<\/tr>\n<tr>\n<td align=\"left\" valign=\"top\"><strong>2007\u00a0<\/strong><\/td>\n<td><strong>14th Coupe <\/strong>November 23-24 2007, at the Complexe sportif Claude-Robillard pool, in Montr\u00e9al (299 athletes for swimming, 10 for diving and 8 for synchronized swimming).<\/td>\n<\/tr>\n<tr>\n<td align=\"left\" valign=\"top\"><strong>2006\u00a0<\/strong><\/td>\n<td><strong>Montr\u00e9al 2006 &#8211; World 1st Outgames <\/strong>July 30 to August 4, at the Olympic Park pool in Montreal (821 participants).<\/td>\n<\/tr>\n<tr>\n<td align=\"left\" valign=\"top\"><strong>2005\u00a0<\/strong><\/td>\n<td><strong>13<sup>th<\/sup> Coupe <\/strong>November 26 at the Olympic Park pool in Montreal (343 participants).<\/td>\n<\/tr>\n<tr>\n<td align=\"left\" valign=\"top\"><strong>2004\u00a0<\/strong><\/td>\n<td><strong>12<sup>th<\/sup> Coupe <\/strong>November 27 at the Centre Claude-Robillard pool in Montreal (287 participants).<\/td>\n<\/tr>\n<tr>\n<td align=\"left\" valign=\"top\" width=\"100\"><strong>2003\u00a0<\/strong><\/td>\n<td width=\"100%\"><strong>11<sup>th<\/sup> Coupe (<em>Aquarius<\/em>) <\/strong>November 28 to 30 at the Centre Claude-Robillard pool in Montreal (450 athletes: 236 swimmers and 177 water-polo players distributed among 12 water-polo teams).<\/td>\n<\/tr>\n<tr>\n<td align=\"left\" valign=\"top\" width=\"100\"><strong>2002\u00a0<\/strong><\/td>\n<td width=\"100%\"><strong>10<sup>th<\/sup> Coupe (<em>Stade X<\/em>) <\/strong>November 29 to December 1, at the Olympic swimming pool in Montreal (311 participants).<\/td>\n<\/tr>\n<tr>\n<td align=\"left\" valign=\"top\" width=\"100\"><strong>2001\u00a0<\/strong><\/td>\n<td><strong>9<sup>th<\/sup> Coupe <\/strong>November 23 and 24, at the Hochelaga swimming pool in Montreal (271 participants).<\/td>\n<\/tr>\n<tr>\n<td align=\"left\" valign=\"top\" width=\"100\"><strong>2000\u00a0<\/strong><\/td>\n<td><strong>8<sup>th<\/sup> Coupe <\/strong>November 24 and 25, at the Hochelaga swimming pool (202 participants).<\/td>\n<\/tr>\n<tr>\n<td align=\"left\" valign=\"top\" width=\"100\"><strong>1999\u00a0<\/strong><\/td>\n<td><strong>7<sup>th<\/sup> Coupe <\/strong>November 26 to 28, at the Sophie-Barat swimming pool in Montreal (146 participants).<\/td>\n<\/tr>\n<tr>\n<td align=\"left\" valign=\"top\" width=\"100\"><strong>1998\u00a0<\/strong><\/td>\n<td><strong>17<sup>th<\/sup> Manulife Provincial Masters Swimming Championship <\/strong>November 24 to 26 at the Centre Claude-Robillard pool in Montreal (700 participants).<\/td>\n<\/tr>\n<tr>\n<td align=\"left\" valign=\"top\" width=\"100\"><strong>1997\u00a0<\/strong><\/td>\n<td><strong>6<sup>th<\/sup> Coupe (<em>La fontaine de jouvence<\/em>) <\/strong>August 29 to September 1, at the Hochelaga swimming pool (82 participants).<\/td>\n<\/tr>\n<tr>\n<td align=\"left\" valign=\"top\" width=\"100\"><strong>1996\u00a0<\/strong><\/td>\n<td><strong>5<sup>th<\/sup> Coupe (<em>L&#8217;\u00eele aux tr\u00e9sors<\/em>) <\/strong>August 30 to September 2, at the Hochelaga swimming pool (100 participants).<\/td>\n<\/tr>\n<tr>\n<td align=\"left\" valign=\"top\" width=\"100\"><strong>1995\u00a0<\/strong><\/td>\n<td><strong>IGLA 95 (<em>Eau en couleur!<\/em>) <\/strong>October 6 to 8, at the Olympic Park pool (700 participants).<\/td>\n<\/tr>\n<tr>\n<td align=\"left\" valign=\"top\" width=\"100\"><strong>1994\u00a0<\/strong><\/td>\n<td><strong>4<sup>th<\/sup> Coupe (<em>La nouvelle croisade<\/em>) <\/strong>September 2 to 5, at the Hochelaga swimming pool (204 participants).<\/td>\n<\/tr>\n<tr>\n<td align=\"left\" valign=\"top\" width=\"100\"><strong>1993\u00a0<\/strong><\/td>\n<td><strong>3<sup>rd<\/sup> Coupe (<em>La fi\u00e8vre de la jungle<\/em>) <\/strong>September 3 to 5, at the \u00c9douard-Montpetit swimming pool in Montreal (154 participants).<\/td>\n<\/tr>\n<tr>\n<td align=\"left\" valign=\"top\" width=\"100\"><strong>1992\u00a0<\/strong><\/td>\n<td><strong>2<sup>nd<\/sup> Coupe (<em>Montr\u00e9al Odyss\u00e9e 92<\/em>) <\/strong>September 4 to 7, at the Hochelaga swimming pool (80 participants).<\/td>\n<\/tr>\n<tr>\n<td align=\"left\" valign=\"top\" width=\"100\"><strong>1991\u00a0<\/strong><\/td>\n<td><strong>1<sup>st<\/sup> Coupe de Montr\u00e9al (<em>Le diable au corps<\/em>) <\/strong>October 25 to 27, at the Hochelaga swimming pool (61 participants).<\/td>\n<\/tr>\n<\/tbody>\n<\/table>\n","protected":false},"excerpt":{"rendered":"<p>Competitions organized by \u00c0 Contre-Courant Every year since 1991, \u00c0 Contre-Courant has hosted the Coupe de Montr\u00e9al des ma\u00eetres nageurs. Since 1997, this event, which attracts up to 300 participants from fifteen-odd cities across Canada, the United States and even Europe, is held in November. 2016 23rd Coupe November 19 2016, at the Complexe sportif [&hellip;]<\/p>\n","protected":false},"author":8,"featured_media":0,"parent":2049,"menu_order":0,"comment_status":"closed","ping_status":"closed","template":"page-full-width.php","meta":{"_acf_changed":false,"footnotes":""},"class_list":["post-200","page","type-page","status-publish","hentry"],"acf":[],"yoast_head":"<!-- This site is optimized with the Yoast SEO plugin v26.3 - https:\/\/yoast.com\/wordpress\/plugins\/seo\/ -->\n<title>History - \u00c0 Contre Courant<\/title>\n<meta name=\"robots\" content=\"index, follow, max-snippet:-1, max-image-preview:large, max-video-preview:-1\" \/>\n<link rel=\"canonical\" href=\"https:\/\/acontrecourant.qc.ca\/en\/events\/coupe\/history\/\" \/>\n<meta name=\"twitter:label1\" content=\"Est. reading time\" \/>\n\t<meta name=\"twitter:data1\" content=\"2 minutes\" \/>\n<script type=\"application\/ld+json\" class=\"yoast-schema-graph\">{\"@context\":\"https:\/\/schema.org\",\"@graph\":[{\"@type\":\"WebPage\",\"@id\":\"https:\/\/acontrecourant.qc.ca\/en\/events\/coupe\/history\/\",\"url\":\"https:\/\/acontrecourant.qc.ca\/en\/events\/coupe\/history\/\",\"name\":\"History - \u00c0 Contre Courant\",\"isPartOf\":{\"@id\":\"https:\/\/acontrecourant.qc.ca\/en\/#website\"},\"datePublished\":\"2013-07-25T14:51:48+00:00\",\"dateModified\":\"2022-07-31T21:27:41+00:00\",\"breadcrumb\":{\"@id\":\"https:\/\/acontrecourant.qc.ca\/en\/events\/coupe\/history\/#breadcrumb\"},\"inLanguage\":\"en-CA\",\"potentialAction\":[{\"@type\":\"ReadAction\",\"target\":[\"https:\/\/acontrecourant.qc.ca\/en\/events\/coupe\/history\/\"]}]},{\"@type\":\"BreadcrumbList\",\"@id\":\"https:\/\/acontrecourant.qc.ca\/en\/events\/coupe\/history\/#breadcrumb\",\"itemListElement\":[{\"@type\":\"ListItem\",\"position\":1,\"name\":\"Events\",\"item\":\"https:\/\/acontrecourant.qc.ca\/en\/events\/\"},{\"@type\":\"ListItem\",\"position\":2,\"name\":\"Coupe de Montr\u00e9al\",\"item\":\"https:\/\/acontrecourant.qc.ca\/en\/events\/coupe\/\"},{\"@type\":\"ListItem\",\"position\":3,\"name\":\"History\"}]},{\"@type\":\"WebSite\",\"@id\":\"https:\/\/acontrecourant.qc.ca\/en\/#website\",\"url\":\"https:\/\/acontrecourant.qc.ca\/en\/\",\"name\":\"\u00c0 Contre Courant\",\"description\":\"Bienvenue \u00e0 Montr\u00e9al\",\"potentialAction\":[{\"@type\":\"SearchAction\",\"target\":{\"@type\":\"EntryPoint\",\"urlTemplate\":\"https:\/\/acontrecourant.qc.ca\/en\/?s={search_term_string}\"},\"query-input\":{\"@type\":\"PropertyValueSpecification\",\"valueRequired\":true,\"valueName\":\"search_term_string\"}}],\"inLanguage\":\"en-CA\"}]}<\/script>\n<!-- \/ Yoast SEO plugin. -->","yoast_head_json":{"title":"History - \u00c0 Contre Courant","robots":{"index":"index","follow":"follow","max-snippet":"max-snippet:-1","max-image-preview":"max-image-preview:large","max-video-preview":"max-video-preview:-1"},"canonical":"https:\/\/acontrecourant.qc.ca\/en\/events\/coupe\/history\/","twitter_misc":{"Est. reading time":"2 minutes"},"schema":{"@context":"https:\/\/schema.org","@graph":[{"@type":"WebPage","@id":"https:\/\/acontrecourant.qc.ca\/en\/events\/coupe\/history\/","url":"https:\/\/acontrecourant.qc.ca\/en\/events\/coupe\/history\/","name":"History - \u00c0 Contre Courant","isPartOf":{"@id":"https:\/\/acontrecourant.qc.ca\/en\/#website"},"datePublished":"2013-07-25T14:51:48+00:00","dateModified":"2022-07-31T21:27:41+00:00","breadcrumb":{"@id":"https:\/\/acontrecourant.qc.ca\/en\/events\/coupe\/history\/#breadcrumb"},"inLanguage":"en-CA","potentialAction":[{"@type":"ReadAction","target":["https:\/\/acontrecourant.qc.ca\/en\/events\/coupe\/history\/"]}]},{"@type":"BreadcrumbList","@id":"https:\/\/acontrecourant.qc.ca\/en\/events\/coupe\/history\/#breadcrumb","itemListElement":[{"@type":"ListItem","position":1,"name":"Events","item":"https:\/\/acontrecourant.qc.ca\/en\/events\/"},{"@type":"ListItem","position":2,"name":"Coupe de Montr\u00e9al","item":"https:\/\/acontrecourant.qc.ca\/en\/events\/coupe\/"},{"@type":"ListItem","position":3,"name":"History"}]},{"@type":"WebSite","@id":"https:\/\/acontrecourant.qc.ca\/en\/#website","url":"https:\/\/acontrecourant.qc.ca\/en\/","name":"\u00c0 Contre Courant","description":"Bienvenue \u00e0 Montr\u00e9al","potentialAction":[{"@type":"SearchAction","target":{"@type":"EntryPoint","urlTemplate":"https:\/\/acontrecourant.qc.ca\/en\/?s={search_term_string}"},"query-input":{"@type":"PropertyValueSpecification","valueRequired":true,"valueName":"search_term_string"}}],"inLanguage":"en-CA"}]}},"_links":{"self":[{"href":"https:\/\/acontrecourant.qc.ca\/en\/wp-json\/wp\/v2\/pages\/200\/"}],"collection":[{"href":"https:\/\/acontrecourant.qc.ca\/en\/wp-json\/wp\/v2\/pages\/"}],"about":[{"href":"https:\/\/acontrecourant.qc.ca\/en\/wp-json\/wp\/v2\/types\/page\/"}],"author":[{"embeddable":true,"href":"https:\/\/acontrecourant.qc.ca\/en\/wp-json\/wp\/v2\/users\/8\/"}],"replies":[{"embeddable":true,"href":"https:\/\/acontrecourant.qc.ca\/en\/wp-json\/wp\/v2\/comments\/?post=200"}],"version-history":[{"count":15,"href":"https:\/\/acontrecourant.qc.ca\/en\/wp-json\/wp\/v2\/pages\/200\/revisions\/"}],"predecessor-version":[{"id":1894,"href":"https:\/\/acontrecourant.qc.ca\/en\/wp-json\/wp\/v2\/pages\/200\/revisions\/1894\/"}],"up":[{"embeddable":true,"href":"https:\/\/acontrecourant.qc.ca\/en\/wp-json\/wp\/v2\/pages\/2049\/"}],"wp:attachment":[{"href":"https:\/\/acontrecourant.qc.ca\/en\/wp-json\/wp\/v2\/media\/?parent=200"}],"curies":[{"name":"wp","href":"https:\/\/api.w.org\/{rel}","templated":true}]}}