{"id":196,"date":"2013-07-25T10:39:55","date_gmt":"2013-07-25T14:39:55","guid":{"rendered":"http:\/\/acontrecourant.qc.ca\/?page_id=196"},"modified":"2018-09-17T22:45:44","modified_gmt":"2018-09-18T02:45:44","slug":"coupe-2017","status":"publish","type":"page","link":"https:\/\/acontrecourant.qc.ca\/en\/events\/coupe-2017\/","title":{"rendered":"24th Coupe de Montr\u00e9al 2017"},"content":{"rendered":"<p class=\"large-text\"><strong>Complexe sportif Claude-Robillard<br \/>\nNovember 11, 2017<\/strong><\/p>\n<p>The 24<sup>th<\/sup> edition of the <em>Coupe de Montr\u00e9al des ma\u00eetres nageurs<\/em>\u00a0has taken place at the pool of the Complexe sportif Claude-Robillard on November 11, 2017. You can find all details here. Join us next year for the 25th anniversary of the Coupe!<\/p>\n<h2>Results<\/h2>\n<p><a href=\"http:\/\/acontrecourant.qc.ca\/wp-content\/uploads\/pdf\/coupe-nov-2017-liste-resultats.pdf\">Swimm Meet Results, all events, all genders (PDF)<\/a><\/p>\n<h2>Last minute<\/h2>\n<p><a href=\"http:\/\/acontrecourant.qc.ca\/wp-content\/uploads\/pdf\/coupe-nov-2017-programme-officiel.pdf\">Official Program (PDF)<\/a><\/p>\n<p><a href=\"http:\/\/acontrecourant.qc.ca\/wp-content\/uploads\/pdf\/coupe-nov-2017-assignation-officiels-am.pdf\">Referee and Volunteer Assignments &#8211; AM (PDF)<\/a><\/p>\n<p><a href=\"http:\/\/acontrecourant.qc.ca\/wp-content\/uploads\/pdf\/coupe-nov-2017-assignation-officiels-pm.pdf\">Referee and Volunteer Assignments &#8211; PM (PDF)<\/a><\/p>\n<h2>Invitation for November 11<sup>th<\/sup> 2017 meet<\/h2>\n<ul class=\"list-document\">\n<li class=\"word\"><a href=\"http:\/\/acontrecourant.qc.ca\/wp-content\/uploads\/pdf\/coupe-nov-2017-invitation.pdf\">Official invitation (PDF)<\/a><\/li>\n<li class=\"lxf\"><a href=\"http:\/\/acontrecourant.qc.ca\/wp-content\/uploads\/lxf\/coupe-nov-2017.lxf\">Lenex registration file (LXF)<\/a><\/li>\n<li class=\"html\"><a href=\"https:\/\/www.swimming.ca\/ListeDesCompetitions.aspx\">Meet list information on swimming.ca (Lenex file, Lenex registration file upload, invitation)<\/a><\/li>\n<li class=\"word\"><a href=\"http:\/\/acontrecourant.qc.ca\/wp-content\/uploads\/doc\/coupe-nov-2017-inscription-en.doc\">Individual registration form for the meet (for people outside Qu\u00e9bec) or for the dinner party (Word)<\/a> (updated 2017-11-30)<\/li>\n<li class=\"html\"><a href=\"http:\/\/acontrecourant.qc.ca\/wp-content\/uploads\/xlsx\/coupe-nov-2017-inscription-equipe-en.xlsx\">Team registration form for the meet (for people outside Qu\u00e9bec) or for the dinner party (Excel)<\/a> (updated 2017-10-30)<\/li>\n<\/ul>\n<h2><\/h2>\n<h2 align=\"center\">Sponsors 2017<\/h2>\n","protected":false},"excerpt":{"rendered":"<p>Complexe sportif Claude-Robillard November 11, 2017 The 24th edition of the Coupe de Montr\u00e9al des ma\u00eetres nageurs\u00a0has taken place at the pool of the Complexe sportif Claude-Robillard on November 11, 2017. You can find all details here. Join us next year for the 25th anniversary of the Coupe! Results Swimm Meet Results, all events, all [&hellip;]<\/p>\n","protected":false},"author":8,"featured_media":0,"parent":191,"menu_order":0,"comment_status":"closed","ping_status":"closed","template":"","meta":{"_acf_changed":false,"footnotes":""},"class_list":["post-196","page","type-page","status-publish","hentry"],"acf":[],"yoast_head":"<!-- This site is optimized with the Yoast SEO plugin v26.3 - https:\/\/yoast.com\/wordpress\/plugins\/seo\/ -->\n<title>24th Coupe de Montr\u00e9al 2017 - \u00c0 Contre Courant<\/title>\n<meta name=\"robots\" content=\"index, follow, max-snippet:-1, max-image-preview:large, max-video-preview:-1\" \/>\n<link rel=\"canonical\" href=\"https:\/\/acontrecourant.qc.ca\/en\/events\/coupe-2017\/\" \/>\n<meta name=\"twitter:label1\" content=\"Est. reading time\" \/>\n\t<meta name=\"twitter:data1\" content=\"1 minute\" \/>\n<script type=\"application\/ld+json\" class=\"yoast-schema-graph\">{\"@context\":\"https:\/\/schema.org\",\"@graph\":[{\"@type\":\"WebPage\",\"@id\":\"https:\/\/acontrecourant.qc.ca\/en\/events\/coupe-2017\/\",\"url\":\"https:\/\/acontrecourant.qc.ca\/en\/events\/coupe-2017\/\",\"name\":\"24th Coupe de Montr\u00e9al 2017 - \u00c0 Contre Courant\",\"isPartOf\":{\"@id\":\"https:\/\/acontrecourant.qc.ca\/en\/#website\"},\"datePublished\":\"2013-07-25T14:39:55+00:00\",\"dateModified\":\"2018-09-18T02:45:44+00:00\",\"breadcrumb\":{\"@id\":\"https:\/\/acontrecourant.qc.ca\/en\/events\/coupe-2017\/#breadcrumb\"},\"inLanguage\":\"en-CA\",\"potentialAction\":[{\"@type\":\"ReadAction\",\"target\":[\"https:\/\/acontrecourant.qc.ca\/en\/events\/coupe-2017\/\"]}]},{\"@type\":\"BreadcrumbList\",\"@id\":\"https:\/\/acontrecourant.qc.ca\/en\/events\/coupe-2017\/#breadcrumb\",\"itemListElement\":[{\"@type\":\"ListItem\",\"position\":1,\"name\":\"Events\",\"item\":\"https:\/\/acontrecourant.qc.ca\/en\/events\/\"},{\"@type\":\"ListItem\",\"position\":2,\"name\":\"24th Coupe de Montr\u00e9al 2017\"}]},{\"@type\":\"WebSite\",\"@id\":\"https:\/\/acontrecourant.qc.ca\/en\/#website\",\"url\":\"https:\/\/acontrecourant.qc.ca\/en\/\",\"name\":\"\u00c0 Contre Courant\",\"description\":\"Bienvenue \u00e0 Montr\u00e9al\",\"potentialAction\":[{\"@type\":\"SearchAction\",\"target\":{\"@type\":\"EntryPoint\",\"urlTemplate\":\"https:\/\/acontrecourant.qc.ca\/en\/?s={search_term_string}\"},\"query-input\":{\"@type\":\"PropertyValueSpecification\",\"valueRequired\":true,\"valueName\":\"search_term_string\"}}],\"inLanguage\":\"en-CA\"}]}<\/script>\n<!-- \/ Yoast SEO plugin. -->","yoast_head_json":{"title":"24th Coupe de Montr\u00e9al 2017 - \u00c0 Contre Courant","robots":{"index":"index","follow":"follow","max-snippet":"max-snippet:-1","max-image-preview":"max-image-preview:large","max-video-preview":"max-video-preview:-1"},"canonical":"https:\/\/acontrecourant.qc.ca\/en\/events\/coupe-2017\/","twitter_misc":{"Est. reading time":"1 minute"},"schema":{"@context":"https:\/\/schema.org","@graph":[{"@type":"WebPage","@id":"https:\/\/acontrecourant.qc.ca\/en\/events\/coupe-2017\/","url":"https:\/\/acontrecourant.qc.ca\/en\/events\/coupe-2017\/","name":"24th Coupe de Montr\u00e9al 2017 - \u00c0 Contre Courant","isPartOf":{"@id":"https:\/\/acontrecourant.qc.ca\/en\/#website"},"datePublished":"2013-07-25T14:39:55+00:00","dateModified":"2018-09-18T02:45:44+00:00","breadcrumb":{"@id":"https:\/\/acontrecourant.qc.ca\/en\/events\/coupe-2017\/#breadcrumb"},"inLanguage":"en-CA","potentialAction":[{"@type":"ReadAction","target":["https:\/\/acontrecourant.qc.ca\/en\/events\/coupe-2017\/"]}]},{"@type":"BreadcrumbList","@id":"https:\/\/acontrecourant.qc.ca\/en\/events\/coupe-2017\/#breadcrumb","itemListElement":[{"@type":"ListItem","position":1,"name":"Events","item":"https:\/\/acontrecourant.qc.ca\/en\/events\/"},{"@type":"ListItem","position":2,"name":"24th Coupe de Montr\u00e9al 2017"}]},{"@type":"WebSite","@id":"https:\/\/acontrecourant.qc.ca\/en\/#website","url":"https:\/\/acontrecourant.qc.ca\/en\/","name":"\u00c0 Contre Courant","description":"Bienvenue \u00e0 Montr\u00e9al","potentialAction":[{"@type":"SearchAction","target":{"@type":"EntryPoint","urlTemplate":"https:\/\/acontrecourant.qc.ca\/en\/?s={search_term_string}"},"query-input":{"@type":"PropertyValueSpecification","valueRequired":true,"valueName":"search_term_string"}}],"inLanguage":"en-CA"}]}},"_links":{"self":[{"href":"https:\/\/acontrecourant.qc.ca\/en\/wp-json\/wp\/v2\/pages\/196\/"}],"collection":[{"href":"https:\/\/acontrecourant.qc.ca\/en\/wp-json\/wp\/v2\/pages\/"}],"about":[{"href":"https:\/\/acontrecourant.qc.ca\/en\/wp-json\/wp\/v2\/types\/page\/"}],"author":[{"embeddable":true,"href":"https:\/\/acontrecourant.qc.ca\/en\/wp-json\/wp\/v2\/users\/8\/"}],"replies":[{"embeddable":true,"href":"https:\/\/acontrecourant.qc.ca\/en\/wp-json\/wp\/v2\/comments\/?post=196"}],"version-history":[{"count":82,"href":"https:\/\/acontrecourant.qc.ca\/en\/wp-json\/wp\/v2\/pages\/196\/revisions\/"}],"predecessor-version":[{"id":2048,"href":"https:\/\/acontrecourant.qc.ca\/en\/wp-json\/wp\/v2\/pages\/196\/revisions\/2048\/"}],"up":[{"embeddable":true,"href":"https:\/\/acontrecourant.qc.ca\/en\/wp-json\/wp\/v2\/pages\/191\/"}],"wp:attachment":[{"href":"https:\/\/acontrecourant.qc.ca\/en\/wp-json\/wp\/v2\/media\/?parent=196"}],"curies":[{"name":"wp","href":"https:\/\/api.w.org\/{rel}","templated":true}]}}