{"id":181,"date":"2013-07-19T20:26:57","date_gmt":"2013-07-19T20:26:57","guid":{"rendered":"http:\/\/acontrecourant.qc.ca\/?page_id=181"},"modified":"2021-11-03T23:45:53","modified_gmt":"2021-11-04T03:45:53","slug":"181-2","status":"publish","type":"page","link":"https:\/\/acontrecourant.qc.ca\/en\/","title":{"rendered":"Home"},"content":{"rendered":"<div class=\"rangee-accueil\">\n<div class=\"block-accueil\"><div class=\"content_block\" id=\"custom_post_widget-747\"><h2><a title=\"Who are we?\" href=\"http:\/\/acontrecourant.qc.ca\/en\/information\/\">Who are we?<\/a><\/h2>\n<p><img loading=\"lazy\" decoding=\"async\" class=\"alignleft size-full wp-image-914\" alt=\"qui\" src=\"http:\/\/acontrecourant.qc.ca\/wp-content\/uploads\/png\/qui.png\" width=\"80\" height=\"60\" \/><strong>\u00c0 Contre-Courant<\/strong> is Montreal\u2019s gay and lesbian masters\u2019 swim club. Besides swimming, it offers its members water polo and synchronized swimming. These activities are open to all adults, regardless of age, gender, sexual orientation or level of athletic performance.<\/p>\n<\/div><\/div>\n<div class=\"block-accueil\"><div class=\"content_block\" id=\"custom_post_widget-762\"><h2><a title=\"Schedule and Pools\" href=\"http:\/\/acontrecourant.qc.ca\/en\/information\/schedule\/\">Schedules and pools<\/a><\/h2>\n<p><img loading=\"lazy\" decoding=\"async\" class=\"alignleft size-full wp-image-913\" alt=\"calendrier\" src=\"http:\/\/acontrecourant.qc.ca\/wp-content\/uploads\/png\/calendrier.png\" width=\"80\" height=\"60\" \/>All of \u00c0 Contre-Courant\u2019s workouts normally take place at the swimming pool of the <strong>C\u00e9gep du Vieux-Montr\u00e9al<\/strong>, located at <a class=\"lien-externe\" href=\"http:\/\/bit.ly\/Zsk7J\">255 Ontario St. East<\/a> (corner Sanguinet), in Montreal (Sherbrooke or Berri-UQAM metro stations).<\/p>\n<\/div><\/div>\n<\/div>\n<div class=\"rangee-accueil\">\n<div class=\"block-accueil\"><div class=\"content_block\" id=\"custom_post_widget-759\"><h2><a title=\"Membership\" href=\"http:\/\/acontrecourant.qc.ca\/en\/information\/registration\/\">Membership<\/a><\/h2>\n<p><img loading=\"lazy\" decoding=\"async\" class=\"alignleft size-full wp-image-916\" src=\"http:\/\/acontrecourant.qc.ca\/wp-content\/uploads\/png\/adhesion.png\" alt=\"adhesion\" width=\"80\" height=\"60\" \/> You don\u2019t have to be a champion to participate in \u00c0 Contre-Courant\u2019s training sessions: we cater to every level of performance. Our year is divided into three sessions (fall, winter, summer), but you can start anytime. \u00a0And our membership fees are very competitive.<\/p>\n<\/div><\/div>\n<div class=\"block-accueil\"><div class=\"content_block\" id=\"custom_post_widget-778\"><h2>Visiting Montreal?<\/h2>\n<p><img loading=\"lazy\" decoding=\"async\" class=\"alignleft size-full wp-image-912\" src=\"http:\/\/acontrecourant.qc.ca\/wp-content\/uploads\/png\/visite.png\" alt=\"visite\" width=\"80\" height=\"60\" \/>You&#8217;re in Montreal for a few days or more and don&#8217;t want to interrupt your swimming workouts? Why not swim with us! <a href=\"http:\/\/acontrecourant.qc.ca\/en\/information\/registration\/\">Read more&#8230;<\/a><\/p>\n<\/div><\/div>\n<\/div>\n<div class=\"rangee-accueil\">\n<!-- \n\n<div class=\"block-accueil\">[content_block id=766]<\/div>\n\n --><\/p>\n<div class=\"block-accueil\"><div class=\"content_block\" id=\"custom_post_widget-3270\"><h2><a title=\"Coupe de Montr\u00e9al\" href=\"http:\/\/acontrecourant.qc.ca\/en\/events\/coupe\/\">Coupe de Montr\u00e9al<\/a><\/h2>\n<p><img loading=\"lazy\" decoding=\"async\" class=\"alignleft size-full wp-image-915\" src=\"http:\/\/acontrecourant.qc.ca\/wp-content\/uploads\/png\/coupe.png\" alt=\"coupe\" width=\"80\" height=\"60\" \/><\/p>\n<p id=\"tw-target-text\" class=\"tw-data-text tw-text-large tw-ta\" dir=\"ltr\" data-placeholder=\"Traduction\"><span class=\"Y2IQFc\" lang=\"en\">Save the date! The 30th Coupe de Montr\u00e9al will take place on February 21, 2026 at the Claude Robillard center pool. All useful information will be communicated to you shortly. Looking forward to see you there!<\/span><\/p>\n<\/div><\/div>\n<\/div>\n","protected":false},"excerpt":{"rendered":"","protected":false},"author":8,"featured_media":0,"parent":0,"menu_order":0,"comment_status":"closed","ping_status":"closed","template":"page-full-width.php","meta":{"_acf_changed":false,"footnotes":""},"class_list":["post-181","page","type-page","status-publish","hentry"],"acf":[],"yoast_head":"<!-- This site is optimized with the Yoast SEO plugin v26.3 - https:\/\/yoast.com\/wordpress\/plugins\/seo\/ -->\n<title>Masters&#039; aquatic club in Montr\u00e9al - swimming, water-polo and synchronized swimming | \u00c0 Contre-Courant<\/title>\n<meta name=\"robots\" content=\"index, follow, max-snippet:-1, max-image-preview:large, max-video-preview:-1\" \/>\n<link rel=\"canonical\" href=\"https:\/\/acontrecourant.qc.ca\/en\/\" \/>\n<script type=\"application\/ld+json\" class=\"yoast-schema-graph\">{\"@context\":\"https:\/\/schema.org\",\"@graph\":[{\"@type\":\"WebPage\",\"@id\":\"https:\/\/acontrecourant.qc.ca\/en\/\",\"url\":\"https:\/\/acontrecourant.qc.ca\/en\/\",\"name\":\"Masters' aquatic club in Montr\u00e9al - swimming, water-polo and synchronized swimming | \u00c0 Contre-Courant\",\"isPartOf\":{\"@id\":\"https:\/\/acontrecourant.qc.ca\/en\/#website\"},\"datePublished\":\"2013-07-19T20:26:57+00:00\",\"dateModified\":\"2021-11-04T03:45:53+00:00\",\"inLanguage\":\"en-CA\",\"potentialAction\":[{\"@type\":\"ReadAction\",\"target\":[\"https:\/\/acontrecourant.qc.ca\/en\/\"]}]},{\"@type\":\"WebSite\",\"@id\":\"https:\/\/acontrecourant.qc.ca\/en\/#website\",\"url\":\"https:\/\/acontrecourant.qc.ca\/en\/\",\"name\":\"\u00c0 Contre Courant\",\"description\":\"Bienvenue \u00e0 Montr\u00e9al\",\"potentialAction\":[{\"@type\":\"SearchAction\",\"target\":{\"@type\":\"EntryPoint\",\"urlTemplate\":\"https:\/\/acontrecourant.qc.ca\/en\/?s={search_term_string}\"},\"query-input\":{\"@type\":\"PropertyValueSpecification\",\"valueRequired\":true,\"valueName\":\"search_term_string\"}}],\"inLanguage\":\"en-CA\"}]}<\/script>\n<!-- \/ Yoast SEO plugin. -->","yoast_head_json":{"title":"Masters' aquatic club in Montr\u00e9al - swimming, water-polo and synchronized swimming | \u00c0 Contre-Courant","robots":{"index":"index","follow":"follow","max-snippet":"max-snippet:-1","max-image-preview":"max-image-preview:large","max-video-preview":"max-video-preview:-1"},"canonical":"https:\/\/acontrecourant.qc.ca\/en\/","schema":{"@context":"https:\/\/schema.org","@graph":[{"@type":"WebPage","@id":"https:\/\/acontrecourant.qc.ca\/en\/","url":"https:\/\/acontrecourant.qc.ca\/en\/","name":"Masters' aquatic club in Montr\u00e9al - swimming, water-polo and synchronized swimming | \u00c0 Contre-Courant","isPartOf":{"@id":"https:\/\/acontrecourant.qc.ca\/en\/#website"},"datePublished":"2013-07-19T20:26:57+00:00","dateModified":"2021-11-04T03:45:53+00:00","inLanguage":"en-CA","potentialAction":[{"@type":"ReadAction","target":["https:\/\/acontrecourant.qc.ca\/en\/"]}]},{"@type":"WebSite","@id":"https:\/\/acontrecourant.qc.ca\/en\/#website","url":"https:\/\/acontrecourant.qc.ca\/en\/","name":"\u00c0 Contre Courant","description":"Bienvenue \u00e0 Montr\u00e9al","potentialAction":[{"@type":"SearchAction","target":{"@type":"EntryPoint","urlTemplate":"https:\/\/acontrecourant.qc.ca\/en\/?s={search_term_string}"},"query-input":{"@type":"PropertyValueSpecification","valueRequired":true,"valueName":"search_term_string"}}],"inLanguage":"en-CA"}]}},"_links":{"self":[{"href":"https:\/\/acontrecourant.qc.ca\/en\/wp-json\/wp\/v2\/pages\/181\/"}],"collection":[{"href":"https:\/\/acontrecourant.qc.ca\/en\/wp-json\/wp\/v2\/pages\/"}],"about":[{"href":"https:\/\/acontrecourant.qc.ca\/en\/wp-json\/wp\/v2\/types\/page\/"}],"author":[{"embeddable":true,"href":"https:\/\/acontrecourant.qc.ca\/en\/wp-json\/wp\/v2\/users\/8\/"}],"replies":[{"embeddable":true,"href":"https:\/\/acontrecourant.qc.ca\/en\/wp-json\/wp\/v2\/comments\/?post=181"}],"version-history":[{"count":25,"href":"https:\/\/acontrecourant.qc.ca\/en\/wp-json\/wp\/v2\/pages\/181\/revisions\/"}],"predecessor-version":[{"id":3272,"href":"https:\/\/acontrecourant.qc.ca\/en\/wp-json\/wp\/v2\/pages\/181\/revisions\/3272\/"}],"wp:attachment":[{"href":"https:\/\/acontrecourant.qc.ca\/en\/wp-json\/wp\/v2\/media\/?parent=181"}],"curies":[{"name":"wp","href":"https:\/\/api.w.org\/{rel}","templated":true}]}}