{"id":1246,"date":"2014-04-05T16:11:41","date_gmt":"2014-04-05T20:11:41","guid":{"rendered":"http:\/\/acontrecourant.qc.ca\/?page_id=1246"},"modified":"2025-11-15T10:50:45","modified_gmt":"2025-11-15T15:50:45","slug":"registering-newsletter","status":"publish","type":"page","link":"https:\/\/acontrecourant.qc.ca\/en\/member-zone\/registering-newsletter\/","title":{"rendered":"Registering to l\u2019eAU COURANTe"},"content":{"rendered":"<p>\u201ceAU COURANTe\u201d is the name of our team\u2019s newsletter, which is now sent through the <a class=\"lien-externe\" href=\"http:\/\/mailchimp.com\/\">MailChimp<\/a> service. It is published weekly, usually on Thursday nights. Special editions are also published occasionally, when there is urgent need to communicate important information (for instance, a last minute closing of the pool). To register and receive the newsletter, please fill out the form below. If you change your email address at some point in the future, you can register with your old email address and MailChimp will prompt you to change your profile information.<\/p>\n<p>Please note: The first emails you will receive from MailChimp might end up in your spam inbox\u2026<\/p>\n<script>(function() {\n\twindow.mc4wp = window.mc4wp || {\n\t\tlisteners: [],\n\t\tforms: {\n\t\t\ton: function(evt, cb) {\n\t\t\t\twindow.mc4wp.listeners.push(\n\t\t\t\t\t{\n\t\t\t\t\t\tevent   : evt,\n\t\t\t\t\t\tcallback: cb\n\t\t\t\t\t}\n\t\t\t\t);\n\t\t\t}\n\t\t}\n\t}\n})();\n<\/script><!-- Mailchimp for WordPress v4.10.8 - https:\/\/wordpress.org\/plugins\/mailchimp-for-wp\/ --><form id=\"mc4wp-form-1\" class=\"mc4wp-form mc4wp-form-4796 mc4wp-form-theme mc4wp-form-theme-light\" method=\"post\" data-id=\"4796\" data-name=\"Inscription\" ><div class=\"mc4wp-form-fields\"><p>\r\n    <label>Adresse courriel \/ Email Address<\/label>\r\n    <input type=\"email\" name=\"EMAIL\" placeholder=\"Votre adresse courriel\"\r\n    required=\"\">\r\n<\/p>\r\n\r\n<p>\r\n    <label>Pr\u00e9nom \/ First Name<\/label>\r\n    <input type=\"text\" name=\"FNAME\">\r\n<\/p>\r\n<p>\r\n    <label>Nom \/ Last Name<\/label>\r\n    <input type=\"text\" name=\"LNAME\">\r\n<\/p>\r\n<p>\r\n    <label>Liste \/ List<\/label>\r\n    <label style=\"display:flex;\">\r\n        <input type=\"checkbox\" name=\"INTERESTS[fd05dc373a][]\" value=\"252f4124b4\"> <span>Water-polo<\/span>\r\n    <\/label>\r\n    <label style=\"display:flex;\">\r\n        <input type=\"checkbox\" name=\"INTERESTS[fd05dc373a][]\" value=\"7738574c89\"> <span>Natation \/ Swimming<\/span>\r\n    <\/label>\r\n<\/p>\r\n\r\n<mc4wp-procaptcha class=\"mc4wp-procaptcha\" style=\"display: block;\"><div class=\"mc4wp-procaptcha__captcha\"><\/div><p class=\"mc4wp-procaptcha__validation-error\" style=\"visibility: hidden;color:red;line-height:1;font-size: 12px;padding: 7px 0 10px 10px;margin:0;\">Please verify that you are human.<\/p><\/mc4wp-procaptcha>\r\n\r\n<p>\r\n\t<input type=\"submit\" value=\"S'inscrire \/ Sign Up\">\r\n<\/p><\/div><label style=\"display: none !important;\">Leave this field empty if you're human: <input type=\"text\" name=\"_mc4wp_honeypot\" value=\"\" tabindex=\"-1\" autocomplete=\"off\" \/><\/label><input type=\"hidden\" name=\"_mc4wp_timestamp\" value=\"1775770796\" \/><input type=\"hidden\" name=\"_mc4wp_form_id\" value=\"4796\" \/><input type=\"hidden\" name=\"_mc4wp_form_element_id\" value=\"mc4wp-form-1\" \/><div class=\"mc4wp-response\"><\/div><\/form><!-- \/ Mailchimp for WordPress Plugin -->\n","protected":false},"excerpt":{"rendered":"<p>\u201ceAU COURANTe\u201d is the name of our team\u2019s newsletter, which is now sent through the MailChimp service. It is published weekly, usually on Thursday nights. Special editions are also published occasionally, when there is urgent need to communicate important information (for instance, a last minute closing of the pool). To register and receive the newsletter, [&hellip;]<\/p>\n","protected":false},"author":8,"featured_media":0,"parent":233,"menu_order":0,"comment_status":"closed","ping_status":"closed","template":"page-full-width.php","meta":{"_acf_changed":false,"footnotes":""},"class_list":["post-1246","page","type-page","status-publish","hentry"],"acf":[],"yoast_head":"<!-- This site is optimized with the Yoast SEO plugin v26.3 - https:\/\/yoast.com\/wordpress\/plugins\/seo\/ -->\n<title>Registering to l\u2019eAU COURANTe - \u00c0 Contre Courant<\/title>\n<meta name=\"robots\" content=\"index, follow, max-snippet:-1, max-image-preview:large, max-video-preview:-1\" \/>\n<link rel=\"canonical\" href=\"https:\/\/acontrecourant.qc.ca\/en\/member-zone\/registering-newsletter\/\" \/>\n<meta name=\"twitter:label1\" content=\"Est. reading time\" \/>\n\t<meta name=\"twitter:data1\" content=\"1 minute\" \/>\n<script type=\"application\/ld+json\" class=\"yoast-schema-graph\">{\"@context\":\"https:\/\/schema.org\",\"@graph\":[{\"@type\":\"WebPage\",\"@id\":\"https:\/\/acontrecourant.qc.ca\/en\/member-zone\/registering-newsletter\/\",\"url\":\"https:\/\/acontrecourant.qc.ca\/en\/member-zone\/registering-newsletter\/\",\"name\":\"Registering to l\u2019eAU COURANTe - \u00c0 Contre Courant\",\"isPartOf\":{\"@id\":\"https:\/\/acontrecourant.qc.ca\/en\/#website\"},\"datePublished\":\"2014-04-05T20:11:41+00:00\",\"dateModified\":\"2025-11-15T15:50:45+00:00\",\"breadcrumb\":{\"@id\":\"https:\/\/acontrecourant.qc.ca\/en\/member-zone\/registering-newsletter\/#breadcrumb\"},\"inLanguage\":\"en-CA\",\"potentialAction\":[{\"@type\":\"ReadAction\",\"target\":[\"https:\/\/acontrecourant.qc.ca\/en\/member-zone\/registering-newsletter\/\"]}]},{\"@type\":\"BreadcrumbList\",\"@id\":\"https:\/\/acontrecourant.qc.ca\/en\/member-zone\/registering-newsletter\/#breadcrumb\",\"itemListElement\":[{\"@type\":\"ListItem\",\"position\":1,\"name\":\"For members\",\"item\":\"https:\/\/acontrecourant.qc.ca\/en\/member-zone\/\"},{\"@type\":\"ListItem\",\"position\":2,\"name\":\"Registering to l\u2019eAU COURANTe\"}]},{\"@type\":\"WebSite\",\"@id\":\"https:\/\/acontrecourant.qc.ca\/en\/#website\",\"url\":\"https:\/\/acontrecourant.qc.ca\/en\/\",\"name\":\"\u00c0 Contre Courant\",\"description\":\"Bienvenue \u00e0 Montr\u00e9al\",\"potentialAction\":[{\"@type\":\"SearchAction\",\"target\":{\"@type\":\"EntryPoint\",\"urlTemplate\":\"https:\/\/acontrecourant.qc.ca\/en\/?s={search_term_string}\"},\"query-input\":{\"@type\":\"PropertyValueSpecification\",\"valueRequired\":true,\"valueName\":\"search_term_string\"}}],\"inLanguage\":\"en-CA\"}]}<\/script>\n<!-- \/ Yoast SEO plugin. -->","yoast_head_json":{"title":"Registering to l\u2019eAU COURANTe - \u00c0 Contre Courant","robots":{"index":"index","follow":"follow","max-snippet":"max-snippet:-1","max-image-preview":"max-image-preview:large","max-video-preview":"max-video-preview:-1"},"canonical":"https:\/\/acontrecourant.qc.ca\/en\/member-zone\/registering-newsletter\/","twitter_misc":{"Est. reading time":"1 minute"},"schema":{"@context":"https:\/\/schema.org","@graph":[{"@type":"WebPage","@id":"https:\/\/acontrecourant.qc.ca\/en\/member-zone\/registering-newsletter\/","url":"https:\/\/acontrecourant.qc.ca\/en\/member-zone\/registering-newsletter\/","name":"Registering to l\u2019eAU COURANTe - \u00c0 Contre Courant","isPartOf":{"@id":"https:\/\/acontrecourant.qc.ca\/en\/#website"},"datePublished":"2014-04-05T20:11:41+00:00","dateModified":"2025-11-15T15:50:45+00:00","breadcrumb":{"@id":"https:\/\/acontrecourant.qc.ca\/en\/member-zone\/registering-newsletter\/#breadcrumb"},"inLanguage":"en-CA","potentialAction":[{"@type":"ReadAction","target":["https:\/\/acontrecourant.qc.ca\/en\/member-zone\/registering-newsletter\/"]}]},{"@type":"BreadcrumbList","@id":"https:\/\/acontrecourant.qc.ca\/en\/member-zone\/registering-newsletter\/#breadcrumb","itemListElement":[{"@type":"ListItem","position":1,"name":"For members","item":"https:\/\/acontrecourant.qc.ca\/en\/member-zone\/"},{"@type":"ListItem","position":2,"name":"Registering to l\u2019eAU COURANTe"}]},{"@type":"WebSite","@id":"https:\/\/acontrecourant.qc.ca\/en\/#website","url":"https:\/\/acontrecourant.qc.ca\/en\/","name":"\u00c0 Contre Courant","description":"Bienvenue \u00e0 Montr\u00e9al","potentialAction":[{"@type":"SearchAction","target":{"@type":"EntryPoint","urlTemplate":"https:\/\/acontrecourant.qc.ca\/en\/?s={search_term_string}"},"query-input":{"@type":"PropertyValueSpecification","valueRequired":true,"valueName":"search_term_string"}}],"inLanguage":"en-CA"}]}},"_links":{"self":[{"href":"https:\/\/acontrecourant.qc.ca\/en\/wp-json\/wp\/v2\/pages\/1246\/"}],"collection":[{"href":"https:\/\/acontrecourant.qc.ca\/en\/wp-json\/wp\/v2\/pages\/"}],"about":[{"href":"https:\/\/acontrecourant.qc.ca\/en\/wp-json\/wp\/v2\/types\/page\/"}],"author":[{"embeddable":true,"href":"https:\/\/acontrecourant.qc.ca\/en\/wp-json\/wp\/v2\/users\/8\/"}],"replies":[{"embeddable":true,"href":"https:\/\/acontrecourant.qc.ca\/en\/wp-json\/wp\/v2\/comments\/?post=1246"}],"version-history":[{"count":12,"href":"https:\/\/acontrecourant.qc.ca\/en\/wp-json\/wp\/v2\/pages\/1246\/revisions\/"}],"predecessor-version":[{"id":4799,"href":"https:\/\/acontrecourant.qc.ca\/en\/wp-json\/wp\/v2\/pages\/1246\/revisions\/4799\/"}],"up":[{"embeddable":true,"href":"https:\/\/acontrecourant.qc.ca\/en\/wp-json\/wp\/v2\/pages\/233\/"}],"wp:attachment":[{"href":"https:\/\/acontrecourant.qc.ca\/en\/wp-json\/wp\/v2\/media\/?parent=1246"}],"curies":[{"name":"wp","href":"https:\/\/api.w.org\/{rel}","templated":true}]}}